{"id":406044,"date":"2026-04-05T14:53:41","date_gmt":"2026-04-05T12:53:41","guid":{"rendered":"https:\/\/bogensportdiscount.ch\/produkt\/okulus-feather-vision-verde-plus-scope-lens-diopter-1-00\/"},"modified":"2026-04-17T13:46:54","modified_gmt":"2026-04-17T11:46:54","slug":"shibuya-okulus-feather-vision-zielfernrohr-linse","status":"publish","type":"product","link":"https:\/\/bogensportdiscount.ch\/fr\/produit\/shibuya-okulus-feather-vision-zielfernrohr-linse\/","title":{"rendered":"SHIBUYA OKULUS FEATHER VISION"},"content":{"rendered":"<p>Die Shibuya Okulus Feather Vision ist eine Scope-Linse, die f\u00fcr Compound-Visiere konzipiert wurde. Sie wird in die Scope-Halterung des Visiers eingesetzt und verbessert die Zielgenauigkeit durch ein optimiertes Sichtfeld.<\/p>\n<p>Feather Vision ist ein bekannter Hersteller von hochwertigen Scope-Linsen im Bogensport. Die Okulus-Linse ist f\u00fcr den Einsatz im Wettkampf- und Freizeitbereich geeignet.<\/p>\n<ul>\n<li>Compound-Scope-Linse f\u00fcr Bogensport-Visiere<\/li>\n<li>Marke: Shibuya x Feather Vision<\/li>\n<li>Herkunft: USA<\/li>\n<\/ul>","protected":false},"excerpt":{"rendered":"<p>Die Shibuya Okulus Feather Vision ist eine Compound-Scope-Linse f\u00fcr den Einsatz an Compound-Visieren. Sie eignet sich f\u00fcr Bogensch\u00fctzen, die ein klares und scharfes Zielbild ben\u00f6tigen. Hergestellt in den USA.<\/p>","protected":false},"featured_media":452681,"comment_status":"open","ping_status":"closed","template":"","meta":[],"product_brand":[496],"product_cat":[4248],"product_tag":[],"class_list":{"0":"post-406044","1":"product","2":"type-product","3":"status-publish","4":"has-post-thumbnail","6":"product_brand-shibuya","7":"product_cat-linsen-compound-scope","9":"first","10":"instock","11":"shipping-taxable","12":"purchasable","13":"product-type-variable"},"_links":{"self":[{"href":"https:\/\/bogensportdiscount.ch\/fr\/wp-json\/wp\/v2\/product\/406044","targetHints":{"allow":["GET"]}}],"collection":[{"href":"https:\/\/bogensportdiscount.ch\/fr\/wp-json\/wp\/v2\/product"}],"about":[{"href":"https:\/\/bogensportdiscount.ch\/fr\/wp-json\/wp\/v2\/types\/product"}],"replies":[{"embeddable":true,"href":"https:\/\/bogensportdiscount.ch\/fr\/wp-json\/wp\/v2\/comments?post=406044"}],"wp:featuredmedia":[{"embeddable":true,"href":"https:\/\/bogensportdiscount.ch\/fr\/wp-json\/wp\/v2\/media\/452681"}],"wp:attachment":[{"href":"https:\/\/bogensportdiscount.ch\/fr\/wp-json\/wp\/v2\/media?parent=406044"}],"wp:term":[{"taxonomy":"product_brand","embeddable":true,"href":"https:\/\/bogensportdiscount.ch\/fr\/wp-json\/wp\/v2\/product_brand?post=406044"},{"taxonomy":"product_cat","embeddable":true,"href":"https:\/\/bogensportdiscount.ch\/fr\/wp-json\/wp\/v2\/product_cat?post=406044"},{"taxonomy":"product_tag","embeddable":true,"href":"https:\/\/bogensportdiscount.ch\/fr\/wp-json\/wp\/v2\/product_tag?post=406044"}],"curies":[{"name":"wp","href":"https:\/\/api.w.org\/{rel}","templated":true}]}}