{"id":406026,"date":"2026-04-05T14:53:38","date_gmt":"2026-04-05T12:53:38","guid":{"rendered":"https:\/\/bogensportdiscount.ch\/produkt\/hand-style-blade-pro-flex-3-finger-thumb-trigger-lrg-black-quicks\/"},"modified":"2026-04-17T13:46:54","modified_gmt":"2026-04-17T11:46:54","slug":"truball-hand-style-release-blade-pro-flex-3-finger-daumenausloeser","status":"publish","type":"product","link":"https:\/\/bogensportdiscount.ch\/fr\/produit\/truball-hand-style-release-blade-pro-flex-3-finger-daumenausloeser\/","title":{"rendered":"TRUBALL HAND STYLE LAME PRO FLEX 3 FINGER THUMB TRIGGER"},"content":{"rendered":"<p>Der TRUBALL Blade Pro Flex ist ein Hand-Style Trigger-Release f\u00fcr Compoundb\u00f6gen. Das Modell verf\u00fcgt \u00fcber einen ergonomischen 3-Finger-Griff und wird per Daumen ausgel\u00f6st, was eine pr\u00e4zise und reproduzierbare Schussausl\u00f6sung erm\u00f6glicht.<\/p>\n<p>Hand-Style Releases dieser Bauart werden direkt in der Hand gehalten und bieten gegen\u00fcber Wrist-Strap-Releases mehr Flexibilit\u00e4t beim Griff. Der Daumenausl\u00f6ser (Thumb Trigger) erlaubt eine kontrollierte Ausl\u00f6sung ohne Beeinflussung des Zugarms.<\/p>\n<ul>\n<li>3-Finger Hand-Style Griff<\/li>\n<li>Ausl\u00f6sung per Daumentrigger<\/li>\n<li>Erh\u00e4ltlich in 5 Farben: Schwarz, Blau, Lila, Rot, Silber<\/li>\n<li>Fabriqu\u00e9 aux \u00c9tats-Unis<\/li>\n<\/ul>","protected":false},"excerpt":{"rendered":"<p>Der TRUBALL Blade Pro Flex ist ein Hand-Style Release mit 3-Finger-Griff und Daumenausl\u00f6ser. Er ist in den Farben Schwarz, Blau, Lila, Rot und Silber erh\u00e4ltlich und wurde in den USA gefertigt.<\/p>","protected":false},"featured_media":450851,"comment_status":"open","ping_status":"closed","template":"","meta":[],"product_brand":[578],"product_cat":[4209],"product_tag":[],"class_list":{"0":"post-406026","1":"product","2":"type-product","3":"status-publish","4":"has-post-thumbnail","6":"product_brand-truball","7":"product_cat-thumb-releases","9":"first","10":"instock","11":"shipping-taxable","12":"purchasable","13":"product-type-variable"},"_links":{"self":[{"href":"https:\/\/bogensportdiscount.ch\/fr\/wp-json\/wp\/v2\/product\/406026","targetHints":{"allow":["GET"]}}],"collection":[{"href":"https:\/\/bogensportdiscount.ch\/fr\/wp-json\/wp\/v2\/product"}],"about":[{"href":"https:\/\/bogensportdiscount.ch\/fr\/wp-json\/wp\/v2\/types\/product"}],"replies":[{"embeddable":true,"href":"https:\/\/bogensportdiscount.ch\/fr\/wp-json\/wp\/v2\/comments?post=406026"}],"wp:featuredmedia":[{"embeddable":true,"href":"https:\/\/bogensportdiscount.ch\/fr\/wp-json\/wp\/v2\/media\/450851"}],"wp:attachment":[{"href":"https:\/\/bogensportdiscount.ch\/fr\/wp-json\/wp\/v2\/media?parent=406026"}],"wp:term":[{"taxonomy":"product_brand","embeddable":true,"href":"https:\/\/bogensportdiscount.ch\/fr\/wp-json\/wp\/v2\/product_brand?post=406026"},{"taxonomy":"product_cat","embeddable":true,"href":"https:\/\/bogensportdiscount.ch\/fr\/wp-json\/wp\/v2\/product_cat?post=406026"},{"taxonomy":"product_tag","embeddable":true,"href":"https:\/\/bogensportdiscount.ch\/fr\/wp-json\/wp\/v2\/product_tag?post=406026"}],"curies":[{"name":"wp","href":"https:\/\/api.w.org\/{rel}","templated":true}]}}