{"id":405953,"date":"2026-04-05T14:53:30","date_gmt":"2026-04-05T12:53:30","guid":{"rendered":"https:\/\/bogensportdiscount.ch\/produkt\/acs-carbon-upper-stabilizer-blue\/"},"modified":"2026-05-14T15:26:20","modified_gmt":"2026-05-14T13:26:20","slug":"wiawis-acs-carbon-oberstabilisator","status":"publish","type":"product","link":"https:\/\/bogensportdiscount.ch\/fr\/produit\/wiawis-acs-carbon-oberstabilisator\/","title":{"rendered":"WIAWIS ACS CARBON STABILISATEUR SUP\u00c9RIEUR"},"content":{"rendered":"<p>Le stabilisateur sup\u00e9rieur WIAWIS ACS Carbon compl\u00e8te le syst\u00e8me de stabilisation sur l'arc classique et contribue \u00e0 l'\u00e9quilibre ainsi qu'\u00e0 l'amortissement des vibrations. L'utilisation de mat\u00e9riaux en carbone lui conf\u00e8re une rigidit\u00e9 \u00e9lev\u00e9e pour un poids r\u00e9duit.<\/p>\n<p>Le stabilisateur sup\u00e9rieur est mont\u00e9 sur le raccord sup\u00e9rieur de l'arc et fonctionne en association avec les stabilisateurs lat\u00e9raux et frontaux pour garantir un alignement et une stabilit\u00e9 optimaux lors du processus de tir.<\/p>\n<ul>\n<li>Mat\u00e9riau : carbone<\/li>\n<li>Utilisation : stabilisateur sup\u00e9rieur (Upper Stabilizer)<\/li>\n<li>Disponible en : noir, bleu, or, rouge, argent<\/li>\n<li>Convient pour le tir \u00e0 l'arc classique orient\u00e9 comp\u00e9tition<\/li>\n<\/ul>","protected":false},"excerpt":{"rendered":"<table>\n<tr>\n<th>Propri\u00e9t\u00e9<\/th>\n<th>Valeur<\/th>\n<\/tr>\n<tr>\n<td>Marque<\/td>\n<td>Wiawis<\/td>\n<\/tr>\n<tr>\n<td>Pays d'origine<\/td>\n<td>Cor\u00e9e du Sud<\/td>\n<\/tr>\n<\/table>","protected":false},"featured_media":450833,"comment_status":"open","ping_status":"closed","template":"","meta":[],"product_brand":[473],"product_cat":[4341],"product_tag":[],"class_list":{"0":"post-405953","1":"product","2":"type-product","3":"status-publish","4":"has-post-thumbnail","6":"product_brand-wiawis","7":"product_cat-mittelteil-daempfer","8":"product_shipping_class-bsd-standard","10":"first","11":"instock","12":"shipping-taxable","13":"purchasable","14":"product-type-variable"},"yoast_head":"<!-- This site is optimized with the Yoast SEO plugin v27.6 - https:\/\/yoast.com\/product\/yoast-seo-wordpress\/ -->\n<title>WIAWIS ACS CARBON OBERER STABILISATOR - Bogensportdiscount \u2013 B\u00f6gen, Pfeile, Targets &amp; Zubeh\u00f6r<\/title>\n<meta name=\"description\" content=\"WIAWIS ACS CARBON OBERER STABILISATOR g\u00fcnstig kaufen bei Bogensportdiscount \u2013 Top-Marken, schneller Versand aus der Schweiz.\" \/>\n<meta name=\"robots\" content=\"index, follow, max-snippet:-1, max-image-preview:large, max-video-preview:-1\" \/>\n<link rel=\"canonical\" href=\"https:\/\/bogensportdiscount.ch\/fr\/produit\/wiawis-acs-carbon-oberstabilisator\/\" \/>\n<meta property=\"og:locale\" content=\"fr_FR\" \/>\n<meta property=\"og:type\" content=\"article\" \/>\n<meta property=\"og:title\" content=\"WIAWIS ACS CARBON OBERER STABILISATOR - Bogensportdiscount \u2013 B\u00f6gen, Pfeile, Targets &amp; Zubeh\u00f6r\" \/>\n<meta property=\"og:description\" content=\"WIAWIS ACS CARBON OBERER STABILISATOR g\u00fcnstig kaufen bei Bogensportdiscount \u2013 Top-Marken, schneller Versand aus der Schweiz.\" \/>\n<meta property=\"og:url\" content=\"https:\/\/bogensportdiscount.ch\/fr\/produit\/wiawis-acs-carbon-oberstabilisator\/\" \/>\n<meta property=\"og:site_name\" content=\"Bogensportdiscount \u2013 B\u00f6gen, Pfeile, Targets &amp; Zubeh\u00f6r\" \/>\n<meta property=\"article:modified_time\" content=\"2026-05-14T13:26:20+00:00\" \/>\n<meta property=\"og:image\" content=\"https:\/\/bogensportdiscount.ch\/wp-content\/uploads\/bsm-images\/A045785_1.png\" \/>\n\t<meta property=\"og:image:width\" content=\"3016\" \/>\n\t<meta property=\"og:image:height\" content=\"1440\" \/>\n\t<meta property=\"og:image:type\" content=\"image\/png\" \/>\n<meta name=\"twitter:card\" content=\"summary_large_image\" \/>\n<script type=\"application\/ld+json\" class=\"yoast-schema-graph\">{\"@context\":\"https:\\\/\\\/schema.org\",\"@graph\":[{\"@type\":\"WebPage\",\"@id\":\"https:\\\/\\\/bogensportdiscount.ch\\\/produkt\\\/wiawis-acs-carbon-oberstabilisator\\\/\",\"url\":\"https:\\\/\\\/bogensportdiscount.ch\\\/produkt\\\/wiawis-acs-carbon-oberstabilisator\\\/\",\"name\":\"WIAWIS ACS CARBON OBERER STABILISATOR - Bogensportdiscount \u2013 B\u00f6gen, Pfeile, Targets &amp; Zubeh\u00f6r\",\"isPartOf\":{\"@id\":\"https:\\\/\\\/bogensportdiscount.ch\\\/#website\"},\"primaryImageOfPage\":{\"@id\":\"https:\\\/\\\/bogensportdiscount.ch\\\/produkt\\\/wiawis-acs-carbon-oberstabilisator\\\/#primaryimage\"},\"image\":{\"@id\":\"https:\\\/\\\/bogensportdiscount.ch\\\/produkt\\\/wiawis-acs-carbon-oberstabilisator\\\/#primaryimage\"},\"thumbnailUrl\":\"https:\\\/\\\/bogensportdiscount.ch\\\/wp-content\\\/uploads\\\/bsm-images\\\/A045785_1.png\",\"datePublished\":\"2026-04-05T12:53:30+00:00\",\"dateModified\":\"2026-05-14T13:26:20+00:00\",\"description\":\"WIAWIS ACS CARBON OBERER STABILISATOR g\u00fcnstig kaufen bei Bogensportdiscount \u2013 Top-Marken, schneller Versand aus der Schweiz.\",\"breadcrumb\":{\"@id\":\"https:\\\/\\\/bogensportdiscount.ch\\\/produkt\\\/wiawis-acs-carbon-oberstabilisator\\\/#breadcrumb\"},\"inLanguage\":\"fr-FR\",\"potentialAction\":[{\"@type\":\"ReadAction\",\"target\":[\"https:\\\/\\\/bogensportdiscount.ch\\\/produkt\\\/wiawis-acs-carbon-oberstabilisator\\\/\"]}]},{\"@type\":\"ImageObject\",\"inLanguage\":\"fr-FR\",\"@id\":\"https:\\\/\\\/bogensportdiscount.ch\\\/produkt\\\/wiawis-acs-carbon-oberstabilisator\\\/#primaryimage\",\"url\":\"https:\\\/\\\/bogensportdiscount.ch\\\/wp-content\\\/uploads\\\/bsm-images\\\/A045785_1.png\",\"contentUrl\":\"https:\\\/\\\/bogensportdiscount.ch\\\/wp-content\\\/uploads\\\/bsm-images\\\/A045785_1.png\",\"width\":3016,\"height\":1440},{\"@type\":\"BreadcrumbList\",\"@id\":\"https:\\\/\\\/bogensportdiscount.ch\\\/produkt\\\/wiawis-acs-carbon-oberstabilisator\\\/#breadcrumb\",\"itemListElement\":[{\"@type\":\"ListItem\",\"position\":1,\"name\":\"Home\",\"item\":\"https:\\\/\\\/bogensportdiscount.ch\\\/\"},{\"@type\":\"ListItem\",\"position\":2,\"name\":\"Shop\",\"item\":\"https:\\\/\\\/bogensportdiscount.ch\\\/shop\\\/\"},{\"@type\":\"ListItem\",\"position\":3,\"name\":\"WIAWIS ACS CARBON UPPER STABILIZER\"}]},{\"@type\":\"WebSite\",\"@id\":\"https:\\\/\\\/bogensportdiscount.ch\\\/#website\",\"url\":\"https:\\\/\\\/bogensportdiscount.ch\\\/\",\"name\":\"Bogensportdiscount\",\"description\":\"\",\"potentialAction\":[{\"@type\":\"SearchAction\",\"target\":{\"@type\":\"EntryPoint\",\"urlTemplate\":\"https:\\\/\\\/bogensportdiscount.ch\\\/?s={search_term_string}\"},\"query-input\":{\"@type\":\"PropertyValueSpecification\",\"valueRequired\":true,\"valueName\":\"search_term_string\"}}],\"inLanguage\":\"fr-FR\"}]}<\/script>\n<!-- \/ Yoast SEO plugin. -->","yoast_head_json":{"title":"WIAWIS ACS CARBON OBERER STABILISATOR - Bogensportdiscount \u2013 B\u00f6gen, Pfeile, Targets &amp; Zubeh\u00f6r","description":"WIAWIS ACS CARBON OBERER STABILISATOR g\u00fcnstig kaufen bei Bogensportdiscount \u2013 Top-Marken, schneller Versand aus der Schweiz.","robots":{"index":"index","follow":"follow","max-snippet":"max-snippet:-1","max-image-preview":"max-image-preview:large","max-video-preview":"max-video-preview:-1"},"canonical":"https:\/\/bogensportdiscount.ch\/fr\/produit\/wiawis-acs-carbon-oberstabilisator\/","og_locale":"fr_FR","og_type":"article","og_title":"WIAWIS ACS CARBON OBERER STABILISATOR - Bogensportdiscount \u2013 B\u00f6gen, Pfeile, Targets &amp; Zubeh\u00f6r","og_description":"WIAWIS ACS CARBON OBERER STABILISATOR g\u00fcnstig kaufen bei Bogensportdiscount \u2013 Top-Marken, schneller Versand aus der Schweiz.","og_url":"https:\/\/bogensportdiscount.ch\/fr\/produit\/wiawis-acs-carbon-oberstabilisator\/","og_site_name":"Bogensportdiscount \u2013 B\u00f6gen, Pfeile, Targets &amp; Zubeh\u00f6r","article_modified_time":"2026-05-14T13:26:20+00:00","og_image":[{"url":"https:\/\/bogensportdiscount.ch\/wp-content\/uploads\/bsm-images\/A045785_1.png","width":3016,"height":1440,"type":"image\/png"}],"twitter_card":"summary_large_image","schema":{"@context":"https:\/\/schema.org","@graph":[{"@type":"WebPage","@id":"https:\/\/bogensportdiscount.ch\/produkt\/wiawis-acs-carbon-oberstabilisator\/","url":"https:\/\/bogensportdiscount.ch\/produkt\/wiawis-acs-carbon-oberstabilisator\/","name":"WIAWIS ACS CARBON OBERER STABILISATOR - Bogensportdiscount \u2013 B\u00f6gen, Pfeile, Targets &amp; Zubeh\u00f6r","isPartOf":{"@id":"https:\/\/bogensportdiscount.ch\/#website"},"primaryImageOfPage":{"@id":"https:\/\/bogensportdiscount.ch\/produkt\/wiawis-acs-carbon-oberstabilisator\/#primaryimage"},"image":{"@id":"https:\/\/bogensportdiscount.ch\/produkt\/wiawis-acs-carbon-oberstabilisator\/#primaryimage"},"thumbnailUrl":"https:\/\/bogensportdiscount.ch\/wp-content\/uploads\/bsm-images\/A045785_1.png","datePublished":"2026-04-05T12:53:30+00:00","dateModified":"2026-05-14T13:26:20+00:00","description":"WIAWIS ACS CARBON OBERER STABILISATOR g\u00fcnstig kaufen bei Bogensportdiscount \u2013 Top-Marken, schneller Versand aus der Schweiz.","breadcrumb":{"@id":"https:\/\/bogensportdiscount.ch\/produkt\/wiawis-acs-carbon-oberstabilisator\/#breadcrumb"},"inLanguage":"fr-FR","potentialAction":[{"@type":"ReadAction","target":["https:\/\/bogensportdiscount.ch\/produkt\/wiawis-acs-carbon-oberstabilisator\/"]}]},{"@type":"ImageObject","inLanguage":"fr-FR","@id":"https:\/\/bogensportdiscount.ch\/produkt\/wiawis-acs-carbon-oberstabilisator\/#primaryimage","url":"https:\/\/bogensportdiscount.ch\/wp-content\/uploads\/bsm-images\/A045785_1.png","contentUrl":"https:\/\/bogensportdiscount.ch\/wp-content\/uploads\/bsm-images\/A045785_1.png","width":3016,"height":1440},{"@type":"BreadcrumbList","@id":"https:\/\/bogensportdiscount.ch\/produkt\/wiawis-acs-carbon-oberstabilisator\/#breadcrumb","itemListElement":[{"@type":"ListItem","position":1,"name":"Home","item":"https:\/\/bogensportdiscount.ch\/"},{"@type":"ListItem","position":2,"name":"Shop","item":"https:\/\/bogensportdiscount.ch\/shop\/"},{"@type":"ListItem","position":3,"name":"WIAWIS ACS CARBON UPPER STABILIZER"}]},{"@type":"WebSite","@id":"https:\/\/bogensportdiscount.ch\/#website","url":"https:\/\/bogensportdiscount.ch\/","name":"Bogensportdiscount","description":"","potentialAction":[{"@type":"SearchAction","target":{"@type":"EntryPoint","urlTemplate":"https:\/\/bogensportdiscount.ch\/?s={search_term_string}"},"query-input":{"@type":"PropertyValueSpecification","valueRequired":true,"valueName":"search_term_string"}}],"inLanguage":"fr-FR"}]}},"_links":{"self":[{"href":"https:\/\/bogensportdiscount.ch\/fr\/wp-json\/wp\/v2\/product\/405953","targetHints":{"allow":["GET"]}}],"collection":[{"href":"https:\/\/bogensportdiscount.ch\/fr\/wp-json\/wp\/v2\/product"}],"about":[{"href":"https:\/\/bogensportdiscount.ch\/fr\/wp-json\/wp\/v2\/types\/product"}],"replies":[{"embeddable":true,"href":"https:\/\/bogensportdiscount.ch\/fr\/wp-json\/wp\/v2\/comments?post=405953"}],"wp:featuredmedia":[{"embeddable":true,"href":"https:\/\/bogensportdiscount.ch\/fr\/wp-json\/wp\/v2\/media\/450833"}],"wp:attachment":[{"href":"https:\/\/bogensportdiscount.ch\/fr\/wp-json\/wp\/v2\/media?parent=405953"}],"wp:term":[{"taxonomy":"product_brand","embeddable":true,"href":"https:\/\/bogensportdiscount.ch\/fr\/wp-json\/wp\/v2\/product_brand?post=405953"},{"taxonomy":"product_cat","embeddable":true,"href":"https:\/\/bogensportdiscount.ch\/fr\/wp-json\/wp\/v2\/product_cat?post=405953"},{"taxonomy":"product_tag","embeddable":true,"href":"https:\/\/bogensportdiscount.ch\/fr\/wp-json\/wp\/v2\/product_tag?post=405953"}],"curies":[{"name":"wp","href":"https:\/\/api.w.org\/{rel}","templated":true}]}}