{"id":405914,"date":"2026-04-05T14:53:24","date_gmt":"2026-04-05T12:53:24","guid":{"rendered":"https:\/\/bogensportdiscount.ch\/produkt\/easton-size-2312-weight-150gr-12-pk\/"},"modified":"2026-05-14T15:26:20","modified_gmt":"2026-05-14T13:26:20","slug":"bohning-einklebespitzen-easton-groesse-2312-150gr-12er-pack","status":"publish","type":"product","link":"https:\/\/bogensportdiscount.ch\/fr\/produit\/bohning-einklebespitzen-easton-groesse-2312-150gr-12er-pack\/","title":{"rendered":"BOHNING EASTON SIZE WEIGHT 150GR 12\/PK"},"content":{"rendered":"<p>Ces pointes \u00e0 coller Bohning sont sp\u00e9cialement adapt\u00e9es aux tubes de fl\u00e8che en aluminium EASTON de taille 2312. Avec un poids de 150 grain, elles offrent un avant-centrage d\u00e9fini qui influence de mani\u00e8re cibl\u00e9e le comportement en vol de la fl\u00e8che.<\/p>\n<p>Les pointes sont coll\u00e9es et assurent une connexion s\u00e9curis\u00e9e et stable avec le tube. Le set contient 12 pi\u00e8ces, ce qui permet d'\u00e9quiper un jeu complet de fl\u00e8ches.<\/p>\n<ul>\n<li>Poids : 150 Grain<\/li>\n<li>Compatible avec les tubes EASTON de taille 2312<\/li>\n<li>Contenu de la livraison : 12 pi\u00e8ces<\/li>\n<li>Fabriqu\u00e9 aux \u00c9tats-Unis<\/li>\n<\/ul>","protected":false},"excerpt":{"rendered":"<table>\n<tr>\n<th>Propri\u00e9t\u00e9<\/th>\n<th>Valeur<\/th>\n<\/tr>\n<tr>\n<td>Marque<\/td>\n<td>Bohning<\/td>\n<\/tr>\n<tr>\n<td>Pays d'origine<\/td>\n<td>USA<\/td>\n<\/tr>\n<\/table>","protected":false},"featured_media":523684,"comment_status":"open","ping_status":"closed","template":"","meta":[],"product_brand":[444],"product_cat":[4543],"product_tag":[],"class_list":{"0":"post-405914","1":"product","2":"type-product","3":"status-publish","4":"has-post-thumbnail","6":"product_brand-bohning","7":"product_cat-einklebe-spitzen","8":"product_shipping_class-bsd-standard","10":"first","11":"instock","12":"shipping-taxable","13":"purchasable","14":"product-type-variable"},"yoast_head":"<!-- This site is optimized with the Yoast SEO plugin v27.6 - https:\/\/yoast.com\/product\/yoast-seo-wordpress\/ -->\n<title>BOHNING EASTON TAILLE POIDS 150 G 12\/PAQUET - Bogensportdiscount \u2013 Arcs, fl\u00e8ches, cibles et accessoires<\/title>\n<meta name=\"description\" content=\"BOHNING EASTON SIZE WEIGHT 150 g, paquet de 12 : achetez-le \u00e0 prix avantageux chez Bogensportdiscount \u2013 Les meilleures marques, livraison rapide depuis la Suisse.\" \/>\n<meta name=\"robots\" content=\"index, follow, max-snippet:-1, max-image-preview:large, max-video-preview:-1\" \/>\n<link rel=\"canonical\" href=\"https:\/\/bogensportdiscount.ch\/fr\/produit\/bohning-einklebespitzen-easton-groesse-2312-150gr-12er-pack\/\" \/>\n<meta property=\"og:locale\" content=\"fr_FR\" \/>\n<meta property=\"og:type\" content=\"article\" \/>\n<meta property=\"og:title\" content=\"BOHNING EASTON TAILLE POIDS 150 G 12\/PAQUET - Bogensportdiscount \u2013 Arcs, fl\u00e8ches, cibles et accessoires\" \/>\n<meta property=\"og:description\" content=\"BOHNING EASTON SIZE WEIGHT 150 g, paquet de 12 : achetez-le \u00e0 prix avantageux chez Bogensportdiscount \u2013 Les meilleures marques, livraison rapide depuis la Suisse.\" \/>\n<meta property=\"og:url\" content=\"https:\/\/bogensportdiscount.ch\/fr\/produit\/bohning-einklebespitzen-easton-groesse-2312-150gr-12er-pack\/\" \/>\n<meta property=\"og:site_name\" content=\"Bogensportdiscount \u2013 B\u00f6gen, Pfeile, Targets &amp; Zubeh\u00f6r\" \/>\n<meta property=\"article:modified_time\" content=\"2026-05-14T13:26:20+00:00\" \/>\n<meta property=\"og:image\" content=\"https:\/\/bogensportdiscount.ch\/wp-content\/uploads\/bsm-images\/A045678_1.jpg\" \/>\n\t<meta property=\"og:image:width\" content=\"1280\" \/>\n\t<meta property=\"og:image:height\" content=\"1280\" \/>\n\t<meta property=\"og:image:type\" content=\"image\/jpeg\" \/>\n<meta name=\"twitter:card\" content=\"summary_large_image\" \/>\n<script type=\"application\/ld+json\" class=\"yoast-schema-graph\">{\"@context\":\"https:\\\/\\\/schema.org\",\"@graph\":[{\"@type\":\"WebPage\",\"@id\":\"https:\\\/\\\/bogensportdiscount.ch\\\/produkt\\\/bohning-einklebespitzen-easton-groesse-2312-150gr-12er-pack\\\/\",\"url\":\"https:\\\/\\\/bogensportdiscount.ch\\\/produkt\\\/bohning-einklebespitzen-easton-groesse-2312-150gr-12er-pack\\\/\",\"name\":\"BOHNING EASTON SIZE WEIGHT 150GR 12\\\/PK - Bogensportdiscount \u2013 B\u00f6gen, Pfeile, Targets &amp; Zubeh\u00f6r\",\"isPartOf\":{\"@id\":\"https:\\\/\\\/bogensportdiscount.ch\\\/#website\"},\"primaryImageOfPage\":{\"@id\":\"https:\\\/\\\/bogensportdiscount.ch\\\/produkt\\\/bohning-einklebespitzen-easton-groesse-2312-150gr-12er-pack\\\/#primaryimage\"},\"image\":{\"@id\":\"https:\\\/\\\/bogensportdiscount.ch\\\/produkt\\\/bohning-einklebespitzen-easton-groesse-2312-150gr-12er-pack\\\/#primaryimage\"},\"thumbnailUrl\":\"https:\\\/\\\/bogensportdiscount.ch\\\/wp-content\\\/uploads\\\/bsm-images\\\/A045678_1.jpg\",\"datePublished\":\"2026-04-05T12:53:24+00:00\",\"dateModified\":\"2026-05-14T13:26:20+00:00\",\"description\":\"BOHNING EASTON SIZE WEIGHT 150GR 12\\\/PK g\u00fcnstig kaufen bei Bogensportdiscount \u2013 Top-Marken, schneller Versand aus der Schweiz.\",\"breadcrumb\":{\"@id\":\"https:\\\/\\\/bogensportdiscount.ch\\\/produkt\\\/bohning-einklebespitzen-easton-groesse-2312-150gr-12er-pack\\\/#breadcrumb\"},\"inLanguage\":\"fr-FR\",\"potentialAction\":[{\"@type\":\"ReadAction\",\"target\":[\"https:\\\/\\\/bogensportdiscount.ch\\\/produkt\\\/bohning-einklebespitzen-easton-groesse-2312-150gr-12er-pack\\\/\"]}]},{\"@type\":\"ImageObject\",\"inLanguage\":\"fr-FR\",\"@id\":\"https:\\\/\\\/bogensportdiscount.ch\\\/produkt\\\/bohning-einklebespitzen-easton-groesse-2312-150gr-12er-pack\\\/#primaryimage\",\"url\":\"https:\\\/\\\/bogensportdiscount.ch\\\/wp-content\\\/uploads\\\/bsm-images\\\/A045678_1.jpg\",\"contentUrl\":\"https:\\\/\\\/bogensportdiscount.ch\\\/wp-content\\\/uploads\\\/bsm-images\\\/A045678_1.jpg\",\"width\":1280,\"height\":1280},{\"@type\":\"BreadcrumbList\",\"@id\":\"https:\\\/\\\/bogensportdiscount.ch\\\/produkt\\\/bohning-einklebespitzen-easton-groesse-2312-150gr-12er-pack\\\/#breadcrumb\",\"itemListElement\":[{\"@type\":\"ListItem\",\"position\":1,\"name\":\"Home\",\"item\":\"https:\\\/\\\/bogensportdiscount.ch\\\/\"},{\"@type\":\"ListItem\",\"position\":2,\"name\":\"Shop\",\"item\":\"https:\\\/\\\/bogensportdiscount.ch\\\/shop\\\/\"},{\"@type\":\"ListItem\",\"position\":3,\"name\":\"BOHNING EASTON SIZE WEIGHT 150GR 12\\\/PK\"}]},{\"@type\":\"WebSite\",\"@id\":\"https:\\\/\\\/bogensportdiscount.ch\\\/#website\",\"url\":\"https:\\\/\\\/bogensportdiscount.ch\\\/\",\"name\":\"Bogensportdiscount\",\"description\":\"\",\"potentialAction\":[{\"@type\":\"SearchAction\",\"target\":{\"@type\":\"EntryPoint\",\"urlTemplate\":\"https:\\\/\\\/bogensportdiscount.ch\\\/?s={search_term_string}\"},\"query-input\":{\"@type\":\"PropertyValueSpecification\",\"valueRequired\":true,\"valueName\":\"search_term_string\"}}],\"inLanguage\":\"fr-FR\"}]}<\/script>\n<!-- \/ Yoast SEO plugin. -->","yoast_head_json":{"title":"BOHNING EASTON TAILLE POIDS 150 G 12\/PAQUET - Bogensportdiscount \u2013 Arcs, fl\u00e8ches, cibles et accessoires","description":"BOHNING EASTON SIZE WEIGHT 150 g, paquet de 12 : achetez-le \u00e0 prix avantageux chez Bogensportdiscount \u2013 Les meilleures marques, livraison rapide depuis la Suisse.","robots":{"index":"index","follow":"follow","max-snippet":"max-snippet:-1","max-image-preview":"max-image-preview:large","max-video-preview":"max-video-preview:-1"},"canonical":"https:\/\/bogensportdiscount.ch\/fr\/produit\/bohning-einklebespitzen-easton-groesse-2312-150gr-12er-pack\/","og_locale":"fr_FR","og_type":"article","og_title":"BOHNING EASTON TAILLE POIDS 150 G 12\/PAQUET - Bogensportdiscount \u2013 Arcs, fl\u00e8ches, cibles et accessoires","og_description":"BOHNING EASTON SIZE WEIGHT 150 g, paquet de 12 : achetez-le \u00e0 prix avantageux chez Bogensportdiscount \u2013 Les meilleures marques, livraison rapide depuis la Suisse.","og_url":"https:\/\/bogensportdiscount.ch\/fr\/produit\/bohning-einklebespitzen-easton-groesse-2312-150gr-12er-pack\/","og_site_name":"Bogensportdiscount \u2013 B\u00f6gen, Pfeile, Targets &amp; Zubeh\u00f6r","article_modified_time":"2026-05-14T13:26:20+00:00","og_image":[{"width":1280,"height":1280,"url":"https:\/\/bogensportdiscount.ch\/wp-content\/uploads\/bsm-images\/A045678_1.jpg","type":"image\/jpeg"}],"twitter_card":"summary_large_image","schema":{"@context":"https:\/\/schema.org","@graph":[{"@type":"WebPage","@id":"https:\/\/bogensportdiscount.ch\/produkt\/bohning-einklebespitzen-easton-groesse-2312-150gr-12er-pack\/","url":"https:\/\/bogensportdiscount.ch\/produkt\/bohning-einklebespitzen-easton-groesse-2312-150gr-12er-pack\/","name":"BOHNING EASTON TAILLE POIDS 150 G 12\/PAQUET - Bogensportdiscount \u2013 Arcs, fl\u00e8ches, cibles et accessoires","isPartOf":{"@id":"https:\/\/bogensportdiscount.ch\/#website"},"primaryImageOfPage":{"@id":"https:\/\/bogensportdiscount.ch\/produkt\/bohning-einklebespitzen-easton-groesse-2312-150gr-12er-pack\/#primaryimage"},"image":{"@id":"https:\/\/bogensportdiscount.ch\/produkt\/bohning-einklebespitzen-easton-groesse-2312-150gr-12er-pack\/#primaryimage"},"thumbnailUrl":"https:\/\/bogensportdiscount.ch\/wp-content\/uploads\/bsm-images\/A045678_1.jpg","datePublished":"2026-04-05T12:53:24+00:00","dateModified":"2026-05-14T13:26:20+00:00","description":"BOHNING EASTON SIZE WEIGHT 150 g, paquet de 12 : achetez-le \u00e0 prix avantageux chez Bogensportdiscount \u2013 Les meilleures marques, livraison rapide depuis la Suisse.","breadcrumb":{"@id":"https:\/\/bogensportdiscount.ch\/produkt\/bohning-einklebespitzen-easton-groesse-2312-150gr-12er-pack\/#breadcrumb"},"inLanguage":"fr-FR","potentialAction":[{"@type":"ReadAction","target":["https:\/\/bogensportdiscount.ch\/produkt\/bohning-einklebespitzen-easton-groesse-2312-150gr-12er-pack\/"]}]},{"@type":"ImageObject","inLanguage":"fr-FR","@id":"https:\/\/bogensportdiscount.ch\/produkt\/bohning-einklebespitzen-easton-groesse-2312-150gr-12er-pack\/#primaryimage","url":"https:\/\/bogensportdiscount.ch\/wp-content\/uploads\/bsm-images\/A045678_1.jpg","contentUrl":"https:\/\/bogensportdiscount.ch\/wp-content\/uploads\/bsm-images\/A045678_1.jpg","width":1280,"height":1280},{"@type":"BreadcrumbList","@id":"https:\/\/bogensportdiscount.ch\/produkt\/bohning-einklebespitzen-easton-groesse-2312-150gr-12er-pack\/#breadcrumb","itemListElement":[{"@type":"ListItem","position":1,"name":"Home","item":"https:\/\/bogensportdiscount.ch\/"},{"@type":"ListItem","position":2,"name":"Shop","item":"https:\/\/bogensportdiscount.ch\/shop\/"},{"@type":"ListItem","position":3,"name":"BOHNING EASTON SIZE WEIGHT 150GR 12\/PK"}]},{"@type":"WebSite","@id":"https:\/\/bogensportdiscount.ch\/#website","url":"https:\/\/bogensportdiscount.ch\/","name":"Bogensportdiscount","description":"","potentialAction":[{"@type":"SearchAction","target":{"@type":"EntryPoint","urlTemplate":"https:\/\/bogensportdiscount.ch\/?s={search_term_string}"},"query-input":{"@type":"PropertyValueSpecification","valueRequired":true,"valueName":"search_term_string"}}],"inLanguage":"fr-FR"}]}},"_links":{"self":[{"href":"https:\/\/bogensportdiscount.ch\/fr\/wp-json\/wp\/v2\/product\/405914","targetHints":{"allow":["GET"]}}],"collection":[{"href":"https:\/\/bogensportdiscount.ch\/fr\/wp-json\/wp\/v2\/product"}],"about":[{"href":"https:\/\/bogensportdiscount.ch\/fr\/wp-json\/wp\/v2\/types\/product"}],"replies":[{"embeddable":true,"href":"https:\/\/bogensportdiscount.ch\/fr\/wp-json\/wp\/v2\/comments?post=405914"}],"wp:featuredmedia":[{"embeddable":true,"href":"https:\/\/bogensportdiscount.ch\/fr\/wp-json\/wp\/v2\/media\/523684"}],"wp:attachment":[{"href":"https:\/\/bogensportdiscount.ch\/fr\/wp-json\/wp\/v2\/media?parent=405914"}],"wp:term":[{"taxonomy":"product_brand","embeddable":true,"href":"https:\/\/bogensportdiscount.ch\/fr\/wp-json\/wp\/v2\/product_brand?post=405914"},{"taxonomy":"product_cat","embeddable":true,"href":"https:\/\/bogensportdiscount.ch\/fr\/wp-json\/wp\/v2\/product_cat?post=405914"},{"taxonomy":"product_tag","embeddable":true,"href":"https:\/\/bogensportdiscount.ch\/fr\/wp-json\/wp\/v2\/product_tag?post=405914"}],"curies":[{"name":"wp","href":"https:\/\/api.w.org\/{rel}","templated":true}]}}