{"id":405832,"date":"2026-04-05T14:53:15","date_gmt":"2026-04-05T12:53:15","guid":{"rendered":"https:\/\/bogensportdiscount.ch\/produkt\/vanes-griffin-1-black-40-pk\/"},"modified":"2026-04-19T11:54:06","modified_gmt":"2026-04-19T09:54:06","slug":"bohning-vanes-griffin-1-zoll","status":"publish","type":"product","link":"https:\/\/bogensportdiscount.ch\/fr\/produit\/bohning-vanes-griffin-1-zoll\/","title":{"rendered":"BOHNING VANES GRIFFIN 1\u2033 40\/PK"},"content":{"rendered":"<p>Les BOHNING Griffin Vanes en taille 1&#8243; sont des plumes synth\u00e9tiques pour l'empennage de fl\u00e8ches. En tant que produit du fabricant exp\u00e9riment\u00e9 BOHNING, elles sont con\u00e7ues pour \u00eatre utilis\u00e9es sur des f\u00fbts de fl\u00e8ches standard et peuvent \u00eatre coll\u00e9es avec une colle d'empennage courante.<\/p>\n<p>Les Griffin Vanes sont disponibles en sept couleurs, ce qui permet une identification facile de ses propres fl\u00e8ches sur la cible et autorise des personnalisations individuelles du montage de fl\u00e8ches.<\/p>\n<ul>\n<li>Taille : 1&#8243; (env. 2,54 cm)<\/li>\n<li>Mat\u00e9riau : Plastique (Vane)<\/li>\n<li>Couleurs disponibles : Noir, Bleu, Vert, Orange, Rose, Rouge, Jaune<\/li>\n<li>Compatible avec les f\u00fbts de fl\u00e8ches standard et les appareils d'empennage courants<\/li>\n<\/ul>","protected":false},"excerpt":{"rendered":"<p><strong>Marque :<\/strong> Bohning<\/p>","protected":false},"featured_media":450818,"comment_status":"open","ping_status":"closed","template":"","meta":[],"product_brand":[444],"product_cat":[4552],"product_tag":[],"class_list":{"0":"post-405832","1":"product","2":"type-product","3":"status-publish","4":"has-post-thumbnail","6":"product_brand-bohning","7":"product_cat-plastik-vanes-vanes-nocks-wraps","9":"first","10":"outofstock","11":"shipping-taxable","12":"purchasable","13":"product-type-variable"},"_links":{"self":[{"href":"https:\/\/bogensportdiscount.ch\/fr\/wp-json\/wp\/v2\/product\/405832","targetHints":{"allow":["GET"]}}],"collection":[{"href":"https:\/\/bogensportdiscount.ch\/fr\/wp-json\/wp\/v2\/product"}],"about":[{"href":"https:\/\/bogensportdiscount.ch\/fr\/wp-json\/wp\/v2\/types\/product"}],"replies":[{"embeddable":true,"href":"https:\/\/bogensportdiscount.ch\/fr\/wp-json\/wp\/v2\/comments?post=405832"}],"wp:featuredmedia":[{"embeddable":true,"href":"https:\/\/bogensportdiscount.ch\/fr\/wp-json\/wp\/v2\/media\/450818"}],"wp:attachment":[{"href":"https:\/\/bogensportdiscount.ch\/fr\/wp-json\/wp\/v2\/media?parent=405832"}],"wp:term":[{"taxonomy":"product_brand","embeddable":true,"href":"https:\/\/bogensportdiscount.ch\/fr\/wp-json\/wp\/v2\/product_brand?post=405832"},{"taxonomy":"product_cat","embeddable":true,"href":"https:\/\/bogensportdiscount.ch\/fr\/wp-json\/wp\/v2\/product_cat?post=405832"},{"taxonomy":"product_tag","embeddable":true,"href":"https:\/\/bogensportdiscount.ch\/fr\/wp-json\/wp\/v2\/product_tag?post=405832"}],"curies":[{"name":"wp","href":"https:\/\/api.w.org\/{rel}","templated":true}]}}