{"id":405757,"date":"2026-04-05T14:53:07","date_gmt":"2026-04-05T12:53:07","guid":{"rendered":"https:\/\/bogensportdiscount.ch\/produkt\/olympic-recurve-tab-classic-hd-brass-with-prime-leather-rh-x-small\/"},"modified":"2026-04-20T09:06:17","modified_gmt":"2026-04-20T07:06:17","slug":"avalon-olympic-recurve-tab-classic-hd-brass-prime-leder","status":"publish","type":"product","link":"https:\/\/bogensportdiscount.ch\/fr\/produit\/avalon-olympic-recurve-tab-classic-hd-brass-prime-leder\/","title":{"rendered":"AVALON OLYMPIC RECURVE TAB CLASSIC HD BRASS MIT PRIME LEDER LH"},"content":{"rendered":"<p>L'AVALON Classic HD Brass est un tab de protection des doigts pour le tir \u00e0 l'arc Olympic Recurve. La version en cuir Prime offre une surface robuste et durable au niveau du doigt de traction.<\/p>\n<p>Le tab est disponible pour droitiers et gauchers et propos\u00e9 en quatre tailles (S, M, L, XL), garantissant ainsi un bon ajustement pour diff\u00e9rentes tailles de main.<\/p>\n<ul>\n<li>Rev\u00eatement en cuir Prime pour un tirage agr\u00e9able<\/li>\n<li>Disponible pour droitiers et gauchers<\/li>\n<li>Tailles S, M, L et XL disponibles<\/li>\n<li>Con\u00e7u pour une utilisation en Olympic Recurve<\/li>\n<\/ul>","protected":false},"excerpt":{"rendered":"<p>L'AVALON Classic HD Brass est un tab Olympic Recurve avec rev\u00eatement en cuir Prime. Disponible pour droitiers et gauchers dans les tailles S, M, L et XL.<\/p>","protected":false},"featured_media":450811,"comment_status":"open","ping_status":"closed","template":"","meta":[],"product_brand":[449],"product_cat":[4441],"product_tag":[],"class_list":{"0":"post-405757","1":"product","2":"type-product","3":"status-publish","4":"has-post-thumbnail","6":"product_brand-avalon","7":"product_cat-olympic-recurve-tabs-finger-tabs-handschuhe","9":"first","10":"instock","11":"shipping-taxable","12":"purchasable","13":"product-type-variable"},"yoast_head":"<!-- This site is optimized with the Yoast SEO plugin v27.4 - https:\/\/yoast.com\/product\/yoast-seo-wordpress\/ -->\n<title>AVALON OLYMPIC RECURVE TAB CLASSIC HD BRASS MIT PRIME LEDER LH - Bogensportdiscount \u2013 B\u00f6gen, Pfeile, Targets &amp; Zubeh\u00f6r<\/title>\n<meta name=\"robots\" content=\"noindex, follow, max-snippet:-1, max-image-preview:large, max-video-preview:-1\" \/>\n<meta property=\"og:locale\" content=\"fr_FR\" \/>\n<meta property=\"og:type\" content=\"article\" \/>\n<meta property=\"og:title\" content=\"AVALON OLYMPIC RECURVE TAB CLASSIC HD BRASS MIT PRIME LEDER LH - Bogensportdiscount \u2013 B\u00f6gen, Pfeile, Targets &amp; Zubeh\u00f6r\" \/>\n<meta property=\"og:description\" content=\"Der AVALON Classic HD Brass ist ein Olympic-Recurve-Tab mit Prime-Leder-Auflage. Erh\u00e4ltlich f\u00fcr Rechts- und Linkshand in den Gr\u00f6ssen S, M, L und XL.\" \/>\n<meta property=\"og:url\" content=\"https:\/\/bogensportdiscount.ch\/fr\/produit\/avalon-olympic-recurve-tab-classic-hd-brass-prime-leder\/\" \/>\n<meta property=\"og:site_name\" content=\"Bogensportdiscount \u2013 B\u00f6gen, Pfeile, Targets &amp; Zubeh\u00f6r\" \/>\n<meta property=\"article:modified_time\" content=\"2026-04-20T07:06:17+00:00\" \/>\n<meta property=\"og:image\" content=\"https:\/\/bogensportdiscount.ch\/wp-content\/uploads\/bsm-images\/A045360_1.png\" \/>\n\t<meta property=\"og:image:width\" content=\"1817\" \/>\n\t<meta property=\"og:image:height\" content=\"1536\" \/>\n\t<meta property=\"og:image:type\" content=\"image\/png\" \/>\n<meta name=\"twitter:card\" content=\"summary_large_image\" \/>\n<script type=\"application\/ld+json\" class=\"yoast-schema-graph\">{\"@context\":\"https:\\\/\\\/schema.org\",\"@graph\":[{\"@type\":\"WebPage\",\"@id\":\"https:\\\/\\\/bogensportdiscount.ch\\\/fr\\\/produit\\\/avalon-olympic-recurve-tab-classic-hd-brass-prime-leder\\\/\",\"url\":\"https:\\\/\\\/bogensportdiscount.ch\\\/fr\\\/produit\\\/avalon-olympic-recurve-tab-classic-hd-brass-prime-leder\\\/\",\"name\":\"AVALON OLYMPIC RECURVE TAB CLASSIC HD BRASS MIT PRIME LEDER LH - Bogensportdiscount \u2013 B\u00f6gen, Pfeile, Targets &amp; Zubeh\u00f6r\",\"isPartOf\":{\"@id\":\"https:\\\/\\\/bogensportdiscount.ch\\\/#website\"},\"primaryImageOfPage\":{\"@id\":\"https:\\\/\\\/bogensportdiscount.ch\\\/fr\\\/produit\\\/avalon-olympic-recurve-tab-classic-hd-brass-prime-leder\\\/#primaryimage\"},\"image\":{\"@id\":\"https:\\\/\\\/bogensportdiscount.ch\\\/fr\\\/produit\\\/avalon-olympic-recurve-tab-classic-hd-brass-prime-leder\\\/#primaryimage\"},\"thumbnailUrl\":\"https:\\\/\\\/bogensportdiscount.ch\\\/wp-content\\\/uploads\\\/bsm-images\\\/A045360_1.png\",\"datePublished\":\"2026-04-05T12:53:07+00:00\",\"dateModified\":\"2026-04-20T07:06:17+00:00\",\"breadcrumb\":{\"@id\":\"https:\\\/\\\/bogensportdiscount.ch\\\/fr\\\/produit\\\/avalon-olympic-recurve-tab-classic-hd-brass-prime-leder\\\/#breadcrumb\"},\"inLanguage\":\"fr-FR\",\"potentialAction\":[{\"@type\":\"ReadAction\",\"target\":[\"https:\\\/\\\/bogensportdiscount.ch\\\/fr\\\/produit\\\/avalon-olympic-recurve-tab-classic-hd-brass-prime-leder\\\/\"]}]},{\"@type\":\"ImageObject\",\"inLanguage\":\"fr-FR\",\"@id\":\"https:\\\/\\\/bogensportdiscount.ch\\\/fr\\\/produit\\\/avalon-olympic-recurve-tab-classic-hd-brass-prime-leder\\\/#primaryimage\",\"url\":\"https:\\\/\\\/bogensportdiscount.ch\\\/wp-content\\\/uploads\\\/bsm-images\\\/A045360_1.png\",\"contentUrl\":\"https:\\\/\\\/bogensportdiscount.ch\\\/wp-content\\\/uploads\\\/bsm-images\\\/A045360_1.png\",\"width\":1817,\"height\":1536},{\"@type\":\"BreadcrumbList\",\"@id\":\"https:\\\/\\\/bogensportdiscount.ch\\\/fr\\\/produit\\\/avalon-olympic-recurve-tab-classic-hd-brass-prime-leder\\\/#breadcrumb\",\"itemListElement\":[{\"@type\":\"ListItem\",\"position\":1,\"name\":\"Home\",\"item\":\"https:\\\/\\\/bogensportdiscount.ch\\\/\"},{\"@type\":\"ListItem\",\"position\":2,\"name\":\"Shop\",\"item\":\"https:\\\/\\\/bogensportdiscount.ch\\\/shop\\\/\"},{\"@type\":\"ListItem\",\"position\":3,\"name\":\"AVALON OLYMPIC RECURVE TAB CLASSIC HD BRASS MIT PRIME LEDER LH\"}]},{\"@type\":\"WebSite\",\"@id\":\"https:\\\/\\\/bogensportdiscount.ch\\\/#website\",\"url\":\"https:\\\/\\\/bogensportdiscount.ch\\\/\",\"name\":\"Bogensportdiscount\",\"description\":\"\",\"potentialAction\":[{\"@type\":\"SearchAction\",\"target\":{\"@type\":\"EntryPoint\",\"urlTemplate\":\"https:\\\/\\\/bogensportdiscount.ch\\\/?s={search_term_string}\"},\"query-input\":{\"@type\":\"PropertyValueSpecification\",\"valueRequired\":true,\"valueName\":\"search_term_string\"}}],\"inLanguage\":\"fr-FR\"}]}<\/script>\n<!-- \/ Yoast SEO plugin. -->","yoast_head_json":{"title":"AVALON OLYMPIC RECURVE TAB CLASSIC HD BRASS MIT PRIME LEDER LH - Bogensportdiscount \u2013 B\u00f6gen, Pfeile, Targets &amp; Zubeh\u00f6r","robots":{"index":"noindex","follow":"follow","max-snippet":"max-snippet:-1","max-image-preview":"max-image-preview:large","max-video-preview":"max-video-preview:-1"},"og_locale":"fr_FR","og_type":"article","og_title":"AVALON OLYMPIC RECURVE TAB CLASSIC HD BRASS MIT PRIME LEDER LH - Bogensportdiscount \u2013 B\u00f6gen, Pfeile, Targets &amp; Zubeh\u00f6r","og_description":"Der AVALON Classic HD Brass ist ein Olympic-Recurve-Tab mit Prime-Leder-Auflage. Erh\u00e4ltlich f\u00fcr Rechts- und Linkshand in den Gr\u00f6ssen S, M, L und XL.","og_url":"https:\/\/bogensportdiscount.ch\/fr\/produit\/avalon-olympic-recurve-tab-classic-hd-brass-prime-leder\/","og_site_name":"Bogensportdiscount \u2013 B\u00f6gen, Pfeile, Targets &amp; Zubeh\u00f6r","article_modified_time":"2026-04-20T07:06:17+00:00","og_image":[{"width":1817,"height":1536,"url":"https:\/\/bogensportdiscount.ch\/wp-content\/uploads\/bsm-images\/A045360_1.png","type":"image\/png"}],"twitter_card":"summary_large_image","schema":{"@context":"https:\/\/schema.org","@graph":[{"@type":"WebPage","@id":"https:\/\/bogensportdiscount.ch\/fr\/produit\/avalon-olympic-recurve-tab-classic-hd-brass-prime-leder\/","url":"https:\/\/bogensportdiscount.ch\/fr\/produit\/avalon-olympic-recurve-tab-classic-hd-brass-prime-leder\/","name":"AVALON OLYMPIC RECURVE TAB CLASSIC HD BRASS MIT PRIME LEDER LH - Bogensportdiscount \u2013 B\u00f6gen, Pfeile, Targets &amp; Zubeh\u00f6r","isPartOf":{"@id":"https:\/\/bogensportdiscount.ch\/#website"},"primaryImageOfPage":{"@id":"https:\/\/bogensportdiscount.ch\/fr\/produit\/avalon-olympic-recurve-tab-classic-hd-brass-prime-leder\/#primaryimage"},"image":{"@id":"https:\/\/bogensportdiscount.ch\/fr\/produit\/avalon-olympic-recurve-tab-classic-hd-brass-prime-leder\/#primaryimage"},"thumbnailUrl":"https:\/\/bogensportdiscount.ch\/wp-content\/uploads\/bsm-images\/A045360_1.png","datePublished":"2026-04-05T12:53:07+00:00","dateModified":"2026-04-20T07:06:17+00:00","breadcrumb":{"@id":"https:\/\/bogensportdiscount.ch\/fr\/produit\/avalon-olympic-recurve-tab-classic-hd-brass-prime-leder\/#breadcrumb"},"inLanguage":"fr-FR","potentialAction":[{"@type":"ReadAction","target":["https:\/\/bogensportdiscount.ch\/fr\/produit\/avalon-olympic-recurve-tab-classic-hd-brass-prime-leder\/"]}]},{"@type":"ImageObject","inLanguage":"fr-FR","@id":"https:\/\/bogensportdiscount.ch\/fr\/produit\/avalon-olympic-recurve-tab-classic-hd-brass-prime-leder\/#primaryimage","url":"https:\/\/bogensportdiscount.ch\/wp-content\/uploads\/bsm-images\/A045360_1.png","contentUrl":"https:\/\/bogensportdiscount.ch\/wp-content\/uploads\/bsm-images\/A045360_1.png","width":1817,"height":1536},{"@type":"BreadcrumbList","@id":"https:\/\/bogensportdiscount.ch\/fr\/produit\/avalon-olympic-recurve-tab-classic-hd-brass-prime-leder\/#breadcrumb","itemListElement":[{"@type":"ListItem","position":1,"name":"Home","item":"https:\/\/bogensportdiscount.ch\/"},{"@type":"ListItem","position":2,"name":"Shop","item":"https:\/\/bogensportdiscount.ch\/shop\/"},{"@type":"ListItem","position":3,"name":"AVALON OLYMPIC RECURVE TAB CLASSIC HD BRASS MIT PRIME LEDER LH"}]},{"@type":"WebSite","@id":"https:\/\/bogensportdiscount.ch\/#website","url":"https:\/\/bogensportdiscount.ch\/","name":"Bogensportdiscount","description":"","potentialAction":[{"@type":"SearchAction","target":{"@type":"EntryPoint","urlTemplate":"https:\/\/bogensportdiscount.ch\/?s={search_term_string}"},"query-input":{"@type":"PropertyValueSpecification","valueRequired":true,"valueName":"search_term_string"}}],"inLanguage":"fr-FR"}]}},"_links":{"self":[{"href":"https:\/\/bogensportdiscount.ch\/fr\/wp-json\/wp\/v2\/product\/405757","targetHints":{"allow":["GET"]}}],"collection":[{"href":"https:\/\/bogensportdiscount.ch\/fr\/wp-json\/wp\/v2\/product"}],"about":[{"href":"https:\/\/bogensportdiscount.ch\/fr\/wp-json\/wp\/v2\/types\/product"}],"replies":[{"embeddable":true,"href":"https:\/\/bogensportdiscount.ch\/fr\/wp-json\/wp\/v2\/comments?post=405757"}],"wp:featuredmedia":[{"embeddable":true,"href":"https:\/\/bogensportdiscount.ch\/fr\/wp-json\/wp\/v2\/media\/450811"}],"wp:attachment":[{"href":"https:\/\/bogensportdiscount.ch\/fr\/wp-json\/wp\/v2\/media?parent=405757"}],"wp:term":[{"taxonomy":"product_brand","embeddable":true,"href":"https:\/\/bogensportdiscount.ch\/fr\/wp-json\/wp\/v2\/product_brand?post=405757"},{"taxonomy":"product_cat","embeddable":true,"href":"https:\/\/bogensportdiscount.ch\/fr\/wp-json\/wp\/v2\/product_cat?post=405757"},{"taxonomy":"product_tag","embeddable":true,"href":"https:\/\/bogensportdiscount.ch\/fr\/wp-json\/wp\/v2\/product_tag?post=405757"}],"curies":[{"name":"wp","href":"https:\/\/api.w.org\/{rel}","templated":true}]}}