{"id":405746,"date":"2026-04-05T14:53:06","date_gmt":"2026-04-05T12:53:06","guid":{"rendered":"https:\/\/bogensportdiscount.ch\/produkt\/barebow-tabs-bb-classic-with-prime-leather-rh-x-small-dark-gray\/"},"modified":"2026-05-14T15:26:19","modified_gmt":"2026-05-14T13:26:19","slug":"avalon-barebow-tab-bb-classic-prime-leather","status":"publish","type":"product","link":"https:\/\/bogensportdiscount.ch\/fr\/produit\/avalon-barebow-tab-bb-classic-prime-leather\/","title":{"rendered":"AVALON BLANKBOGEN TABS BB CLASSIC mit PRIME LEATHER DUNKELBRAUN"},"content":{"rendered":"<p>Le tab Barebow AVALON BB Classic est sp\u00e9cialement con\u00e7u pour le tir sans viseur (Barebow). Le Prime Leather de haute qualit\u00e9 offre une surface r\u00e9guli\u00e8re pour un d\u00e9part de corde propre et prot\u00e8ge les doigts de mani\u00e8re fiable lors du tir.<\/p>\n<p>Gr\u00e2ce \u00e0 la disponibilit\u00e9 en quatre tailles (S, M, L, XL) ainsi que pour la main gauche et la main droite, le tab s'adapte \u00e0 diff\u00e9rentes tailles de mains et de tireurs. Le design classique sans \u00e9l\u00e9ments suppl\u00e9mentaires r\u00e9pond aux exigences de la discipline Barebow.<\/p>\n<ul>\n<li>Cuir : Prime Leather pour un d\u00e9part r\u00e9gulier<\/li>\n<li>Disponible pour gauchers et droitiers<\/li>\n<li>Tailles S, M, L et XL<\/li>\n<li>Convient pour la discipline Barebow<\/li>\n<\/ul>","protected":false},"excerpt":{"rendered":"<table>\n<tr>\n<th>Propri\u00e9t\u00e9<\/th>\n<th>Valeur<\/th>\n<\/tr>\n<tr>\n<td>Marque<\/td>\n<td>Avalon<\/td>\n<\/tr>\n<tr>\n<td>Pays d'origine<\/td>\n<td>Chine<\/td>\n<\/tr>\n<\/table>","protected":false},"featured_media":450809,"comment_status":"open","ping_status":"closed","template":"","meta":[],"product_brand":[449],"product_cat":[4557],"product_tag":[],"class_list":{"0":"post-405746","1":"product","2":"type-product","3":"status-publish","4":"has-post-thumbnail","6":"product_brand-avalon","7":"product_cat-barebow-tabs","8":"product_shipping_class-bsd-standard","10":"first","11":"instock","12":"shipping-taxable","13":"purchasable","14":"product-type-variable"},"yoast_head":"<!-- This site is optimized with the Yoast SEO plugin v27.6 - https:\/\/yoast.com\/product\/yoast-seo-wordpress\/ -->\n<title>AVALON BLANKBOGEN TABS BB CLASSIC mit PRIME LEATHER DUNKELBRAUN - Bogensportdiscount \u2013 B\u00f6gen, Pfeile, Targets &amp; Zubeh\u00f6r<\/title>\n<meta name=\"description\" content=\"AVALON BLANKBOGEN TABS BB CLASSIC mit PRIME LEATHER DUNKELBRAUN g\u00fcnstig kaufen bei Bogensportdiscount \u2013 Top-Marken, schneller Versand aus der Schweiz.\" \/>\n<meta name=\"robots\" content=\"index, follow, max-snippet:-1, max-image-preview:large, max-video-preview:-1\" \/>\n<link rel=\"canonical\" href=\"https:\/\/bogensportdiscount.ch\/fr\/produit\/avalon-barebow-tab-bb-classic-prime-leather\/\" \/>\n<meta property=\"og:locale\" content=\"fr_FR\" \/>\n<meta property=\"og:type\" content=\"article\" \/>\n<meta property=\"og:title\" content=\"AVALON BLANKBOGEN TABS BB CLASSIC mit PRIME LEATHER DUNKELBRAUN - Bogensportdiscount \u2013 B\u00f6gen, Pfeile, Targets &amp; Zubeh\u00f6r\" \/>\n<meta property=\"og:description\" content=\"AVALON BLANKBOGEN TABS BB CLASSIC mit PRIME LEATHER DUNKELBRAUN g\u00fcnstig kaufen bei Bogensportdiscount \u2013 Top-Marken, schneller Versand aus der Schweiz.\" \/>\n<meta property=\"og:url\" content=\"https:\/\/bogensportdiscount.ch\/fr\/produit\/avalon-barebow-tab-bb-classic-prime-leather\/\" \/>\n<meta property=\"og:site_name\" content=\"Bogensportdiscount \u2013 B\u00f6gen, Pfeile, Targets &amp; Zubeh\u00f6r\" \/>\n<meta property=\"article:modified_time\" content=\"2026-05-14T13:26:19+00:00\" \/>\n<meta property=\"og:image\" content=\"https:\/\/bogensportdiscount.ch\/wp-content\/uploads\/bsm-images\/A045351_1.png\" \/>\n\t<meta property=\"og:image:width\" content=\"5252\" \/>\n\t<meta property=\"og:image:height\" content=\"3150\" \/>\n\t<meta property=\"og:image:type\" content=\"image\/png\" \/>\n<meta name=\"twitter:card\" content=\"summary_large_image\" \/>\n<meta name=\"twitter:label1\" content=\"Dur\u00e9e de lecture estim\u00e9e\" \/>\n\t<meta name=\"twitter:data1\" content=\"1 minute\" \/>\n<script type=\"application\/ld+json\" class=\"yoast-schema-graph\">{\"@context\":\"https:\\\/\\\/schema.org\",\"@graph\":[{\"@type\":\"WebPage\",\"@id\":\"https:\\\/\\\/bogensportdiscount.ch\\\/produkt\\\/avalon-barebow-tab-bb-classic-prime-leather\\\/\",\"url\":\"https:\\\/\\\/bogensportdiscount.ch\\\/produkt\\\/avalon-barebow-tab-bb-classic-prime-leather\\\/\",\"name\":\"AVALON BLANKBOGEN TABS BB CLASSIC mit PRIME LEATHER DUNKELBRAUN - Bogensportdiscount \u2013 B\u00f6gen, Pfeile, Targets &amp; Zubeh\u00f6r\",\"isPartOf\":{\"@id\":\"https:\\\/\\\/bogensportdiscount.ch\\\/#website\"},\"primaryImageOfPage\":{\"@id\":\"https:\\\/\\\/bogensportdiscount.ch\\\/produkt\\\/avalon-barebow-tab-bb-classic-prime-leather\\\/#primaryimage\"},\"image\":{\"@id\":\"https:\\\/\\\/bogensportdiscount.ch\\\/produkt\\\/avalon-barebow-tab-bb-classic-prime-leather\\\/#primaryimage\"},\"thumbnailUrl\":\"https:\\\/\\\/bogensportdiscount.ch\\\/wp-content\\\/uploads\\\/bsm-images\\\/A045351_1.png\",\"datePublished\":\"2026-04-05T12:53:06+00:00\",\"dateModified\":\"2026-05-14T13:26:19+00:00\",\"description\":\"AVALON BLANKBOGEN TABS BB CLASSIC mit PRIME LEATHER DUNKELBRAUN g\u00fcnstig kaufen bei Bogensportdiscount \u2013 Top-Marken, schneller Versand aus der Schweiz.\",\"breadcrumb\":{\"@id\":\"https:\\\/\\\/bogensportdiscount.ch\\\/produkt\\\/avalon-barebow-tab-bb-classic-prime-leather\\\/#breadcrumb\"},\"inLanguage\":\"fr-FR\",\"potentialAction\":[{\"@type\":\"ReadAction\",\"target\":[\"https:\\\/\\\/bogensportdiscount.ch\\\/produkt\\\/avalon-barebow-tab-bb-classic-prime-leather\\\/\"]}]},{\"@type\":\"ImageObject\",\"inLanguage\":\"fr-FR\",\"@id\":\"https:\\\/\\\/bogensportdiscount.ch\\\/produkt\\\/avalon-barebow-tab-bb-classic-prime-leather\\\/#primaryimage\",\"url\":\"https:\\\/\\\/bogensportdiscount.ch\\\/wp-content\\\/uploads\\\/bsm-images\\\/A045351_1.png\",\"contentUrl\":\"https:\\\/\\\/bogensportdiscount.ch\\\/wp-content\\\/uploads\\\/bsm-images\\\/A045351_1.png\",\"width\":5252,\"height\":3150},{\"@type\":\"BreadcrumbList\",\"@id\":\"https:\\\/\\\/bogensportdiscount.ch\\\/produkt\\\/avalon-barebow-tab-bb-classic-prime-leather\\\/#breadcrumb\",\"itemListElement\":[{\"@type\":\"ListItem\",\"position\":1,\"name\":\"Home\",\"item\":\"https:\\\/\\\/bogensportdiscount.ch\\\/\"},{\"@type\":\"ListItem\",\"position\":2,\"name\":\"Shop\",\"item\":\"https:\\\/\\\/bogensportdiscount.ch\\\/shop\\\/\"},{\"@type\":\"ListItem\",\"position\":3,\"name\":\"AVALON BAREBOW TABS BB CLASSIC with PRIME LEATHER DARK\"}]},{\"@type\":\"WebSite\",\"@id\":\"https:\\\/\\\/bogensportdiscount.ch\\\/#website\",\"url\":\"https:\\\/\\\/bogensportdiscount.ch\\\/\",\"name\":\"Bogensportdiscount\",\"description\":\"\",\"potentialAction\":[{\"@type\":\"SearchAction\",\"target\":{\"@type\":\"EntryPoint\",\"urlTemplate\":\"https:\\\/\\\/bogensportdiscount.ch\\\/?s={search_term_string}\"},\"query-input\":{\"@type\":\"PropertyValueSpecification\",\"valueRequired\":true,\"valueName\":\"search_term_string\"}}],\"inLanguage\":\"fr-FR\"}]}<\/script>\n<!-- \/ Yoast SEO plugin. -->","yoast_head_json":{"title":"AVALON BLANKBOGEN TABS BB CLASSIC mit PRIME LEATHER DUNKELBRAUN - Bogensportdiscount \u2013 B\u00f6gen, Pfeile, Targets &amp; Zubeh\u00f6r","description":"AVALON BLANKBOGEN TABS BB CLASSIC mit PRIME LEATHER DUNKELBRAUN g\u00fcnstig kaufen bei Bogensportdiscount \u2013 Top-Marken, schneller Versand aus der Schweiz.","robots":{"index":"index","follow":"follow","max-snippet":"max-snippet:-1","max-image-preview":"max-image-preview:large","max-video-preview":"max-video-preview:-1"},"canonical":"https:\/\/bogensportdiscount.ch\/fr\/produit\/avalon-barebow-tab-bb-classic-prime-leather\/","og_locale":"fr_FR","og_type":"article","og_title":"AVALON BLANKBOGEN TABS BB CLASSIC mit PRIME LEATHER DUNKELBRAUN - Bogensportdiscount \u2013 B\u00f6gen, Pfeile, Targets &amp; Zubeh\u00f6r","og_description":"AVALON BLANKBOGEN TABS BB CLASSIC mit PRIME LEATHER DUNKELBRAUN g\u00fcnstig kaufen bei Bogensportdiscount \u2013 Top-Marken, schneller Versand aus der Schweiz.","og_url":"https:\/\/bogensportdiscount.ch\/fr\/produit\/avalon-barebow-tab-bb-classic-prime-leather\/","og_site_name":"Bogensportdiscount \u2013 B\u00f6gen, Pfeile, Targets &amp; Zubeh\u00f6r","article_modified_time":"2026-05-14T13:26:19+00:00","og_image":[{"url":"https:\/\/bogensportdiscount.ch\/wp-content\/uploads\/bsm-images\/A045351_1.png","width":5252,"height":3150,"type":"image\/png"}],"twitter_card":"summary_large_image","twitter_misc":{"Dur\u00e9e de lecture estim\u00e9e":"1 minute"},"schema":{"@context":"https:\/\/schema.org","@graph":[{"@type":"WebPage","@id":"https:\/\/bogensportdiscount.ch\/produkt\/avalon-barebow-tab-bb-classic-prime-leather\/","url":"https:\/\/bogensportdiscount.ch\/produkt\/avalon-barebow-tab-bb-classic-prime-leather\/","name":"AVALON BLANKBOGEN TABS BB CLASSIC mit PRIME LEATHER DUNKELBRAUN - Bogensportdiscount \u2013 B\u00f6gen, Pfeile, Targets &amp; Zubeh\u00f6r","isPartOf":{"@id":"https:\/\/bogensportdiscount.ch\/#website"},"primaryImageOfPage":{"@id":"https:\/\/bogensportdiscount.ch\/produkt\/avalon-barebow-tab-bb-classic-prime-leather\/#primaryimage"},"image":{"@id":"https:\/\/bogensportdiscount.ch\/produkt\/avalon-barebow-tab-bb-classic-prime-leather\/#primaryimage"},"thumbnailUrl":"https:\/\/bogensportdiscount.ch\/wp-content\/uploads\/bsm-images\/A045351_1.png","datePublished":"2026-04-05T12:53:06+00:00","dateModified":"2026-05-14T13:26:19+00:00","description":"AVALON BLANKBOGEN TABS BB CLASSIC mit PRIME LEATHER DUNKELBRAUN g\u00fcnstig kaufen bei Bogensportdiscount \u2013 Top-Marken, schneller Versand aus der Schweiz.","breadcrumb":{"@id":"https:\/\/bogensportdiscount.ch\/produkt\/avalon-barebow-tab-bb-classic-prime-leather\/#breadcrumb"},"inLanguage":"fr-FR","potentialAction":[{"@type":"ReadAction","target":["https:\/\/bogensportdiscount.ch\/produkt\/avalon-barebow-tab-bb-classic-prime-leather\/"]}]},{"@type":"ImageObject","inLanguage":"fr-FR","@id":"https:\/\/bogensportdiscount.ch\/produkt\/avalon-barebow-tab-bb-classic-prime-leather\/#primaryimage","url":"https:\/\/bogensportdiscount.ch\/wp-content\/uploads\/bsm-images\/A045351_1.png","contentUrl":"https:\/\/bogensportdiscount.ch\/wp-content\/uploads\/bsm-images\/A045351_1.png","width":5252,"height":3150},{"@type":"BreadcrumbList","@id":"https:\/\/bogensportdiscount.ch\/produkt\/avalon-barebow-tab-bb-classic-prime-leather\/#breadcrumb","itemListElement":[{"@type":"ListItem","position":1,"name":"Home","item":"https:\/\/bogensportdiscount.ch\/"},{"@type":"ListItem","position":2,"name":"Shop","item":"https:\/\/bogensportdiscount.ch\/shop\/"},{"@type":"ListItem","position":3,"name":"AVALON BAREBOW TABS BB CLASSIC with PRIME LEATHER DARK"}]},{"@type":"WebSite","@id":"https:\/\/bogensportdiscount.ch\/#website","url":"https:\/\/bogensportdiscount.ch\/","name":"Bogensportdiscount","description":"","potentialAction":[{"@type":"SearchAction","target":{"@type":"EntryPoint","urlTemplate":"https:\/\/bogensportdiscount.ch\/?s={search_term_string}"},"query-input":{"@type":"PropertyValueSpecification","valueRequired":true,"valueName":"search_term_string"}}],"inLanguage":"fr-FR"}]}},"_links":{"self":[{"href":"https:\/\/bogensportdiscount.ch\/fr\/wp-json\/wp\/v2\/product\/405746","targetHints":{"allow":["GET"]}}],"collection":[{"href":"https:\/\/bogensportdiscount.ch\/fr\/wp-json\/wp\/v2\/product"}],"about":[{"href":"https:\/\/bogensportdiscount.ch\/fr\/wp-json\/wp\/v2\/types\/product"}],"replies":[{"embeddable":true,"href":"https:\/\/bogensportdiscount.ch\/fr\/wp-json\/wp\/v2\/comments?post=405746"}],"wp:featuredmedia":[{"embeddable":true,"href":"https:\/\/bogensportdiscount.ch\/fr\/wp-json\/wp\/v2\/media\/450809"}],"wp:attachment":[{"href":"https:\/\/bogensportdiscount.ch\/fr\/wp-json\/wp\/v2\/media?parent=405746"}],"wp:term":[{"taxonomy":"product_brand","embeddable":true,"href":"https:\/\/bogensportdiscount.ch\/fr\/wp-json\/wp\/v2\/product_brand?post=405746"},{"taxonomy":"product_cat","embeddable":true,"href":"https:\/\/bogensportdiscount.ch\/fr\/wp-json\/wp\/v2\/product_cat?post=405746"},{"taxonomy":"product_tag","embeddable":true,"href":"https:\/\/bogensportdiscount.ch\/fr\/wp-json\/wp\/v2\/product_tag?post=405746"}],"curies":[{"name":"wp","href":"https:\/\/api.w.org\/{rel}","templated":true}]}}