{"id":405693,"date":"2026-04-05T14:52:59","date_gmt":"2026-04-05T12:52:59","guid":{"rendered":"https:\/\/bogensportdiscount.ch\/produkt\/limbs-ilf-t-d-hunting-bows-shade-clear-wood-short-60-30lbs-on-a-19-riser\/"},"modified":"2026-05-14T15:26:19","modified_gmt":"2026-05-14T13:26:19","slug":"oakridge-wurfarme-ilf-td-hunting-bows-shade-clear-wood","status":"publish","type":"product","link":"https:\/\/bogensportdiscount.ch\/fr\/produit\/oakridge-wurfarme-ilf-td-hunting-bows-shade-clear-wood\/","title":{"rendered":"OAKRIDGE BRANCHES ILF T\/D ARCS DE CHASSE SHADE CLEAR WOOD sur une poign\u00e9e 19&#8243;"},"content":{"rendered":"<p>Les branches OAKRIDGE \u00abShade Clear Wood\u00bb sont con\u00e7ues comme des branches ILF Take-Down et peuvent \u00eatre combin\u00e9es avec tous les poign\u00e9es compatibles ILF courants. Le finish bois clair conf\u00e8re aux branches une apparence traditionnelle correspondant au segment des arcs de chasse.<\/p>\n<p>Les branches sont disponibles en deux longueurs (60&#8243; et 62&#8243;) ainsi qu'en six niveaux de puissance de 30 \u00e0 55 LBS, permettant aussi bien aux d\u00e9butants qu'aux archers avanc\u00e9s de trouver une configuration adapt\u00e9e.<\/p>\n<ul>\n<li>Connexion ILF pour une large compatibilit\u00e9 avec diff\u00e9rentes poign\u00e9es<\/li>\n<li>Construction Take-Down pour un transport et un rangement faciles<\/li>\n<li>Disponible en 30, 35, 40, 45, 50 et 55 LBS<\/li>\n<li>Longueurs 60&#8243; et 62&#8243; disponibles<\/li>\n<\/ul>","protected":false},"excerpt":{"rendered":"<table>\n<tr>\n<th>Propri\u00e9t\u00e9<\/th>\n<th>Valeur<\/th>\n<\/tr>\n<tr>\n<td>Marque<\/td>\n<td>Oak Ridge<\/td>\n<\/tr>\n<tr>\n<td>Pays d'origine<\/td>\n<td>Chine<\/td>\n<\/tr>\n<\/table>","protected":false},"featured_media":522974,"comment_status":"open","ping_status":"closed","template":"","meta":[],"product_brand":[569],"product_cat":[4529],"product_tag":[],"class_list":{"0":"post-405693","1":"product","2":"type-product","3":"status-publish","4":"has-post-thumbnail","6":"product_brand-oakridge","7":"product_cat-traditionelle-boegen-wurfarme","8":"product_shipping_class-bsd-standard","10":"first","11":"instock","12":"shipping-taxable","13":"purchasable","14":"product-type-variable"},"yoast_head":"<!-- This site is optimized with the Yoast SEO plugin v27.6 - https:\/\/yoast.com\/product\/yoast-seo-wordpress\/ -->\n<title>OAKRIDGE WURFARME ILF T\/D JAGD B\u00d6GEN SHADE CLEAR WOOD auf einem 19&quot; Mittelteil - Bogensportdiscount \u2013 B\u00f6gen, Pfeile, Targets &amp; Zubeh\u00f6r<\/title>\n<meta name=\"description\" content=\"OAKRIDGE WURFARME ILF T\/D JAGD B\u00d6GEN SHADE CLEAR WOOD auf einem 19&quot; Mittelteil g\u00fcnstig kaufen bei Bogensportdiscount \u2013 Top-Marken, schneller Versand aus der Schweiz.\" \/>\n<meta name=\"robots\" content=\"index, follow, max-snippet:-1, max-image-preview:large, max-video-preview:-1\" \/>\n<link rel=\"canonical\" href=\"https:\/\/bogensportdiscount.ch\/fr\/produit\/oakridge-wurfarme-ilf-td-hunting-bows-shade-clear-wood\/\" \/>\n<meta property=\"og:locale\" content=\"fr_FR\" \/>\n<meta property=\"og:type\" content=\"article\" \/>\n<meta property=\"og:title\" content=\"OAKRIDGE WURFARME ILF T\/D JAGD B\u00d6GEN SHADE CLEAR WOOD auf einem 19&quot; Mittelteil - Bogensportdiscount \u2013 B\u00f6gen, Pfeile, Targets &amp; Zubeh\u00f6r\" \/>\n<meta property=\"og:description\" content=\"OAKRIDGE WURFARME ILF T\/D JAGD B\u00d6GEN SHADE CLEAR WOOD auf einem 19&quot; Mittelteil g\u00fcnstig kaufen bei Bogensportdiscount \u2013 Top-Marken, schneller Versand aus der Schweiz.\" \/>\n<meta property=\"og:url\" content=\"https:\/\/bogensportdiscount.ch\/fr\/produit\/oakridge-wurfarme-ilf-td-hunting-bows-shade-clear-wood\/\" \/>\n<meta property=\"og:site_name\" content=\"Bogensportdiscount \u2013 B\u00f6gen, Pfeile, Targets &amp; Zubeh\u00f6r\" \/>\n<meta property=\"article:modified_time\" content=\"2026-05-14T13:26:19+00:00\" \/>\n<meta property=\"og:image\" content=\"https:\/\/bogensportdiscount.ch\/wp-content\/uploads\/bsm-images\/A041930_1.jpg\" \/>\n\t<meta property=\"og:image:width\" content=\"1023\" \/>\n\t<meta property=\"og:image:height\" content=\"682\" \/>\n\t<meta property=\"og:image:type\" content=\"image\/jpeg\" \/>\n<meta name=\"twitter:card\" content=\"summary_large_image\" \/>\n<script type=\"application\/ld+json\" class=\"yoast-schema-graph\">{\"@context\":\"https:\\\/\\\/schema.org\",\"@graph\":[{\"@type\":\"WebPage\",\"@id\":\"https:\\\/\\\/bogensportdiscount.ch\\\/produkt\\\/oakridge-wurfarme-ilf-td-hunting-bows-shade-clear-wood\\\/\",\"url\":\"https:\\\/\\\/bogensportdiscount.ch\\\/produkt\\\/oakridge-wurfarme-ilf-td-hunting-bows-shade-clear-wood\\\/\",\"name\":\"OAKRIDGE WURFARME ILF T\\\/D JAGD B\u00d6GEN SHADE CLEAR WOOD auf einem 19\\\" Mittelteil - Bogensportdiscount \u2013 B\u00f6gen, Pfeile, Targets &amp; Zubeh\u00f6r\",\"isPartOf\":{\"@id\":\"https:\\\/\\\/bogensportdiscount.ch\\\/#website\"},\"primaryImageOfPage\":{\"@id\":\"https:\\\/\\\/bogensportdiscount.ch\\\/produkt\\\/oakridge-wurfarme-ilf-td-hunting-bows-shade-clear-wood\\\/#primaryimage\"},\"image\":{\"@id\":\"https:\\\/\\\/bogensportdiscount.ch\\\/produkt\\\/oakridge-wurfarme-ilf-td-hunting-bows-shade-clear-wood\\\/#primaryimage\"},\"thumbnailUrl\":\"https:\\\/\\\/bogensportdiscount.ch\\\/wp-content\\\/uploads\\\/bsm-images\\\/A041930_1.jpg\",\"datePublished\":\"2026-04-05T12:52:59+00:00\",\"dateModified\":\"2026-05-14T13:26:19+00:00\",\"description\":\"OAKRIDGE WURFARME ILF T\\\/D JAGD B\u00d6GEN SHADE CLEAR WOOD auf einem 19\\\" Mittelteil g\u00fcnstig kaufen bei Bogensportdiscount \u2013 Top-Marken, schneller Versand aus der Schweiz.\",\"breadcrumb\":{\"@id\":\"https:\\\/\\\/bogensportdiscount.ch\\\/produkt\\\/oakridge-wurfarme-ilf-td-hunting-bows-shade-clear-wood\\\/#breadcrumb\"},\"inLanguage\":\"fr-FR\",\"potentialAction\":[{\"@type\":\"ReadAction\",\"target\":[\"https:\\\/\\\/bogensportdiscount.ch\\\/produkt\\\/oakridge-wurfarme-ilf-td-hunting-bows-shade-clear-wood\\\/\"]}]},{\"@type\":\"ImageObject\",\"inLanguage\":\"fr-FR\",\"@id\":\"https:\\\/\\\/bogensportdiscount.ch\\\/produkt\\\/oakridge-wurfarme-ilf-td-hunting-bows-shade-clear-wood\\\/#primaryimage\",\"url\":\"https:\\\/\\\/bogensportdiscount.ch\\\/wp-content\\\/uploads\\\/bsm-images\\\/A041930_1.jpg\",\"contentUrl\":\"https:\\\/\\\/bogensportdiscount.ch\\\/wp-content\\\/uploads\\\/bsm-images\\\/A041930_1.jpg\",\"width\":1023,\"height\":682},{\"@type\":\"BreadcrumbList\",\"@id\":\"https:\\\/\\\/bogensportdiscount.ch\\\/produkt\\\/oakridge-wurfarme-ilf-td-hunting-bows-shade-clear-wood\\\/#breadcrumb\",\"itemListElement\":[{\"@type\":\"ListItem\",\"position\":1,\"name\":\"Home\",\"item\":\"https:\\\/\\\/bogensportdiscount.ch\\\/\"},{\"@type\":\"ListItem\",\"position\":2,\"name\":\"Shop\",\"item\":\"https:\\\/\\\/bogensportdiscount.ch\\\/shop\\\/\"},{\"@type\":\"ListItem\",\"position\":3,\"name\":\"OAKRIDGE LIMBS ILF T\\\/D HUNTING BOWS SHADE CLEAR WOOD on a 19&#8243; riser\"}]},{\"@type\":\"WebSite\",\"@id\":\"https:\\\/\\\/bogensportdiscount.ch\\\/#website\",\"url\":\"https:\\\/\\\/bogensportdiscount.ch\\\/\",\"name\":\"Bogensportdiscount\",\"description\":\"\",\"potentialAction\":[{\"@type\":\"SearchAction\",\"target\":{\"@type\":\"EntryPoint\",\"urlTemplate\":\"https:\\\/\\\/bogensportdiscount.ch\\\/?s={search_term_string}\"},\"query-input\":{\"@type\":\"PropertyValueSpecification\",\"valueRequired\":true,\"valueName\":\"search_term_string\"}}],\"inLanguage\":\"fr-FR\"}]}<\/script>\n<!-- \/ Yoast SEO plugin. -->","yoast_head_json":{"title":"OAKRIDGE WURFARME ILF T\/D JAGD B\u00d6GEN SHADE CLEAR WOOD auf einem 19\" Mittelteil - Bogensportdiscount \u2013 B\u00f6gen, Pfeile, Targets &amp; Zubeh\u00f6r","description":"OAKRIDGE WURFARME ILF T\/D JAGD B\u00d6GEN SHADE CLEAR WOOD auf einem 19\" Mittelteil g\u00fcnstig kaufen bei Bogensportdiscount \u2013 Top-Marken, schneller Versand aus der Schweiz.","robots":{"index":"index","follow":"follow","max-snippet":"max-snippet:-1","max-image-preview":"max-image-preview:large","max-video-preview":"max-video-preview:-1"},"canonical":"https:\/\/bogensportdiscount.ch\/fr\/produit\/oakridge-wurfarme-ilf-td-hunting-bows-shade-clear-wood\/","og_locale":"fr_FR","og_type":"article","og_title":"OAKRIDGE WURFARME ILF T\/D JAGD B\u00d6GEN SHADE CLEAR WOOD auf einem 19\" Mittelteil - Bogensportdiscount \u2013 B\u00f6gen, Pfeile, Targets &amp; Zubeh\u00f6r","og_description":"OAKRIDGE WURFARME ILF T\/D JAGD B\u00d6GEN SHADE CLEAR WOOD auf einem 19\" Mittelteil g\u00fcnstig kaufen bei Bogensportdiscount \u2013 Top-Marken, schneller Versand aus der Schweiz.","og_url":"https:\/\/bogensportdiscount.ch\/fr\/produit\/oakridge-wurfarme-ilf-td-hunting-bows-shade-clear-wood\/","og_site_name":"Bogensportdiscount \u2013 B\u00f6gen, Pfeile, Targets &amp; Zubeh\u00f6r","article_modified_time":"2026-05-14T13:26:19+00:00","og_image":[{"width":1023,"height":682,"url":"https:\/\/bogensportdiscount.ch\/wp-content\/uploads\/bsm-images\/A041930_1.jpg","type":"image\/jpeg"}],"twitter_card":"summary_large_image","schema":{"@context":"https:\/\/schema.org","@graph":[{"@type":"WebPage","@id":"https:\/\/bogensportdiscount.ch\/produkt\/oakridge-wurfarme-ilf-td-hunting-bows-shade-clear-wood\/","url":"https:\/\/bogensportdiscount.ch\/produkt\/oakridge-wurfarme-ilf-td-hunting-bows-shade-clear-wood\/","name":"OAKRIDGE WURFARME ILF T\/D JAGD B\u00d6GEN SHADE CLEAR WOOD auf einem 19\" Mittelteil - Bogensportdiscount \u2013 B\u00f6gen, Pfeile, Targets &amp; Zubeh\u00f6r","isPartOf":{"@id":"https:\/\/bogensportdiscount.ch\/#website"},"primaryImageOfPage":{"@id":"https:\/\/bogensportdiscount.ch\/produkt\/oakridge-wurfarme-ilf-td-hunting-bows-shade-clear-wood\/#primaryimage"},"image":{"@id":"https:\/\/bogensportdiscount.ch\/produkt\/oakridge-wurfarme-ilf-td-hunting-bows-shade-clear-wood\/#primaryimage"},"thumbnailUrl":"https:\/\/bogensportdiscount.ch\/wp-content\/uploads\/bsm-images\/A041930_1.jpg","datePublished":"2026-04-05T12:52:59+00:00","dateModified":"2026-05-14T13:26:19+00:00","description":"OAKRIDGE WURFARME ILF T\/D JAGD B\u00d6GEN SHADE CLEAR WOOD auf einem 19\" Mittelteil g\u00fcnstig kaufen bei Bogensportdiscount \u2013 Top-Marken, schneller Versand aus der Schweiz.","breadcrumb":{"@id":"https:\/\/bogensportdiscount.ch\/produkt\/oakridge-wurfarme-ilf-td-hunting-bows-shade-clear-wood\/#breadcrumb"},"inLanguage":"fr-FR","potentialAction":[{"@type":"ReadAction","target":["https:\/\/bogensportdiscount.ch\/produkt\/oakridge-wurfarme-ilf-td-hunting-bows-shade-clear-wood\/"]}]},{"@type":"ImageObject","inLanguage":"fr-FR","@id":"https:\/\/bogensportdiscount.ch\/produkt\/oakridge-wurfarme-ilf-td-hunting-bows-shade-clear-wood\/#primaryimage","url":"https:\/\/bogensportdiscount.ch\/wp-content\/uploads\/bsm-images\/A041930_1.jpg","contentUrl":"https:\/\/bogensportdiscount.ch\/wp-content\/uploads\/bsm-images\/A041930_1.jpg","width":1023,"height":682},{"@type":"BreadcrumbList","@id":"https:\/\/bogensportdiscount.ch\/produkt\/oakridge-wurfarme-ilf-td-hunting-bows-shade-clear-wood\/#breadcrumb","itemListElement":[{"@type":"ListItem","position":1,"name":"Home","item":"https:\/\/bogensportdiscount.ch\/"},{"@type":"ListItem","position":2,"name":"Shop","item":"https:\/\/bogensportdiscount.ch\/shop\/"},{"@type":"ListItem","position":3,"name":"OAKRIDGE LIMBS ILF T\/D HUNTING BOWS SHADE CLEAR WOOD on a 19&#8243; riser"}]},{"@type":"WebSite","@id":"https:\/\/bogensportdiscount.ch\/#website","url":"https:\/\/bogensportdiscount.ch\/","name":"Bogensportdiscount","description":"","potentialAction":[{"@type":"SearchAction","target":{"@type":"EntryPoint","urlTemplate":"https:\/\/bogensportdiscount.ch\/?s={search_term_string}"},"query-input":{"@type":"PropertyValueSpecification","valueRequired":true,"valueName":"search_term_string"}}],"inLanguage":"fr-FR"}]}},"_links":{"self":[{"href":"https:\/\/bogensportdiscount.ch\/fr\/wp-json\/wp\/v2\/product\/405693","targetHints":{"allow":["GET"]}}],"collection":[{"href":"https:\/\/bogensportdiscount.ch\/fr\/wp-json\/wp\/v2\/product"}],"about":[{"href":"https:\/\/bogensportdiscount.ch\/fr\/wp-json\/wp\/v2\/types\/product"}],"replies":[{"embeddable":true,"href":"https:\/\/bogensportdiscount.ch\/fr\/wp-json\/wp\/v2\/comments?post=405693"}],"wp:featuredmedia":[{"embeddable":true,"href":"https:\/\/bogensportdiscount.ch\/fr\/wp-json\/wp\/v2\/media\/522974"}],"wp:attachment":[{"href":"https:\/\/bogensportdiscount.ch\/fr\/wp-json\/wp\/v2\/media?parent=405693"}],"wp:term":[{"taxonomy":"product_brand","embeddable":true,"href":"https:\/\/bogensportdiscount.ch\/fr\/wp-json\/wp\/v2\/product_brand?post=405693"},{"taxonomy":"product_cat","embeddable":true,"href":"https:\/\/bogensportdiscount.ch\/fr\/wp-json\/wp\/v2\/product_cat?post=405693"},{"taxonomy":"product_tag","embeddable":true,"href":"https:\/\/bogensportdiscount.ch\/fr\/wp-json\/wp\/v2\/product_tag?post=405693"}],"curies":[{"name":"wp","href":"https:\/\/api.w.org\/{rel}","templated":true}]}}