{"id":405604,"date":"2026-04-05T14:52:46","date_gmt":"2026-04-05T12:52:46","guid":{"rendered":"https:\/\/bogensportdiscount.ch\/produkt\/recreational-bow-rattan-rh-only-40-10lbs-string-included\/"},"modified":"2026-04-17T13:46:48","modified_gmt":"2026-04-17T11:46:48","slug":"beier-freizeit-bogen-rattan-rh-40-10lbs","status":"publish","type":"product","link":"https:\/\/bogensportdiscount.ch\/fr\/produit\/beier-freizeit-bogen-rattan-rh-40-10lbs\/","title":{"rendered":"BEIER RECREATIONAL BOW RATTAN RH ONLY 40\u2033 10lbs"},"content":{"rendered":"<p>Der BEIER Freizeit-Bogen aus Rattan ist ein einfacher Recurve-Bogen f\u00fcr den Einstieg in den Bogensport sowie f\u00fcr Freizeitsch\u00fctzen. Die Ausf\u00fchrung ist f\u00fcr Rechtsh\u00e4nder ausgelegt und wird inklusive Sehne geliefert.<\/p>\n<p>Dank des Rattangriffs und des geringen Zuggewichts von 10 lbs eignet sich dieser Bogen besonders f\u00fcr Einsteiger, Kinder und Jugendliche, die erste Erfahrungen mit dem Bogenschiessen sammeln m\u00f6chten. Der Bogen ist in verschiedenen L\u00e4ngen (40&#8243;, 58&#8243;, 68&#8243;) und Zuggewichten (10\u201340 lbs) erh\u00e4ltlich.<\/p>\n<ul>\n<li>Material: Rattan<\/li>\n<li>F\u00fcr Rechtsh\u00e4nder (RH)<\/li>\n<li>Sehne im Lieferumfang enthalten<\/li>\n<li>Geeignet f\u00fcr Einsteiger und Freizeitsch\u00fctzen<\/li>\n<\/ul>","protected":false},"excerpt":{"rendered":"<table>\n<tr>\n<th>Propri\u00e9t\u00e9<\/th>\n<th>Valeur<\/th>\n<\/tr>\n<tr>\n<td>Marque<\/td>\n<td>BEIER<\/td>\n<\/tr>\n<tr>\n<td>Mat\u00e9riau<\/td>\n<td>Rattan<\/td>\n<\/tr>\n<tr>\n<td>Main<\/td>\n<td>Main droite (RH)<\/td>\n<\/tr>\n<tr>\n<td>Longueur<\/td>\n<td>40&#8243;<\/td>\n<\/tr>\n<tr>\n<td>Poids de traction<\/td>\n<td>10 lbs<\/td>\n<\/tr>\n<tr>\n<td>Sehne<\/td>\n<td>Inklusive<\/td>\n<\/tr>\n<tr>\n<td>Herkunftsland<\/td>\n<td>Polen<\/td>\n<\/tr>\n<\/table>","protected":false},"featured_media":450780,"comment_status":"open","ping_status":"closed","template":"","meta":[],"product_brand":[831],"product_cat":[4532],"product_tag":[],"class_list":{"0":"post-405604","1":"product","2":"type-product","3":"status-publish","4":"has-post-thumbnail","6":"product_brand-beier","7":"product_cat-freizeit-boegen-freizeit-boegen","9":"first","10":"instock","11":"shipping-taxable","12":"purchasable","13":"product-type-variable"},"_links":{"self":[{"href":"https:\/\/bogensportdiscount.ch\/fr\/wp-json\/wp\/v2\/product\/405604","targetHints":{"allow":["GET"]}}],"collection":[{"href":"https:\/\/bogensportdiscount.ch\/fr\/wp-json\/wp\/v2\/product"}],"about":[{"href":"https:\/\/bogensportdiscount.ch\/fr\/wp-json\/wp\/v2\/types\/product"}],"replies":[{"embeddable":true,"href":"https:\/\/bogensportdiscount.ch\/fr\/wp-json\/wp\/v2\/comments?post=405604"}],"wp:featuredmedia":[{"embeddable":true,"href":"https:\/\/bogensportdiscount.ch\/fr\/wp-json\/wp\/v2\/media\/450780"}],"wp:attachment":[{"href":"https:\/\/bogensportdiscount.ch\/fr\/wp-json\/wp\/v2\/media?parent=405604"}],"wp:term":[{"taxonomy":"product_brand","embeddable":true,"href":"https:\/\/bogensportdiscount.ch\/fr\/wp-json\/wp\/v2\/product_brand?post=405604"},{"taxonomy":"product_cat","embeddable":true,"href":"https:\/\/bogensportdiscount.ch\/fr\/wp-json\/wp\/v2\/product_cat?post=405604"},{"taxonomy":"product_tag","embeddable":true,"href":"https:\/\/bogensportdiscount.ch\/fr\/wp-json\/wp\/v2\/product_tag?post=405604"}],"curies":[{"name":"wp","href":"https:\/\/api.w.org\/{rel}","templated":true}]}}