{"id":405528,"date":"2026-04-05T14:52:40","date_gmt":"2026-04-05T12:52:40","guid":{"rendered":"https:\/\/bogensportdiscount.ch\/produkt\/limbs-fiber-foam-delta-f2-25-66-16-lbs-23-64-18-lbs\/"},"modified":"2026-04-17T13:46:47","modified_gmt":"2026-04-17T11:46:47","slug":"wns-wurfarme-fiber-foam-delta-f2-25-zoll","status":"publish","type":"product","link":"https:\/\/bogensportdiscount.ch\/fr\/produit\/wns-wurfarme-fiber-foam-delta-f2-25-zoll\/","title":{"rendered":"WNS LIMBS FIBER FOAM DELTA F2 25\u2033 LBS"},"content":{"rendered":"<p>Die WNS Delta F2 Wurfarme in der 25&#8243;-Ausf\u00fchrung sind aus einem Fiber-Foam-Kernmaterial gefertigt und richten sich an Recurvebogen-Sch\u00fctzen, die nach zuverl\u00e4ssigen Wurfarmen f\u00fcr Training und Wettkampf suchen. Das Fiber-Foam-Material bietet eine ausgewogene Kombination aus D\u00e4mpfung und R\u00fcckstellverm\u00f6gen.<\/p>\n<p>Die Wurfarme sind in einer grossen Auswahl an Zuggewichten von 16 bis 42 lbs erh\u00e4ltlich und passen zu B\u00f6gen mit einer Gesamtl\u00e4nge von 66, 68 und 70 Zoll. Dies erm\u00f6glicht eine flexible Anpassung an unterschiedliche K\u00f6rpergr\u00f6ssen und Zugweiten.<\/p>\n<ul>\n<li>Material: Fiber Foam f\u00fcr gute D\u00e4mpfungseigenschaften<\/li>\n<li>L\u00e4nge: 25&#8243;<\/li>\n<li>Breites Zuggewichtsspektrum: 16\u201342 lbs<\/li>\n<li>Kompatibel mit Bogenl\u00e4ngen 66&#8243;, 68&#8243; und 70&#8243;<\/li>\n<\/ul>","protected":false},"excerpt":{"rendered":"<table>\n<tr>\n<th>Propri\u00e9t\u00e9<\/th>\n<th>Valeur<\/th>\n<\/tr>\n<tr>\n<td>Marque<\/td>\n<td>WNS<\/td>\n<\/tr>\n<tr>\n<td>Mat\u00e9riau<\/td>\n<td>Fiber Foam<\/td>\n<\/tr>\n<tr>\n<td>Longueur<\/td>\n<td>25&#8243;<\/td>\n<\/tr>\n<tr>\n<td>Herkunftsland<\/td>\n<td>China<\/td>\n<\/tr>\n<\/table>","protected":false},"featured_media":450778,"comment_status":"open","ping_status":"closed","template":"","meta":[],"product_brand":[461],"product_cat":[4520],"product_tag":[],"class_list":{"0":"post-405528","1":"product","2":"type-product","3":"status-publish","4":"has-post-thumbnail","6":"product_brand-wns","7":"product_cat-recurve-wurfarme-recurve-boegen","9":"first","10":"instock","11":"shipping-taxable","12":"purchasable","13":"product-type-variable"},"_links":{"self":[{"href":"https:\/\/bogensportdiscount.ch\/fr\/wp-json\/wp\/v2\/product\/405528","targetHints":{"allow":["GET"]}}],"collection":[{"href":"https:\/\/bogensportdiscount.ch\/fr\/wp-json\/wp\/v2\/product"}],"about":[{"href":"https:\/\/bogensportdiscount.ch\/fr\/wp-json\/wp\/v2\/types\/product"}],"replies":[{"embeddable":true,"href":"https:\/\/bogensportdiscount.ch\/fr\/wp-json\/wp\/v2\/comments?post=405528"}],"wp:featuredmedia":[{"embeddable":true,"href":"https:\/\/bogensportdiscount.ch\/fr\/wp-json\/wp\/v2\/media\/450778"}],"wp:attachment":[{"href":"https:\/\/bogensportdiscount.ch\/fr\/wp-json\/wp\/v2\/media?parent=405528"}],"wp:term":[{"taxonomy":"product_brand","embeddable":true,"href":"https:\/\/bogensportdiscount.ch\/fr\/wp-json\/wp\/v2\/product_brand?post=405528"},{"taxonomy":"product_cat","embeddable":true,"href":"https:\/\/bogensportdiscount.ch\/fr\/wp-json\/wp\/v2\/product_cat?post=405528"},{"taxonomy":"product_tag","embeddable":true,"href":"https:\/\/bogensportdiscount.ch\/fr\/wp-json\/wp\/v2\/product_tag?post=405528"}],"curies":[{"name":"wp","href":"https:\/\/api.w.org\/{rel}","templated":true}]}}