{"id":405494,"date":"2026-04-05T14:52:38","date_gmt":"2026-04-05T12:52:38","guid":{"rendered":"https:\/\/bogensportdiscount.ch\/produkt\/limbs-carbon-wood-explore-cw1-25-66-18-lbs-23-64-20-lbs\/"},"modified":"2026-04-17T13:46:47","modified_gmt":"2026-04-17T11:46:47","slug":"wns-recurvebogen-wurfarme-carbon-wood-explore-cw1-25","status":"publish","type":"product","link":"https:\/\/bogensportdiscount.ch\/fr\/produit\/wns-recurvebogen-wurfarme-carbon-wood-explore-cw1-25\/","title":{"rendered":"WNS LIMBS CARBON WOOD EXPLORE-CW1 25\u2033 LBS"},"content":{"rendered":"<p>Die WNS Explore-CW1 Wurfarme mit 25&#8243; L\u00e4nge verbinden einen Carbon-Holz-Kern mit einem stabilen Aufbau, der auf pr\u00e4zises Schiessen ausgelegt ist. Die Carbon-Holz-Konstruktion (Carbon Wood) sorgt f\u00fcr eine gute Balance zwischen D\u00e4mpfung und Energie\u00fcbertragung.<\/p>\n<p>Die Wurfarme sind kompatibel mit Standard-ILF-Mittelst\u00fccken und decken ein breites Spektrum an Zuggewichten ab \u2013 von 18 bis 40 LBS \u2013 was sie sowohl f\u00fcr Einsteiger als auch f\u00fcr fortgeschrittene Sch\u00fctzen geeignet macht. Verf\u00fcgbar in den Bogenl\u00e4ngen 66&#8243;, 68&#8243; und 70&#8243;.<\/p>\n<ul>\n<li>Material: Carbon-Holz-Kombination (Carbon Wood)<\/li>\n<li>Wurfarm-L\u00e4nge: 25&#8243;<\/li>\n<li>Zuggewichte: 18\u201340 LBS<\/li>\n<li>Bogenl\u00e4ngen: 66&#8243;, 68&#8243;, 70&#8243;<\/li>\n<\/ul>","protected":false},"excerpt":{"rendered":"<p><strong>Marque :<\/strong> WNS<br \/><strong>mat\u00e9riel :<\/strong> Carbon wood<\/p>","protected":false},"featured_media":450776,"comment_status":"open","ping_status":"closed","template":"","meta":[],"product_brand":[461],"product_cat":[4520],"product_tag":[],"class_list":{"0":"post-405494","1":"product","2":"type-product","3":"status-publish","4":"has-post-thumbnail","6":"product_brand-wns","7":"product_cat-recurve-wurfarme-recurve-boegen","9":"first","10":"instock","11":"shipping-taxable","12":"purchasable","13":"product-type-variable"},"_links":{"self":[{"href":"https:\/\/bogensportdiscount.ch\/fr\/wp-json\/wp\/v2\/product\/405494","targetHints":{"allow":["GET"]}}],"collection":[{"href":"https:\/\/bogensportdiscount.ch\/fr\/wp-json\/wp\/v2\/product"}],"about":[{"href":"https:\/\/bogensportdiscount.ch\/fr\/wp-json\/wp\/v2\/types\/product"}],"replies":[{"embeddable":true,"href":"https:\/\/bogensportdiscount.ch\/fr\/wp-json\/wp\/v2\/comments?post=405494"}],"wp:featuredmedia":[{"embeddable":true,"href":"https:\/\/bogensportdiscount.ch\/fr\/wp-json\/wp\/v2\/media\/450776"}],"wp:attachment":[{"href":"https:\/\/bogensportdiscount.ch\/fr\/wp-json\/wp\/v2\/media?parent=405494"}],"wp:term":[{"taxonomy":"product_brand","embeddable":true,"href":"https:\/\/bogensportdiscount.ch\/fr\/wp-json\/wp\/v2\/product_brand?post=405494"},{"taxonomy":"product_cat","embeddable":true,"href":"https:\/\/bogensportdiscount.ch\/fr\/wp-json\/wp\/v2\/product_cat?post=405494"},{"taxonomy":"product_tag","embeddable":true,"href":"https:\/\/bogensportdiscount.ch\/fr\/wp-json\/wp\/v2\/product_tag?post=405494"}],"curies":[{"name":"wp","href":"https:\/\/api.w.org\/{rel}","templated":true}]}}