{"id":405456,"date":"2026-04-05T14:52:35","date_gmt":"2026-04-05T12:52:35","guid":{"rendered":"https:\/\/bogensportdiscount.ch\/produkt\/limbs-carbon-bamboo-explore-cb1-25-66-18-lbs-23-64-20-lbs\/"},"modified":"2026-04-17T13:46:47","modified_gmt":"2026-04-17T11:46:47","slug":"wns-wurfarme-carbon-bamboo-explore-cb1-25-zoll","status":"publish","type":"product","link":"https:\/\/bogensportdiscount.ch\/fr\/produit\/wns-wurfarme-carbon-bamboo-explore-cb1-25-zoll\/","title":{"rendered":"WNS LIMBS CARBON BAMBOO EXPLORE-CB1 25\u2033 LBS"},"content":{"rendered":"<p>Die WNS Explore-CB1 Wurfarme kombinieren einen Carbon-Aussenkern mit einem Bambus-Innenkern. Diese Materialkombination sorgt f\u00fcr eine gleichm\u00e4ssige Energie\u00fcbertragung und ein ruhiges Abschussverhalten. Die Wurfarme sind im ILF-Standard gefertigt und passen damit zu allen g\u00e4ngigen ILF-Mittelteilen.<\/p>\n<p>Mit einer Schaufelgr\u00f6sse von 25&#8243; und einer Auswahl an drei Bogenl\u00e4ngen (66&#8243;, 68&#8243;, 70&#8243;) sowie Zuggewichten von 18 bis 42 lbs decken die Explore-CB1 Wurfarme ein breites Spektrum an Sch\u00fctzenanforderungen ab. Die Zuggewichtsvarianten erm\u00f6glichen eine gezielte Auswahl passend zur individuellen St\u00e4rke und dem Trainingsziel.<\/p>\n<ul>\n<li>Materialkombination Carbon\/Bambus f\u00fcr gute D\u00e4mpfung und Stabilit\u00e4t<\/li>\n<li>ILF-Standard \u2014 kompatibel mit den meisten Recurve-Mittelteilen<\/li>\n<li>Erh\u00e4ltlich in 66&#8243;, 68&#8243; und 70&#8243; Bogenl\u00e4nge<\/li>\n<li>Zuggewichte von 18 bis 42 lbs verf\u00fcgbar<\/li>\n<\/ul>","protected":false},"excerpt":{"rendered":"<p><strong>Marque :<\/strong> WNS<br \/><strong>mat\u00e9riel :<\/strong> Bambou de carbone<\/p>","protected":false},"featured_media":450775,"comment_status":"open","ping_status":"closed","template":"","meta":[],"product_brand":[461],"product_cat":[4520],"product_tag":[],"class_list":{"0":"post-405456","1":"product","2":"type-product","3":"status-publish","4":"has-post-thumbnail","6":"product_brand-wns","7":"product_cat-recurve-wurfarme-recurve-boegen","9":"first","10":"instock","11":"shipping-taxable","12":"purchasable","13":"product-type-variable"},"_links":{"self":[{"href":"https:\/\/bogensportdiscount.ch\/fr\/wp-json\/wp\/v2\/product\/405456","targetHints":{"allow":["GET"]}}],"collection":[{"href":"https:\/\/bogensportdiscount.ch\/fr\/wp-json\/wp\/v2\/product"}],"about":[{"href":"https:\/\/bogensportdiscount.ch\/fr\/wp-json\/wp\/v2\/types\/product"}],"replies":[{"embeddable":true,"href":"https:\/\/bogensportdiscount.ch\/fr\/wp-json\/wp\/v2\/comments?post=405456"}],"wp:featuredmedia":[{"embeddable":true,"href":"https:\/\/bogensportdiscount.ch\/fr\/wp-json\/wp\/v2\/media\/450775"}],"wp:attachment":[{"href":"https:\/\/bogensportdiscount.ch\/fr\/wp-json\/wp\/v2\/media?parent=405456"}],"wp:term":[{"taxonomy":"product_brand","embeddable":true,"href":"https:\/\/bogensportdiscount.ch\/fr\/wp-json\/wp\/v2\/product_brand?post=405456"},{"taxonomy":"product_cat","embeddable":true,"href":"https:\/\/bogensportdiscount.ch\/fr\/wp-json\/wp\/v2\/product_cat?post=405456"},{"taxonomy":"product_tag","embeddable":true,"href":"https:\/\/bogensportdiscount.ch\/fr\/wp-json\/wp\/v2\/product_tag?post=405456"}],"curies":[{"name":"wp","href":"https:\/\/api.w.org\/{rel}","templated":true}]}}