{"id":405329,"date":"2026-04-05T14:52:24","date_gmt":"2026-04-05T12:52:24","guid":{"rendered":"https:\/\/bogensportdiscount.ch\/produkt\/weight-6oz-1-25-dia-black-nitride-stainless-steel\/"},"modified":"2026-04-17T15:42:21","modified_gmt":"2026-04-17T13:42:21","slug":"axcel-stabilisator-gewicht-6oz-125-durchmesser","status":"publish","type":"product","link":"https:\/\/bogensportdiscount.ch\/fr\/produit\/axcel-stabilisator-gewicht-6oz-125-durchmesser\/","title":{"rendered":"AXCEL WEIGHT 6oz - 1.25\u2033 dia"},"content":{"rendered":"<p>Das AXCEL Stabilisator-Gewicht mit 6 oz (ca. 170 g) und einem Durchmesser von 1.25 Zoll erm\u00f6glicht die gezielte Anpassung des Gewichtsgleichgewichts am Stabilisatorsystem. Durch das Hinzuf\u00fcgen oder Entfernen von Gewichten l\u00e4sst sich das Schwingungsverhalten des Bogens individuell abstimmen.<\/p>\n<p>Das Gewicht ist kompatibel mit Stabilisatoren im 1.25-Zoll-Standard und eignet sich f\u00fcr den Einsatz im Recurve- und Compoundbogensport. Hergestellt in den USA.<\/p>\n<ul>\n<li>Gewicht: 6 oz (ca. 170 g)<\/li>\n<li>Durchmesser: 1.25 Zoll<\/li>\n<li>F\u00fcr Stabilisatoren im 1.25&#8243;-Standard<\/li>\n<li>Fabriqu\u00e9 aux \u00c9tats-Unis<\/li>\n<\/ul>","protected":false},"excerpt":{"rendered":"<p>Stabilisator-Gewicht von AXCEL mit einem Gewicht von 6 oz und einem Durchmesser von 1.25 Zoll. Geeignet zur Feinjustierung der Ausgewogenheit am Bogen-Stabilisatorsystem. Hergestellt in den USA.<\/p>","protected":false},"featured_media":450761,"comment_status":"open","ping_status":"closed","template":"","meta":[],"product_brand":[467],"product_cat":[4199],"product_tag":[],"class_list":{"0":"post-405329","1":"product","2":"type-product","3":"status-publish","4":"has-post-thumbnail","6":"product_brand-axcel","7":"product_cat-gewichte-stabilisation","9":"first","10":"instock","11":"shipping-taxable","12":"purchasable","13":"product-type-variable"},"_links":{"self":[{"href":"https:\/\/bogensportdiscount.ch\/fr\/wp-json\/wp\/v2\/product\/405329","targetHints":{"allow":["GET"]}}],"collection":[{"href":"https:\/\/bogensportdiscount.ch\/fr\/wp-json\/wp\/v2\/product"}],"about":[{"href":"https:\/\/bogensportdiscount.ch\/fr\/wp-json\/wp\/v2\/types\/product"}],"replies":[{"embeddable":true,"href":"https:\/\/bogensportdiscount.ch\/fr\/wp-json\/wp\/v2\/comments?post=405329"}],"wp:featuredmedia":[{"embeddable":true,"href":"https:\/\/bogensportdiscount.ch\/fr\/wp-json\/wp\/v2\/media\/450761"}],"wp:attachment":[{"href":"https:\/\/bogensportdiscount.ch\/fr\/wp-json\/wp\/v2\/media?parent=405329"}],"wp:term":[{"taxonomy":"product_brand","embeddable":true,"href":"https:\/\/bogensportdiscount.ch\/fr\/wp-json\/wp\/v2\/product_brand?post=405329"},{"taxonomy":"product_cat","embeddable":true,"href":"https:\/\/bogensportdiscount.ch\/fr\/wp-json\/wp\/v2\/product_cat?post=405329"},{"taxonomy":"product_tag","embeddable":true,"href":"https:\/\/bogensportdiscount.ch\/fr\/wp-json\/wp\/v2\/product_tag?post=405329"}],"curies":[{"name":"wp","href":"https:\/\/api.w.org\/{rel}","templated":true}]}}