{"id":404985,"date":"2026-04-05T14:51:48","date_gmt":"2026-04-05T12:51:48","guid":{"rendered":"https:\/\/bogensportdiscount.ch\/produkt\/glue-in-points-tungsten-break-off-id3-2-para-premi-size-650-800-weight-80-90-100gr-12pk\/"},"modified":"2026-05-14T15:26:17","modified_gmt":"2026-05-14T13:26:17","slug":"skylon-einklebespitzen-tungsten-break-off-id32-parabolic-premium","status":"publish","type":"product","link":"https:\/\/bogensportdiscount.ch\/fr\/produit\/skylon-einklebespitzen-tungsten-break-off-id32-parabolic-premium\/","title":{"rendered":"SKYLON GEKLEBTE SPITZEN WOLFRAM BREAK-OFF ID3.2 PARA.\/PREMI. GR\u00d6SSE 12\/PK"},"content":{"rendered":"<p>Les pointes \u00e0 coller en tungst\u00e8ne SKYLON Break-Off sont con\u00e7ues pour des tubes de fl\u00e8che avec un diam\u00e8tre int\u00e9rieur (ID) de 3,2 mm et conviennent aux tubes au format parabolique et premium. Le design break-off permet un ajustement simple du poids en cassant des segments individuels.<\/p>\n<p>Le tungst\u00e8ne comme mat\u00e9riau offre une haute densit\u00e9 sous une forme compacte, ce qui permet une pointe plus lourde pour un volume moindre par rapport \u00e0 l'acier. Les pointes sont disponibles en trois niveaux de poids (100, 120 et 140 grain) et sont compatibles avec les valeurs de spine 350, 400, 500 et 650.<\/p>\n<ul>\n<li>Mat\u00e9riau : tungst\u00e8ne pour haute densit\u00e9<\/li>\n<li>Diam\u00e8tre int\u00e9rieur : ID 3,2 mm<\/li>\n<li>Syst\u00e8me break-off pour ajustement flexible du poids<\/li>\n<li>Compatible avec les tubes paraboliques et premium<\/li>\n<\/ul>","protected":false},"excerpt":{"rendered":"<table>\n<tr>\n<th>Propri\u00e9t\u00e9<\/th>\n<th>Valeur<\/th>\n<\/tr>\n<tr>\n<td>Marque<\/td>\n<td>Skylon<\/td>\n<\/tr>\n<tr>\n<td>Pays d'origine<\/td>\n<td>Chine<\/td>\n<\/tr>\n<\/table>","protected":false},"featured_media":450718,"comment_status":"open","ping_status":"closed","template":"","meta":[],"product_brand":[457],"product_cat":[4543],"product_tag":[],"class_list":{"0":"post-404985","1":"product","2":"type-product","3":"status-publish","4":"has-post-thumbnail","6":"product_brand-skylon","7":"product_cat-einklebe-spitzen","8":"product_shipping_class-bsd-standard","10":"first","11":"instock","12":"shipping-taxable","13":"purchasable","14":"product-type-variable"},"yoast_head":"<!-- This site is optimized with the Yoast SEO plugin v27.6 - https:\/\/yoast.com\/product\/yoast-seo-wordpress\/ -->\n<title>SKYLON GEKLEBTE SPITZEN WOLFRAM BREAK-OFF ID3.2 PARA.\/PREMI. GR\u00d6SSE 12\/PK - Bogensportdiscount \u2013 B\u00f6gen, Pfeile, Targets &amp; Zubeh\u00f6r<\/title>\n<meta name=\"description\" content=\"SKYLON GEKLEBTE SPITZEN WOLFRAM BREAK-OFF ID3.2 PARA.\/PREMI. GR\u00d6SSE 12\/PK g\u00fcnstig kaufen bei Bogensportdiscount \u2013 Top-Marken, schneller Versand aus der Schweiz.\" \/>\n<meta name=\"robots\" content=\"index, follow, max-snippet:-1, max-image-preview:large, max-video-preview:-1\" \/>\n<link rel=\"canonical\" href=\"https:\/\/bogensportdiscount.ch\/fr\/produit\/skylon-einklebespitzen-tungsten-break-off-id32-parabolic-premium\/\" \/>\n<meta property=\"og:locale\" content=\"fr_FR\" \/>\n<meta property=\"og:type\" content=\"article\" \/>\n<meta property=\"og:title\" content=\"SKYLON GEKLEBTE SPITZEN WOLFRAM BREAK-OFF ID3.2 PARA.\/PREMI. GR\u00d6SSE 12\/PK - Bogensportdiscount \u2013 B\u00f6gen, Pfeile, Targets &amp; Zubeh\u00f6r\" \/>\n<meta property=\"og:description\" content=\"SKYLON GEKLEBTE SPITZEN WOLFRAM BREAK-OFF ID3.2 PARA.\/PREMI. GR\u00d6SSE 12\/PK g\u00fcnstig kaufen bei Bogensportdiscount \u2013 Top-Marken, schneller Versand aus der Schweiz.\" \/>\n<meta property=\"og:url\" content=\"https:\/\/bogensportdiscount.ch\/fr\/produit\/skylon-einklebespitzen-tungsten-break-off-id32-parabolic-premium\/\" \/>\n<meta property=\"og:site_name\" content=\"Bogensportdiscount \u2013 B\u00f6gen, Pfeile, Targets &amp; Zubeh\u00f6r\" \/>\n<meta property=\"article:modified_time\" content=\"2026-05-14T13:26:17+00:00\" \/>\n<meta property=\"og:image\" content=\"https:\/\/bogensportdiscount.ch\/wp-content\/uploads\/bsm-images\/A041758_1.png\" \/>\n\t<meta property=\"og:image:width\" content=\"2345\" \/>\n\t<meta property=\"og:image:height\" content=\"2973\" \/>\n\t<meta property=\"og:image:type\" content=\"image\/png\" \/>\n<meta name=\"twitter:card\" content=\"summary_large_image\" \/>\n<meta name=\"twitter:label1\" content=\"Dur\u00e9e de lecture estim\u00e9e\" \/>\n\t<meta name=\"twitter:data1\" content=\"1 minute\" \/>\n<script type=\"application\/ld+json\" class=\"yoast-schema-graph\">{\"@context\":\"https:\\\/\\\/schema.org\",\"@graph\":[{\"@type\":\"WebPage\",\"@id\":\"https:\\\/\\\/bogensportdiscount.ch\\\/produkt\\\/skylon-einklebespitzen-tungsten-break-off-id32-parabolic-premium\\\/\",\"url\":\"https:\\\/\\\/bogensportdiscount.ch\\\/produkt\\\/skylon-einklebespitzen-tungsten-break-off-id32-parabolic-premium\\\/\",\"name\":\"SKYLON GEKLEBTE SPITZEN WOLFRAM BREAK-OFF ID3.2 PARA.\\\/PREMI. GR\u00d6SSE 12\\\/PK - Bogensportdiscount \u2013 B\u00f6gen, Pfeile, Targets &amp; Zubeh\u00f6r\",\"isPartOf\":{\"@id\":\"https:\\\/\\\/bogensportdiscount.ch\\\/#website\"},\"primaryImageOfPage\":{\"@id\":\"https:\\\/\\\/bogensportdiscount.ch\\\/produkt\\\/skylon-einklebespitzen-tungsten-break-off-id32-parabolic-premium\\\/#primaryimage\"},\"image\":{\"@id\":\"https:\\\/\\\/bogensportdiscount.ch\\\/produkt\\\/skylon-einklebespitzen-tungsten-break-off-id32-parabolic-premium\\\/#primaryimage\"},\"thumbnailUrl\":\"https:\\\/\\\/bogensportdiscount.ch\\\/wp-content\\\/uploads\\\/bsm-images\\\/A041758_1.png\",\"datePublished\":\"2026-04-05T12:51:48+00:00\",\"dateModified\":\"2026-05-14T13:26:17+00:00\",\"description\":\"SKYLON GEKLEBTE SPITZEN WOLFRAM BREAK-OFF ID3.2 PARA.\\\/PREMI. GR\u00d6SSE 12\\\/PK g\u00fcnstig kaufen bei Bogensportdiscount \u2013 Top-Marken, schneller Versand aus der Schweiz.\",\"breadcrumb\":{\"@id\":\"https:\\\/\\\/bogensportdiscount.ch\\\/produkt\\\/skylon-einklebespitzen-tungsten-break-off-id32-parabolic-premium\\\/#breadcrumb\"},\"inLanguage\":\"fr-FR\",\"potentialAction\":[{\"@type\":\"ReadAction\",\"target\":[\"https:\\\/\\\/bogensportdiscount.ch\\\/produkt\\\/skylon-einklebespitzen-tungsten-break-off-id32-parabolic-premium\\\/\"]}]},{\"@type\":\"ImageObject\",\"inLanguage\":\"fr-FR\",\"@id\":\"https:\\\/\\\/bogensportdiscount.ch\\\/produkt\\\/skylon-einklebespitzen-tungsten-break-off-id32-parabolic-premium\\\/#primaryimage\",\"url\":\"https:\\\/\\\/bogensportdiscount.ch\\\/wp-content\\\/uploads\\\/bsm-images\\\/A041758_1.png\",\"contentUrl\":\"https:\\\/\\\/bogensportdiscount.ch\\\/wp-content\\\/uploads\\\/bsm-images\\\/A041758_1.png\",\"width\":2345,\"height\":2973},{\"@type\":\"BreadcrumbList\",\"@id\":\"https:\\\/\\\/bogensportdiscount.ch\\\/produkt\\\/skylon-einklebespitzen-tungsten-break-off-id32-parabolic-premium\\\/#breadcrumb\",\"itemListElement\":[{\"@type\":\"ListItem\",\"position\":1,\"name\":\"Home\",\"item\":\"https:\\\/\\\/bogensportdiscount.ch\\\/\"},{\"@type\":\"ListItem\",\"position\":2,\"name\":\"Shop\",\"item\":\"https:\\\/\\\/bogensportdiscount.ch\\\/shop\\\/\"},{\"@type\":\"ListItem\",\"position\":3,\"name\":\"SKYLON GEKLEBTE SPITZEN WOLFRAM BREAK-OFF ID3.2 PARA.\\\/PREMI. GR\u00d6SSE 12\\\/PK\"}]},{\"@type\":\"WebSite\",\"@id\":\"https:\\\/\\\/bogensportdiscount.ch\\\/#website\",\"url\":\"https:\\\/\\\/bogensportdiscount.ch\\\/\",\"name\":\"Bogensportdiscount\",\"description\":\"\",\"potentialAction\":[{\"@type\":\"SearchAction\",\"target\":{\"@type\":\"EntryPoint\",\"urlTemplate\":\"https:\\\/\\\/bogensportdiscount.ch\\\/?s={search_term_string}\"},\"query-input\":{\"@type\":\"PropertyValueSpecification\",\"valueRequired\":true,\"valueName\":\"search_term_string\"}}],\"inLanguage\":\"fr-FR\"}]}<\/script>\n<!-- \/ Yoast SEO plugin. -->","yoast_head_json":{"title":"SKYLON GEKLEBTE SPITZEN WOLFRAM BREAK-OFF ID3.2 PARA.\/PREMI. GR\u00d6SSE 12\/PK - Bogensportdiscount \u2013 B\u00f6gen, Pfeile, Targets &amp; Zubeh\u00f6r","description":"SKYLON GEKLEBTE SPITZEN WOLFRAM BREAK-OFF ID3.2 PARA.\/PREMI. GR\u00d6SSE 12\/PK g\u00fcnstig kaufen bei Bogensportdiscount \u2013 Top-Marken, schneller Versand aus der Schweiz.","robots":{"index":"index","follow":"follow","max-snippet":"max-snippet:-1","max-image-preview":"max-image-preview:large","max-video-preview":"max-video-preview:-1"},"canonical":"https:\/\/bogensportdiscount.ch\/fr\/produit\/skylon-einklebespitzen-tungsten-break-off-id32-parabolic-premium\/","og_locale":"fr_FR","og_type":"article","og_title":"SKYLON GEKLEBTE SPITZEN WOLFRAM BREAK-OFF ID3.2 PARA.\/PREMI. GR\u00d6SSE 12\/PK - Bogensportdiscount \u2013 B\u00f6gen, Pfeile, Targets &amp; Zubeh\u00f6r","og_description":"SKYLON GEKLEBTE SPITZEN WOLFRAM BREAK-OFF ID3.2 PARA.\/PREMI. GR\u00d6SSE 12\/PK g\u00fcnstig kaufen bei Bogensportdiscount \u2013 Top-Marken, schneller Versand aus der Schweiz.","og_url":"https:\/\/bogensportdiscount.ch\/fr\/produit\/skylon-einklebespitzen-tungsten-break-off-id32-parabolic-premium\/","og_site_name":"Bogensportdiscount \u2013 B\u00f6gen, Pfeile, Targets &amp; Zubeh\u00f6r","article_modified_time":"2026-05-14T13:26:17+00:00","og_image":[{"url":"https:\/\/bogensportdiscount.ch\/wp-content\/uploads\/bsm-images\/A041758_1.png","width":2345,"height":2973,"type":"image\/png"}],"twitter_card":"summary_large_image","twitter_misc":{"Dur\u00e9e de lecture estim\u00e9e":"1 minute"},"schema":{"@context":"https:\/\/schema.org","@graph":[{"@type":"WebPage","@id":"https:\/\/bogensportdiscount.ch\/produkt\/skylon-einklebespitzen-tungsten-break-off-id32-parabolic-premium\/","url":"https:\/\/bogensportdiscount.ch\/produkt\/skylon-einklebespitzen-tungsten-break-off-id32-parabolic-premium\/","name":"SKYLON GEKLEBTE SPITZEN WOLFRAM BREAK-OFF ID3.2 PARA.\/PREMI. GR\u00d6SSE 12\/PK - Bogensportdiscount \u2013 B\u00f6gen, Pfeile, Targets &amp; Zubeh\u00f6r","isPartOf":{"@id":"https:\/\/bogensportdiscount.ch\/#website"},"primaryImageOfPage":{"@id":"https:\/\/bogensportdiscount.ch\/produkt\/skylon-einklebespitzen-tungsten-break-off-id32-parabolic-premium\/#primaryimage"},"image":{"@id":"https:\/\/bogensportdiscount.ch\/produkt\/skylon-einklebespitzen-tungsten-break-off-id32-parabolic-premium\/#primaryimage"},"thumbnailUrl":"https:\/\/bogensportdiscount.ch\/wp-content\/uploads\/bsm-images\/A041758_1.png","datePublished":"2026-04-05T12:51:48+00:00","dateModified":"2026-05-14T13:26:17+00:00","description":"SKYLON GEKLEBTE SPITZEN WOLFRAM BREAK-OFF ID3.2 PARA.\/PREMI. GR\u00d6SSE 12\/PK g\u00fcnstig kaufen bei Bogensportdiscount \u2013 Top-Marken, schneller Versand aus der Schweiz.","breadcrumb":{"@id":"https:\/\/bogensportdiscount.ch\/produkt\/skylon-einklebespitzen-tungsten-break-off-id32-parabolic-premium\/#breadcrumb"},"inLanguage":"fr-FR","potentialAction":[{"@type":"ReadAction","target":["https:\/\/bogensportdiscount.ch\/produkt\/skylon-einklebespitzen-tungsten-break-off-id32-parabolic-premium\/"]}]},{"@type":"ImageObject","inLanguage":"fr-FR","@id":"https:\/\/bogensportdiscount.ch\/produkt\/skylon-einklebespitzen-tungsten-break-off-id32-parabolic-premium\/#primaryimage","url":"https:\/\/bogensportdiscount.ch\/wp-content\/uploads\/bsm-images\/A041758_1.png","contentUrl":"https:\/\/bogensportdiscount.ch\/wp-content\/uploads\/bsm-images\/A041758_1.png","width":2345,"height":2973},{"@type":"BreadcrumbList","@id":"https:\/\/bogensportdiscount.ch\/produkt\/skylon-einklebespitzen-tungsten-break-off-id32-parabolic-premium\/#breadcrumb","itemListElement":[{"@type":"ListItem","position":1,"name":"Home","item":"https:\/\/bogensportdiscount.ch\/"},{"@type":"ListItem","position":2,"name":"Shop","item":"https:\/\/bogensportdiscount.ch\/shop\/"},{"@type":"ListItem","position":3,"name":"SKYLON GEKLEBTE SPITZEN WOLFRAM BREAK-OFF ID3.2 PARA.\/PREMI. GR\u00d6SSE 12\/PK"}]},{"@type":"WebSite","@id":"https:\/\/bogensportdiscount.ch\/#website","url":"https:\/\/bogensportdiscount.ch\/","name":"Bogensportdiscount","description":"","potentialAction":[{"@type":"SearchAction","target":{"@type":"EntryPoint","urlTemplate":"https:\/\/bogensportdiscount.ch\/?s={search_term_string}"},"query-input":{"@type":"PropertyValueSpecification","valueRequired":true,"valueName":"search_term_string"}}],"inLanguage":"fr-FR"}]}},"_links":{"self":[{"href":"https:\/\/bogensportdiscount.ch\/fr\/wp-json\/wp\/v2\/product\/404985","targetHints":{"allow":["GET"]}}],"collection":[{"href":"https:\/\/bogensportdiscount.ch\/fr\/wp-json\/wp\/v2\/product"}],"about":[{"href":"https:\/\/bogensportdiscount.ch\/fr\/wp-json\/wp\/v2\/types\/product"}],"replies":[{"embeddable":true,"href":"https:\/\/bogensportdiscount.ch\/fr\/wp-json\/wp\/v2\/comments?post=404985"}],"wp:featuredmedia":[{"embeddable":true,"href":"https:\/\/bogensportdiscount.ch\/fr\/wp-json\/wp\/v2\/media\/450718"}],"wp:attachment":[{"href":"https:\/\/bogensportdiscount.ch\/fr\/wp-json\/wp\/v2\/media?parent=404985"}],"wp:term":[{"taxonomy":"product_brand","embeddable":true,"href":"https:\/\/bogensportdiscount.ch\/fr\/wp-json\/wp\/v2\/product_brand?post=404985"},{"taxonomy":"product_cat","embeddable":true,"href":"https:\/\/bogensportdiscount.ch\/fr\/wp-json\/wp\/v2\/product_cat?post=404985"},{"taxonomy":"product_tag","embeddable":true,"href":"https:\/\/bogensportdiscount.ch\/fr\/wp-json\/wp\/v2\/product_tag?post=404985"}],"curies":[{"name":"wp","href":"https:\/\/api.w.org\/{rel}","templated":true}]}}