{"id":404977,"date":"2026-04-05T14:51:47","date_gmt":"2026-04-05T12:51:47","guid":{"rendered":"https:\/\/bogensportdiscount.ch\/produkt\/shafts-preminens-id3-2-350-32-pin-included-12-pk\/"},"modified":"2026-04-19T11:54:04","modified_gmt":"2026-04-19T09:54:04","slug":"skylon-carbon-zielschaft-preminens-id32","status":"publish","type":"product","link":"https:\/\/bogensportdiscount.ch\/fr\/produit\/skylon-carbon-zielschaft-preminens-id32\/","title":{"rendered":"SKYLON SCHAEFTE CARBON PREMINENS ID3.2 12\/PK"},"content":{"rendered":"<p>Der Skylon Preminens ID3.2 ist ein Carbon-Zielschaft f\u00fcr den anspruchsvollen Bogensport. Der standardisierte Innendurchmesser von 3.2 mm erm\u00f6glicht die Verwendung g\u00e4ngiger Eins\u00e4tze und Komponenten in diesem Format.<\/p>\n<p>Die Sch\u00e4fte sind in den L\u00e4ngen 31&#8243; und 32&#8243; erh\u00e4ltlich und decken mit den Spine-Werten 350, 400, 450, 500, 550, 600 und 650 ein breites Spektrum an Bogenst\u00e4rken und Schiessstilen ab. Die Fertigung erfolgt in China.<\/p>\n<ul>\n<li>Innendurchmesser ID3.2 mm<\/li>\n<li>Verf\u00fcgbare L\u00e4ngen: 31&#8243; und 32&#8243;<\/li>\n<li>Spine-Auswahl: 350 bis 650<\/li>\n<li>Carbon-Konstruktion f\u00fcr den Zielschuss<\/li>\n<\/ul>","protected":false},"excerpt":{"rendered":"<p>Der Skylon Preminens ID3.2 ist ein Carbon-Zielschaft mit einem Innendurchmesser von 3.2 mm. Erh\u00e4ltlich in den L\u00e4ngen 31&#8243; und 32&#8243; sowie in den Spine-Werten 350 bis 650 f\u00fcr verschiedene Zuggewichte und Bogenstile.<\/p>","protected":false},"featured_media":450717,"comment_status":"open","ping_status":"closed","template":"","meta":[],"product_brand":[457],"product_cat":[4236],"product_tag":[],"class_list":{"0":"post-404977","1":"product","2":"type-product","3":"status-publish","4":"has-post-thumbnail","6":"product_brand-skylon","7":"product_cat-carbon-schaefte","9":"first","10":"instock","11":"shipping-taxable","12":"purchasable","13":"product-type-variable"},"_links":{"self":[{"href":"https:\/\/bogensportdiscount.ch\/fr\/wp-json\/wp\/v2\/product\/404977","targetHints":{"allow":["GET"]}}],"collection":[{"href":"https:\/\/bogensportdiscount.ch\/fr\/wp-json\/wp\/v2\/product"}],"about":[{"href":"https:\/\/bogensportdiscount.ch\/fr\/wp-json\/wp\/v2\/types\/product"}],"replies":[{"embeddable":true,"href":"https:\/\/bogensportdiscount.ch\/fr\/wp-json\/wp\/v2\/comments?post=404977"}],"wp:featuredmedia":[{"embeddable":true,"href":"https:\/\/bogensportdiscount.ch\/fr\/wp-json\/wp\/v2\/media\/450717"}],"wp:attachment":[{"href":"https:\/\/bogensportdiscount.ch\/fr\/wp-json\/wp\/v2\/media?parent=404977"}],"wp:term":[{"taxonomy":"product_brand","embeddable":true,"href":"https:\/\/bogensportdiscount.ch\/fr\/wp-json\/wp\/v2\/product_brand?post=404977"},{"taxonomy":"product_cat","embeddable":true,"href":"https:\/\/bogensportdiscount.ch\/fr\/wp-json\/wp\/v2\/product_cat?post=404977"},{"taxonomy":"product_tag","embeddable":true,"href":"https:\/\/bogensportdiscount.ch\/fr\/wp-json\/wp\/v2\/product_tag?post=404977"}],"curies":[{"name":"wp","href":"https:\/\/api.w.org\/{rel}","templated":true}]}}