{"id":404809,"date":"2026-04-05T14:51:34","date_gmt":"2026-04-05T12:51:34","guid":{"rendered":"https:\/\/bogensportdiscount.ch\/produkt\/arrow-pullers-steady-black\/"},"modified":"2026-04-17T13:46:40","modified_gmt":"2026-04-17T11:46:40","slug":"avalon-pfeilzieher-steady","status":"publish","type":"product","link":"https:\/\/bogensportdiscount.ch\/fr\/produit\/avalon-pfeilzieher-steady\/","title":{"rendered":"AVALON ARROW PULLERS STEADY"},"content":{"rendered":"<p>Der AVALON Steady ist ein Pfeilzieher, der beim Herausziehen von Pfeilen aus Zielscheiben Halt und Griffigkeit bietet. Das Hilfsmittel sch\u00fctzt sowohl den Pfeil als auch die Hand beim Herausziehen fest sitzender Pfeile.<\/p>\n<p>Dank der griffigen Oberfl\u00e4che l\u00e4sst sich der Pfeilschaft sicher umfassen, ohne ihn zu besch\u00e4digen. Der Steady ist ein praktisches Werkzeug f\u00fcr Training und Wettkampf.<\/p>\n<ul>\n<li>Sicherer Griff beim Pfeilherausziehen<\/li>\n<li>Sch\u00fctzt Pfeilschaft und Hand<\/li>\n<li>Geeignet f\u00fcr Training und Wettkampf<\/li>\n<li>Erh\u00e4ltlich in 6 Farben: Schwarz, Blau, Gr\u00fcn, Orange, Lila, Rot<\/li>\n<\/ul>","protected":false},"excerpt":{"rendered":"<p><strong>Marque :<\/strong> Avalon<\/p>","protected":false},"featured_media":450684,"comment_status":"open","ping_status":"closed","template":"","meta":[],"product_brand":[449],"product_cat":[4364],"product_tag":[],"class_list":{"0":"post-404809","1":"product","2":"type-product","3":"status-publish","4":"has-post-thumbnail","6":"product_brand-avalon","7":"product_cat-arrow-pullers","9":"first","10":"instock","11":"shipping-taxable","12":"purchasable","13":"product-type-variable"},"_links":{"self":[{"href":"https:\/\/bogensportdiscount.ch\/fr\/wp-json\/wp\/v2\/product\/404809","targetHints":{"allow":["GET"]}}],"collection":[{"href":"https:\/\/bogensportdiscount.ch\/fr\/wp-json\/wp\/v2\/product"}],"about":[{"href":"https:\/\/bogensportdiscount.ch\/fr\/wp-json\/wp\/v2\/types\/product"}],"replies":[{"embeddable":true,"href":"https:\/\/bogensportdiscount.ch\/fr\/wp-json\/wp\/v2\/comments?post=404809"}],"wp:featuredmedia":[{"embeddable":true,"href":"https:\/\/bogensportdiscount.ch\/fr\/wp-json\/wp\/v2\/media\/450684"}],"wp:attachment":[{"href":"https:\/\/bogensportdiscount.ch\/fr\/wp-json\/wp\/v2\/media?parent=404809"}],"wp:term":[{"taxonomy":"product_brand","embeddable":true,"href":"https:\/\/bogensportdiscount.ch\/fr\/wp-json\/wp\/v2\/product_brand?post=404809"},{"taxonomy":"product_cat","embeddable":true,"href":"https:\/\/bogensportdiscount.ch\/fr\/wp-json\/wp\/v2\/product_cat?post=404809"},{"taxonomy":"product_tag","embeddable":true,"href":"https:\/\/bogensportdiscount.ch\/fr\/wp-json\/wp\/v2\/product_tag?post=404809"}],"curies":[{"name":"wp","href":"https:\/\/api.w.org\/{rel}","templated":true}]}}