{"id":404770,"date":"2026-04-05T14:51:30","date_gmt":"2026-04-05T12:51:30","guid":{"rendered":"https:\/\/bogensportdiscount.ch\/produkt\/horse-bow-traditional-authentic-ktb-ii-48-35-lbs-carbon-rh-lh-incl-string\/"},"modified":"2026-04-17T19:17:50","modified_gmt":"2026-04-17T17:17:50","slug":"freddie-reiterbogen-traditional-authentic-ktb-ii-48","status":"publish","type":"product","link":"https:\/\/bogensportdiscount.ch\/fr\/produit\/freddie-reiterbogen-traditional-authentic-ktb-ii-48\/","title":{"rendered":"FREDDIE ARCHERY AUTHENTIC KTB II"},"content":{"rendered":"<p>Der FREDDIE Authentic KTB II ist ein traditioneller Reiterbogen mit einer kompakten L\u00e4nge von 48 Zoll. Die kurze Bauform macht ihn ideal f\u00fcr den Einsatz zu Pferd, erm\u00f6glicht aber ebenso das klassische Bogenschiessen am Boden.<\/p>\n<p>Das Modell ist in sechs Zuggewichten von 30 bis 55 LBS erh\u00e4ltlich, sodass sowohl Einsteiger als auch erfahrene Bogensch\u00fctzen das passende Zuggewicht w\u00e4hlen k\u00f6nnen.<\/p>\n<ul>\n<li>Kompakte Bogenl\u00e4nge von 48 Zoll \u2013 geeignet f\u00fcr den Reitereinsatz<\/li>\n<li>Traditionelle Bauweise ohne technische Hilfsmittel<\/li>\n<li>Zuggewichte: 30, 35, 40, 45, 50 und 55 LBS<\/li>\n<li>F\u00fcr traditionelles Bogenschiessen zu Pferd und zu Fuss<\/li>\n<\/ul>","protected":false},"excerpt":{"rendered":"<p><strong>Marque :<\/strong> Freddie Archery<\/p>","protected":false},"featured_media":450675,"comment_status":"open","ping_status":"closed","template":"","meta":[],"product_brand":[803],"product_cat":[3463],"product_tag":[],"class_list":{"0":"post-404770","1":"product","2":"type-product","3":"status-publish","4":"has-post-thumbnail","6":"product_brand-freddie","7":"product_cat-reiterboegen","9":"first","10":"onbackorder","11":"shipping-taxable","12":"purchasable","13":"product-type-variable"},"_links":{"self":[{"href":"https:\/\/bogensportdiscount.ch\/fr\/wp-json\/wp\/v2\/product\/404770","targetHints":{"allow":["GET"]}}],"collection":[{"href":"https:\/\/bogensportdiscount.ch\/fr\/wp-json\/wp\/v2\/product"}],"about":[{"href":"https:\/\/bogensportdiscount.ch\/fr\/wp-json\/wp\/v2\/types\/product"}],"replies":[{"embeddable":true,"href":"https:\/\/bogensportdiscount.ch\/fr\/wp-json\/wp\/v2\/comments?post=404770"}],"wp:featuredmedia":[{"embeddable":true,"href":"https:\/\/bogensportdiscount.ch\/fr\/wp-json\/wp\/v2\/media\/450675"}],"wp:attachment":[{"href":"https:\/\/bogensportdiscount.ch\/fr\/wp-json\/wp\/v2\/media?parent=404770"}],"wp:term":[{"taxonomy":"product_brand","embeddable":true,"href":"https:\/\/bogensportdiscount.ch\/fr\/wp-json\/wp\/v2\/product_brand?post=404770"},{"taxonomy":"product_cat","embeddable":true,"href":"https:\/\/bogensportdiscount.ch\/fr\/wp-json\/wp\/v2\/product_cat?post=404770"},{"taxonomy":"product_tag","embeddable":true,"href":"https:\/\/bogensportdiscount.ch\/fr\/wp-json\/wp\/v2\/product_tag?post=404770"}],"curies":[{"name":"wp","href":"https:\/\/api.w.org\/{rel}","templated":true}]}}