{"id":404658,"date":"2026-04-05T14:51:21","date_gmt":"2026-04-05T12:51:21","guid":{"rendered":"https:\/\/bogensportdiscount.ch\/produkt\/3d-target-doe-drinking-l67-x-w18-x-h93cm-group-3\/"},"modified":"2026-05-14T15:26:15","modified_gmt":"2026-05-14T13:26:15","slug":"beier-3d-ziel-hirschkuh-l95-b18-h105cm-gruppe-3","status":"publish","type":"product","link":"https:\/\/bogensportdiscount.ch\/fr\/produit\/beier-3d-ziel-hirschkuh-l95-b18-h105cm-gruppe-3\/","title":{"rendered":"BEIER CIBLE 3D DOE GROUP 3"},"content":{"rendered":"<p>La cible 3D BEIER Biche (Doe) est une reproduction animale \u00e0 l'\u00e9chelle au format L95 x L18 x H105 cm et est class\u00e9e dans le groupe 3. La cible est fabriqu\u00e9e dans un mat\u00e9riau robuste et con\u00e7ue pour une utilisation sur les parcours de tir \u00e0 l'arc 3D, o\u00f9 des situations animali\u00e8res r\u00e9alistes sont simul\u00e9es.<\/p>\n<p>La silhouette de biche permet un entra\u00eenement pratique pour le tir \u00e0 l'arc de chasse ainsi que pour les comp\u00e9titions selon le r\u00e8glement 3D. La zone de frappe clairement d\u00e9finie r\u00e9pond aux exigences courantes des tournois 3D. Le produit est fabriqu\u00e9 en Allemagne.<\/p>\n<ul>\n<li>Taille : L95 x L18 x H105 cm<\/li>\n<li>Classification : Groupe 3<\/li>\n<li>Forme de biche r\u00e9aliste pour le parcours 3D<\/li>\n<li>Fabriqu\u00e9 en Allemagne<\/li>\n<\/ul>","protected":false},"excerpt":{"rendered":"<table>\n<tr>\n<th>Propri\u00e9t\u00e9<\/th>\n<th>Valeur<\/th>\n<\/tr>\n<tr>\n<td>Marque<\/td>\n<td>Beier<\/td>\n<\/tr>\n<tr>\n<td>Pays d'origine<\/td>\n<td>Allemagne<\/td>\n<\/tr>\n<\/table>","protected":false},"featured_media":523695,"comment_status":"open","ping_status":"closed","template":"","meta":[],"product_brand":[831],"product_cat":[4147],"product_tag":[],"class_list":{"0":"post-404658","1":"product","2":"type-product","3":"status-publish","4":"has-post-thumbnail","6":"product_brand-beier","7":"product_cat-hirsch","8":"product_shipping_class-bsd-sperrgut","10":"first","11":"instock","12":"shipping-taxable","13":"purchasable","14":"product-type-variable"},"yoast_head":"<!-- This site is optimized with the Yoast SEO plugin v27.6 - https:\/\/yoast.com\/product\/yoast-seo-wordpress\/ -->\n<title>BEIER 3D-ZIEL DOE GROUP 3 - Bogensportdiscount \u2013 B\u00f6gen, Pfeile, Targets &amp; Zubeh\u00f6r<\/title>\n<meta name=\"description\" content=\"BEIER 3D-ZIEL DOE GROUP 3 g\u00fcnstig kaufen bei Bogensportdiscount \u2013 Top-Marken, schneller Versand aus der Schweiz.\" \/>\n<meta name=\"robots\" content=\"index, follow, max-snippet:-1, max-image-preview:large, max-video-preview:-1\" \/>\n<link rel=\"canonical\" href=\"https:\/\/bogensportdiscount.ch\/fr\/produit\/beier-3d-ziel-hirschkuh-l95-b18-h105cm-gruppe-3\/\" \/>\n<meta property=\"og:locale\" content=\"fr_FR\" \/>\n<meta property=\"og:type\" content=\"article\" \/>\n<meta property=\"og:title\" content=\"BEIER 3D-ZIEL DOE GROUP 3 - Bogensportdiscount \u2013 B\u00f6gen, Pfeile, Targets &amp; Zubeh\u00f6r\" \/>\n<meta property=\"og:description\" content=\"BEIER 3D-ZIEL DOE GROUP 3 g\u00fcnstig kaufen bei Bogensportdiscount \u2013 Top-Marken, schneller Versand aus der Schweiz.\" \/>\n<meta property=\"og:url\" content=\"https:\/\/bogensportdiscount.ch\/fr\/produit\/beier-3d-ziel-hirschkuh-l95-b18-h105cm-gruppe-3\/\" \/>\n<meta property=\"og:site_name\" content=\"Bogensportdiscount \u2013 B\u00f6gen, Pfeile, Targets &amp; Zubeh\u00f6r\" \/>\n<meta property=\"article:modified_time\" content=\"2026-05-14T13:26:15+00:00\" \/>\n<meta property=\"og:image\" content=\"https:\/\/bogensportdiscount.ch\/wp-content\/uploads\/bsm-images\/A040377_1.jpg\" \/>\n\t<meta property=\"og:image:width\" content=\"1772\" \/>\n\t<meta property=\"og:image:height\" content=\"1181\" \/>\n\t<meta property=\"og:image:type\" content=\"image\/jpeg\" \/>\n<meta name=\"twitter:card\" content=\"summary_large_image\" \/>\n<script type=\"application\/ld+json\" class=\"yoast-schema-graph\">{\"@context\":\"https:\\\/\\\/schema.org\",\"@graph\":[{\"@type\":\"WebPage\",\"@id\":\"https:\\\/\\\/bogensportdiscount.ch\\\/produkt\\\/beier-3d-ziel-hirschkuh-l95-b18-h105cm-gruppe-3\\\/\",\"url\":\"https:\\\/\\\/bogensportdiscount.ch\\\/produkt\\\/beier-3d-ziel-hirschkuh-l95-b18-h105cm-gruppe-3\\\/\",\"name\":\"BEIER 3D-ZIEL DOE GROUP 3 - Bogensportdiscount \u2013 B\u00f6gen, Pfeile, Targets &amp; Zubeh\u00f6r\",\"isPartOf\":{\"@id\":\"https:\\\/\\\/bogensportdiscount.ch\\\/#website\"},\"primaryImageOfPage\":{\"@id\":\"https:\\\/\\\/bogensportdiscount.ch\\\/produkt\\\/beier-3d-ziel-hirschkuh-l95-b18-h105cm-gruppe-3\\\/#primaryimage\"},\"image\":{\"@id\":\"https:\\\/\\\/bogensportdiscount.ch\\\/produkt\\\/beier-3d-ziel-hirschkuh-l95-b18-h105cm-gruppe-3\\\/#primaryimage\"},\"thumbnailUrl\":\"https:\\\/\\\/bogensportdiscount.ch\\\/wp-content\\\/uploads\\\/bsm-images\\\/A040377_1.jpg\",\"datePublished\":\"2026-04-05T12:51:21+00:00\",\"dateModified\":\"2026-05-14T13:26:15+00:00\",\"description\":\"BEIER 3D-ZIEL DOE GROUP 3 g\u00fcnstig kaufen bei Bogensportdiscount \u2013 Top-Marken, schneller Versand aus der Schweiz.\",\"breadcrumb\":{\"@id\":\"https:\\\/\\\/bogensportdiscount.ch\\\/produkt\\\/beier-3d-ziel-hirschkuh-l95-b18-h105cm-gruppe-3\\\/#breadcrumb\"},\"inLanguage\":\"fr-FR\",\"potentialAction\":[{\"@type\":\"ReadAction\",\"target\":[\"https:\\\/\\\/bogensportdiscount.ch\\\/produkt\\\/beier-3d-ziel-hirschkuh-l95-b18-h105cm-gruppe-3\\\/\"]}]},{\"@type\":\"ImageObject\",\"inLanguage\":\"fr-FR\",\"@id\":\"https:\\\/\\\/bogensportdiscount.ch\\\/produkt\\\/beier-3d-ziel-hirschkuh-l95-b18-h105cm-gruppe-3\\\/#primaryimage\",\"url\":\"https:\\\/\\\/bogensportdiscount.ch\\\/wp-content\\\/uploads\\\/bsm-images\\\/A040377_1.jpg\",\"contentUrl\":\"https:\\\/\\\/bogensportdiscount.ch\\\/wp-content\\\/uploads\\\/bsm-images\\\/A040377_1.jpg\",\"width\":1772,\"height\":1181},{\"@type\":\"BreadcrumbList\",\"@id\":\"https:\\\/\\\/bogensportdiscount.ch\\\/produkt\\\/beier-3d-ziel-hirschkuh-l95-b18-h105cm-gruppe-3\\\/#breadcrumb\",\"itemListElement\":[{\"@type\":\"ListItem\",\"position\":1,\"name\":\"Home\",\"item\":\"https:\\\/\\\/bogensportdiscount.ch\\\/\"},{\"@type\":\"ListItem\",\"position\":2,\"name\":\"Shop\",\"item\":\"https:\\\/\\\/bogensportdiscount.ch\\\/shop\\\/\"},{\"@type\":\"ListItem\",\"position\":3,\"name\":\"BEIER 3D TARGET DOE GROUP 3\"}]},{\"@type\":\"WebSite\",\"@id\":\"https:\\\/\\\/bogensportdiscount.ch\\\/#website\",\"url\":\"https:\\\/\\\/bogensportdiscount.ch\\\/\",\"name\":\"Bogensportdiscount\",\"description\":\"\",\"potentialAction\":[{\"@type\":\"SearchAction\",\"target\":{\"@type\":\"EntryPoint\",\"urlTemplate\":\"https:\\\/\\\/bogensportdiscount.ch\\\/?s={search_term_string}\"},\"query-input\":{\"@type\":\"PropertyValueSpecification\",\"valueRequired\":true,\"valueName\":\"search_term_string\"}}],\"inLanguage\":\"fr-FR\"}]}<\/script>\n<!-- \/ Yoast SEO plugin. -->","yoast_head_json":{"title":"BEIER 3D-ZIEL DOE GROUP 3 - Bogensportdiscount \u2013 B\u00f6gen, Pfeile, Targets &amp; Zubeh\u00f6r","description":"BEIER 3D-ZIEL DOE GROUP 3 g\u00fcnstig kaufen bei Bogensportdiscount \u2013 Top-Marken, schneller Versand aus der Schweiz.","robots":{"index":"index","follow":"follow","max-snippet":"max-snippet:-1","max-image-preview":"max-image-preview:large","max-video-preview":"max-video-preview:-1"},"canonical":"https:\/\/bogensportdiscount.ch\/fr\/produit\/beier-3d-ziel-hirschkuh-l95-b18-h105cm-gruppe-3\/","og_locale":"fr_FR","og_type":"article","og_title":"BEIER 3D-ZIEL DOE GROUP 3 - Bogensportdiscount \u2013 B\u00f6gen, Pfeile, Targets &amp; Zubeh\u00f6r","og_description":"BEIER 3D-ZIEL DOE GROUP 3 g\u00fcnstig kaufen bei Bogensportdiscount \u2013 Top-Marken, schneller Versand aus der Schweiz.","og_url":"https:\/\/bogensportdiscount.ch\/fr\/produit\/beier-3d-ziel-hirschkuh-l95-b18-h105cm-gruppe-3\/","og_site_name":"Bogensportdiscount \u2013 B\u00f6gen, Pfeile, Targets &amp; Zubeh\u00f6r","article_modified_time":"2026-05-14T13:26:15+00:00","og_image":[{"width":1772,"height":1181,"url":"https:\/\/bogensportdiscount.ch\/wp-content\/uploads\/bsm-images\/A040377_1.jpg","type":"image\/jpeg"}],"twitter_card":"summary_large_image","schema":{"@context":"https:\/\/schema.org","@graph":[{"@type":"WebPage","@id":"https:\/\/bogensportdiscount.ch\/produkt\/beier-3d-ziel-hirschkuh-l95-b18-h105cm-gruppe-3\/","url":"https:\/\/bogensportdiscount.ch\/produkt\/beier-3d-ziel-hirschkuh-l95-b18-h105cm-gruppe-3\/","name":"BEIER 3D-ZIEL DOE GROUP 3 - Bogensportdiscount \u2013 B\u00f6gen, Pfeile, Targets &amp; Zubeh\u00f6r","isPartOf":{"@id":"https:\/\/bogensportdiscount.ch\/#website"},"primaryImageOfPage":{"@id":"https:\/\/bogensportdiscount.ch\/produkt\/beier-3d-ziel-hirschkuh-l95-b18-h105cm-gruppe-3\/#primaryimage"},"image":{"@id":"https:\/\/bogensportdiscount.ch\/produkt\/beier-3d-ziel-hirschkuh-l95-b18-h105cm-gruppe-3\/#primaryimage"},"thumbnailUrl":"https:\/\/bogensportdiscount.ch\/wp-content\/uploads\/bsm-images\/A040377_1.jpg","datePublished":"2026-04-05T12:51:21+00:00","dateModified":"2026-05-14T13:26:15+00:00","description":"BEIER 3D-ZIEL DOE GROUP 3 g\u00fcnstig kaufen bei Bogensportdiscount \u2013 Top-Marken, schneller Versand aus der Schweiz.","breadcrumb":{"@id":"https:\/\/bogensportdiscount.ch\/produkt\/beier-3d-ziel-hirschkuh-l95-b18-h105cm-gruppe-3\/#breadcrumb"},"inLanguage":"fr-FR","potentialAction":[{"@type":"ReadAction","target":["https:\/\/bogensportdiscount.ch\/produkt\/beier-3d-ziel-hirschkuh-l95-b18-h105cm-gruppe-3\/"]}]},{"@type":"ImageObject","inLanguage":"fr-FR","@id":"https:\/\/bogensportdiscount.ch\/produkt\/beier-3d-ziel-hirschkuh-l95-b18-h105cm-gruppe-3\/#primaryimage","url":"https:\/\/bogensportdiscount.ch\/wp-content\/uploads\/bsm-images\/A040377_1.jpg","contentUrl":"https:\/\/bogensportdiscount.ch\/wp-content\/uploads\/bsm-images\/A040377_1.jpg","width":1772,"height":1181},{"@type":"BreadcrumbList","@id":"https:\/\/bogensportdiscount.ch\/produkt\/beier-3d-ziel-hirschkuh-l95-b18-h105cm-gruppe-3\/#breadcrumb","itemListElement":[{"@type":"ListItem","position":1,"name":"Home","item":"https:\/\/bogensportdiscount.ch\/"},{"@type":"ListItem","position":2,"name":"Shop","item":"https:\/\/bogensportdiscount.ch\/shop\/"},{"@type":"ListItem","position":3,"name":"BEIER 3D TARGET DOE GROUP 3"}]},{"@type":"WebSite","@id":"https:\/\/bogensportdiscount.ch\/#website","url":"https:\/\/bogensportdiscount.ch\/","name":"Bogensportdiscount","description":"","potentialAction":[{"@type":"SearchAction","target":{"@type":"EntryPoint","urlTemplate":"https:\/\/bogensportdiscount.ch\/?s={search_term_string}"},"query-input":{"@type":"PropertyValueSpecification","valueRequired":true,"valueName":"search_term_string"}}],"inLanguage":"fr-FR"}]}},"_links":{"self":[{"href":"https:\/\/bogensportdiscount.ch\/fr\/wp-json\/wp\/v2\/product\/404658","targetHints":{"allow":["GET"]}}],"collection":[{"href":"https:\/\/bogensportdiscount.ch\/fr\/wp-json\/wp\/v2\/product"}],"about":[{"href":"https:\/\/bogensportdiscount.ch\/fr\/wp-json\/wp\/v2\/types\/product"}],"replies":[{"embeddable":true,"href":"https:\/\/bogensportdiscount.ch\/fr\/wp-json\/wp\/v2\/comments?post=404658"}],"wp:featuredmedia":[{"embeddable":true,"href":"https:\/\/bogensportdiscount.ch\/fr\/wp-json\/wp\/v2\/media\/523695"}],"wp:attachment":[{"href":"https:\/\/bogensportdiscount.ch\/fr\/wp-json\/wp\/v2\/media?parent=404658"}],"wp:term":[{"taxonomy":"product_brand","embeddable":true,"href":"https:\/\/bogensportdiscount.ch\/fr\/wp-json\/wp\/v2\/product_brand?post=404658"},{"taxonomy":"product_cat","embeddable":true,"href":"https:\/\/bogensportdiscount.ch\/fr\/wp-json\/wp\/v2\/product_cat?post=404658"},{"taxonomy":"product_tag","embeddable":true,"href":"https:\/\/bogensportdiscount.ch\/fr\/wp-json\/wp\/v2\/product_tag?post=404658"}],"curies":[{"name":"wp","href":"https:\/\/api.w.org\/{rel}","templated":true}]}}