{"id":404648,"date":"2026-04-05T14:51:20","date_gmt":"2026-04-05T12:51:20","guid":{"rendered":"https:\/\/bogensportdiscount.ch\/produkt\/3d-target-small-bear-brown-l24-x-w22-x-h71cm-group-3\/"},"modified":"2026-04-17T13:46:39","modified_gmt":"2026-04-17T11:46:39","slug":"beier-3d-ziel-kleiner-eisbaer-gruppe-3","status":"publish","type":"product","link":"https:\/\/bogensportdiscount.ch\/fr\/produit\/beier-3d-ziel-kleiner-eisbaer-gruppe-3\/","title":{"rendered":"BEIER 3D TARGET SMALL : L24 x W22 x H71cm GROUPE 3"},"content":{"rendered":"<p>Das BEIER 3D-Ziel \u00abKleiner Eisb\u00e4r\u00bb eignet sich f\u00fcr das Training im Garten, auf dem Parcours oder an 3D-Turnieren. Mit seinen Massen von 24 cm L\u00e4nge, 22 cm Breite und 71 cm H\u00f6he bietet es eine realistische Tiersilhouette als Schiessaufgabe f\u00fcr Bogensch\u00fctzen.<\/p>\n<p>Das Ziel ist der Gruppe 3 zugeordnet, was bei offiziellen 3D-Turnieren die Bewertung und Punktevergabe bestimmt. Es ist in den Farben Schwarz und Braun erh\u00e4ltlich.<\/p>\n<ul>\n<li>Realistische 3D-Tierdarstellung (Eisb\u00e4r)<\/li>\n<li>Masse: L24 x B22 x H71 cm<\/li>\n<li>Turniergruppe 3<\/li>\n<li>Erh\u00e4ltlich in Schwarz und Braun<\/li>\n<\/ul>","protected":false},"excerpt":{"rendered":"<p><strong>Marque :<\/strong> Beier<\/p>","protected":false},"featured_media":439779,"comment_status":"open","ping_status":"closed","template":"","meta":[],"product_brand":[831],"product_cat":[4311],"product_tag":[],"class_list":{"0":"post-404648","1":"product","2":"type-product","3":"status-publish","4":"has-post-thumbnail","6":"product_brand-beier","7":"product_cat-baeren-woelfe","9":"first","10":"instock","11":"shipping-taxable","12":"purchasable","13":"product-type-variable"},"_links":{"self":[{"href":"https:\/\/bogensportdiscount.ch\/fr\/wp-json\/wp\/v2\/product\/404648","targetHints":{"allow":["GET"]}}],"collection":[{"href":"https:\/\/bogensportdiscount.ch\/fr\/wp-json\/wp\/v2\/product"}],"about":[{"href":"https:\/\/bogensportdiscount.ch\/fr\/wp-json\/wp\/v2\/types\/product"}],"replies":[{"embeddable":true,"href":"https:\/\/bogensportdiscount.ch\/fr\/wp-json\/wp\/v2\/comments?post=404648"}],"wp:featuredmedia":[{"embeddable":true,"href":"https:\/\/bogensportdiscount.ch\/fr\/wp-json\/wp\/v2\/media\/439779"}],"wp:attachment":[{"href":"https:\/\/bogensportdiscount.ch\/fr\/wp-json\/wp\/v2\/media?parent=404648"}],"wp:term":[{"taxonomy":"product_brand","embeddable":true,"href":"https:\/\/bogensportdiscount.ch\/fr\/wp-json\/wp\/v2\/product_brand?post=404648"},{"taxonomy":"product_cat","embeddable":true,"href":"https:\/\/bogensportdiscount.ch\/fr\/wp-json\/wp\/v2\/product_cat?post=404648"},{"taxonomy":"product_tag","embeddable":true,"href":"https:\/\/bogensportdiscount.ch\/fr\/wp-json\/wp\/v2\/product_tag?post=404648"}],"curies":[{"name":"wp","href":"https:\/\/api.w.org\/{rel}","templated":true}]}}