{"id":404643,"date":"2026-04-05T14:51:19","date_gmt":"2026-04-05T12:51:19","guid":{"rendered":"https:\/\/bogensportdiscount.ch\/produkt\/3d-target-goose-white-l51-x-w27-x-h71cm-group-4\/"},"modified":"2026-04-17T13:46:39","modified_gmt":"2026-04-17T11:46:39","slug":"beier-3d-ziel-gans-grau-l51-b27-h71cm-gruppe-4","status":"publish","type":"product","link":"https:\/\/bogensportdiscount.ch\/fr\/produit\/beier-3d-ziel-gans-grau-l51-b27-h71cm-gruppe-4\/","title":{"rendered":"BEIER 3D TARGET : L51 x W27 x H71cm GROUPE 4"},"content":{"rendered":"<p>Das BEIER 3D-Ziel Gans ist ein detailgetreues 3D-Tiermodell f\u00fcr den Bogensport, das eine fliegende oder stehende Gans darstellt. Die Eingruppierung in Gruppe 4 entspricht den g\u00e4ngigen 3D-Bogensport-Klassifikationen und erm\u00f6glicht den Einsatz auf offiziellen 3D-Parcours und Wettk\u00e4mpfen.<\/p>\n<p>Mit den Abmessungen L51 x B27 x H71 cm bietet das Ziel eine realistische Gr\u00f6sse f\u00fcr ein Vogel-Ziel und fordert eine pr\u00e4zise Einsch\u00e4tzung der Trefferzonen. Das Modell ist in den Farbvarianten Grau und Weiss erh\u00e4ltlich.<\/p>\n<ul>\n<li>Gruppe 4 \u2013 geeignet f\u00fcr offizielle 3D-Wettk\u00e4mpfe<\/li>\n<li>Masse: L51 x B27 x H71 cm<\/li>\n<li>Verf\u00fcgbar in Grau und Weiss<\/li>\n<li>Vogel-Ziel der Kategorie Gans f\u00fcr realistische Parcourssituationen<\/li>\n<\/ul>","protected":false},"excerpt":{"rendered":"<p><strong>Marque :<\/strong> Beier<\/p>","protected":false},"featured_media":439785,"comment_status":"open","ping_status":"closed","template":"","meta":[],"product_brand":[831],"product_cat":[4148],"product_tag":[],"class_list":{"0":"post-404643","1":"product","2":"type-product","3":"status-publish","4":"has-post-thumbnail","6":"product_brand-beier","7":"product_cat-voegel-3d-ziele-ziele-auflagen","9":"first","10":"instock","11":"shipping-taxable","12":"purchasable","13":"product-type-variable"},"_links":{"self":[{"href":"https:\/\/bogensportdiscount.ch\/fr\/wp-json\/wp\/v2\/product\/404643","targetHints":{"allow":["GET"]}}],"collection":[{"href":"https:\/\/bogensportdiscount.ch\/fr\/wp-json\/wp\/v2\/product"}],"about":[{"href":"https:\/\/bogensportdiscount.ch\/fr\/wp-json\/wp\/v2\/types\/product"}],"replies":[{"embeddable":true,"href":"https:\/\/bogensportdiscount.ch\/fr\/wp-json\/wp\/v2\/comments?post=404643"}],"wp:featuredmedia":[{"embeddable":true,"href":"https:\/\/bogensportdiscount.ch\/fr\/wp-json\/wp\/v2\/media\/439785"}],"wp:attachment":[{"href":"https:\/\/bogensportdiscount.ch\/fr\/wp-json\/wp\/v2\/media?parent=404643"}],"wp:term":[{"taxonomy":"product_brand","embeddable":true,"href":"https:\/\/bogensportdiscount.ch\/fr\/wp-json\/wp\/v2\/product_brand?post=404643"},{"taxonomy":"product_cat","embeddable":true,"href":"https:\/\/bogensportdiscount.ch\/fr\/wp-json\/wp\/v2\/product_cat?post=404643"},{"taxonomy":"product_tag","embeddable":true,"href":"https:\/\/bogensportdiscount.ch\/fr\/wp-json\/wp\/v2\/product_tag?post=404643"}],"curies":[{"name":"wp","href":"https:\/\/api.w.org\/{rel}","templated":true}]}}