{"id":404603,"date":"2026-04-05T14:51:16","date_gmt":"2026-04-05T12:51:16","guid":{"rendered":"https:\/\/bogensportdiscount.ch\/produkt\/spin-vanes-round-50mm-hp-lh-fluo-black-50pack\/"},"modified":"2026-04-17T13:46:38","modified_gmt":"2026-04-17T11:46:38","slug":"xswings-spin-wings-rund-50mm-hp","status":"publish","type":"product","link":"https:\/\/bogensportdiscount.ch\/fr\/produit\/xswings-spin-wings-rund-50mm-hp\/","title":{"rendered":"XS WINGS 50MM HP SPIN VANE"},"content":{"rendered":"<p>Die XSWINGS Spin-Wings Rund 50mm HP sind einteilige Kunststoff-Befiederungen im runden Schnitt mit einer L\u00e4nge von 50mm. Sie werden als Spin-Wings eingesetzt und erzeugen durch ihre Form eine Rotation des Pfeils auf der Flugbahn, was die Stabilit\u00e4t und Pr\u00e4zision verbessert.<\/p>\n<p>Die Vanes sind in zwei Ausf\u00fchrungen f\u00fcr Links- und Rechtshandbogen erh\u00e4ltlich und k\u00f6nnen in einer grossen Auswahl an Farben bestellt werden, darunter Schwarz, Blau, Bronze, Gold, Gr\u00fcn, Orange, Pink, Lila, Rot, Silber, Teal und Weiss.<\/p>\n<ul>\n<li>Rundes Profil, 50mm L\u00e4nge<\/li>\n<li>Disponible pour gaucher et droitier<\/li>\n<li>12 Farbvarianten verf\u00fcgbar<\/li>\n<li>Geeignet f\u00fcr Standard-Pfeilsch\u00e4fte<\/li>\n<\/ul>","protected":false},"excerpt":{"rendered":"<p><strong>Marque :<\/strong> XS Wings<\/p>","protected":false},"featured_media":450651,"comment_status":"open","ping_status":"closed","template":"","meta":[],"product_brand":[434],"product_cat":[4257],"product_tag":[],"class_list":{"0":"post-404603","1":"product","2":"type-product","3":"status-publish","4":"has-post-thumbnail","6":"product_brand-xswings","7":"product_cat-spin-vanes","9":"first","10":"instock","11":"shipping-taxable","12":"purchasable","13":"product-type-variable"},"_links":{"self":[{"href":"https:\/\/bogensportdiscount.ch\/fr\/wp-json\/wp\/v2\/product\/404603","targetHints":{"allow":["GET"]}}],"collection":[{"href":"https:\/\/bogensportdiscount.ch\/fr\/wp-json\/wp\/v2\/product"}],"about":[{"href":"https:\/\/bogensportdiscount.ch\/fr\/wp-json\/wp\/v2\/types\/product"}],"replies":[{"embeddable":true,"href":"https:\/\/bogensportdiscount.ch\/fr\/wp-json\/wp\/v2\/comments?post=404603"}],"wp:featuredmedia":[{"embeddable":true,"href":"https:\/\/bogensportdiscount.ch\/fr\/wp-json\/wp\/v2\/media\/450651"}],"wp:attachment":[{"href":"https:\/\/bogensportdiscount.ch\/fr\/wp-json\/wp\/v2\/media?parent=404603"}],"wp:term":[{"taxonomy":"product_brand","embeddable":true,"href":"https:\/\/bogensportdiscount.ch\/fr\/wp-json\/wp\/v2\/product_brand?post=404603"},{"taxonomy":"product_cat","embeddable":true,"href":"https:\/\/bogensportdiscount.ch\/fr\/wp-json\/wp\/v2\/product_cat?post=404603"},{"taxonomy":"product_tag","embeddable":true,"href":"https:\/\/bogensportdiscount.ch\/fr\/wp-json\/wp\/v2\/product_tag?post=404603"}],"curies":[{"name":"wp","href":"https:\/\/api.w.org\/{rel}","templated":true}]}}