{"id":404556,"date":"2026-04-05T14:51:13","date_gmt":"2026-04-05T12:51:13","guid":{"rendered":"https:\/\/bogensportdiscount.ch\/produkt\/limbs-fiber-wood-progresser-24-66-12-lbs-22-64-14-lbs\/"},"modified":"2026-04-17T13:46:38","modified_gmt":"2026-04-17T11:46:38","slug":"wns-recurve-wurfarme-fiber-wood-progresser","status":"publish","type":"product","link":"https:\/\/bogensportdiscount.ch\/fr\/produit\/wns-recurve-wurfarme-fiber-wood-progresser\/","title":{"rendered":"WNS LIMBS FIBRE WOOD PROGRESSER LBS"},"content":{"rendered":"<p>Die WNS Fiber Wood Progresser Wurfarme sind f\u00fcr ILF-kompatible Recurveb\u00f6gen konzipiert und erm\u00f6glichen eine flexible Anpassung an unterschiedliche Sch\u00fctzenanforderungen. Dank des umfangreichen Sortiments an L\u00e4ngen und Zuggewichten lassen sich die Wurfarme sowohl f\u00fcr Einsteiger als auch f\u00fcr fortgeschrittene Bogensch\u00fctzen passend ausw\u00e4hlen.<\/p>\n<p>Der Aufbau aus Holzkern mit Fiberglaslagen sorgt f\u00fcr ein stabiles und vorhersehbares Abschussverhalten. Die Wurfarme sind in den L\u00e4ngen 19,5&#8243; und 24&#8243; verf\u00fcgbar und decken damit g\u00e4ngige Bogenl\u00e4ngen von 48&#8243; bis 70&#8243; ab.<\/p>\n<ul>\n<li>Breiter Zuggewichtsbereich von 10 bis 34 lbs<\/li>\n<li>Erh\u00e4ltlich in zwei L\u00e4ngen: 19,5&#8243; und 24&#8243;<\/li>\n<li>Holzkern mit Fiberglaslagen<\/li>\n<li>ILF-kompatibel f\u00fcr g\u00e4ngige Recurvebogen-Mittelteilsysteme<\/li>\n<\/ul>","protected":false},"excerpt":{"rendered":"<p><strong>Marque :<\/strong> WNS<\/p>","protected":false},"featured_media":439794,"comment_status":"open","ping_status":"closed","template":"","meta":[],"product_brand":[461],"product_cat":[4520],"product_tag":[],"class_list":{"0":"post-404556","1":"product","2":"type-product","3":"status-publish","4":"has-post-thumbnail","6":"product_brand-wns","7":"product_cat-recurve-wurfarme-recurve-boegen","9":"first","10":"instock","11":"shipping-taxable","12":"purchasable","13":"product-type-variable"},"_links":{"self":[{"href":"https:\/\/bogensportdiscount.ch\/fr\/wp-json\/wp\/v2\/product\/404556","targetHints":{"allow":["GET"]}}],"collection":[{"href":"https:\/\/bogensportdiscount.ch\/fr\/wp-json\/wp\/v2\/product"}],"about":[{"href":"https:\/\/bogensportdiscount.ch\/fr\/wp-json\/wp\/v2\/types\/product"}],"replies":[{"embeddable":true,"href":"https:\/\/bogensportdiscount.ch\/fr\/wp-json\/wp\/v2\/comments?post=404556"}],"wp:featuredmedia":[{"embeddable":true,"href":"https:\/\/bogensportdiscount.ch\/fr\/wp-json\/wp\/v2\/media\/439794"}],"wp:attachment":[{"href":"https:\/\/bogensportdiscount.ch\/fr\/wp-json\/wp\/v2\/media?parent=404556"}],"wp:term":[{"taxonomy":"product_brand","embeddable":true,"href":"https:\/\/bogensportdiscount.ch\/fr\/wp-json\/wp\/v2\/product_brand?post=404556"},{"taxonomy":"product_cat","embeddable":true,"href":"https:\/\/bogensportdiscount.ch\/fr\/wp-json\/wp\/v2\/product_cat?post=404556"},{"taxonomy":"product_tag","embeddable":true,"href":"https:\/\/bogensportdiscount.ch\/fr\/wp-json\/wp\/v2\/product_tag?post=404556"}],"curies":[{"name":"wp","href":"https:\/\/api.w.org\/{rel}","templated":true}]}}