{"id":404542,"date":"2026-04-05T14:51:12","date_gmt":"2026-04-05T12:51:12","guid":{"rendered":"https:\/\/bogensportdiscount.ch\/produkt\/arrows-ebony-id5-2-350-33-feather-4-in-nock-insert-12-pk\/"},"modified":"2026-05-14T15:26:14","modified_gmt":"2026-05-14T13:26:14","slug":"skylon-holzpfeile-ebony-id52-350-33-feder-4-in-nock-einsatz-12er-pack","status":"publish","type":"product","link":"https:\/\/bogensportdiscount.ch\/fr\/produit\/skylon-holzpfeile-ebony-id52-350-33-feder-4-in-nock-einsatz-12er-pack\/","title":{"rendered":"SKYLON ARROWS EBONY ID5.2 \/ 33\u2033 FEATHER 4\u2033 \/ IN-NOCK \/ INSERT 12\/PK"},"content":{"rendered":"<p>Les fl\u00e8ches SKYLON Ebony de la s\u00e9rie ID5.2 sont des fl\u00e8ches finies pour le tir \u00e0 l'arc traditionnel. Avec une longueur de 33&#8243; et un diam\u00e8tre int\u00e9rieur de 5.2 mm, elles s'adressent aux archers qui misent sur des fl\u00e8ches en bois avec une rigidit\u00e9 de spine d\u00e9finie. Disponibles en diff\u00e9rentes valeurs de spine (350, 400, 500, 600, 700) pour diff\u00e9rentes puissances.<\/p>\n<p>Chaque fl\u00e8che est enti\u00e8rement \u00e9quip\u00e9e d'usine : plumes naturelles de 4&#8243;, une encoche In-Nock ainsi qu'un insert sont d\u00e9j\u00e0 mont\u00e9s. Le pack de 12 offre une solution \u00e9conomique pour garnir le carquois de fl\u00e8ches assorties.<\/p>\n<ul>\n<li>Mont\u00e9 avec plume 4&#8243;, In-Nock et insert<\/li>\n<li>Longueur : 33&#8243; | Diam\u00e8tre int\u00e9rieur : ID5.2<\/li>\n<li>Disponible en Spine 350, 400, 500, 600 et 700<\/li>\n<li>12 fl\u00e8ches par paquet<\/li>\n<\/ul>","protected":false},"excerpt":{"rendered":"<table>\n<tr>\n<th>Propri\u00e9t\u00e9<\/th>\n<th>Valeur<\/th>\n<\/tr>\n<tr>\n<td>Marque<\/td>\n<td>Skylon<\/td>\n<\/tr>\n<tr>\n<td>Pays d'origine<\/td>\n<td>Chine<\/td>\n<\/tr>\n<\/table>","protected":false},"featured_media":450648,"comment_status":"open","ping_status":"closed","template":"","meta":[],"product_brand":[457],"product_cat":[4538],"product_tag":[],"class_list":{"0":"post-404542","1":"product","2":"type-product","3":"status-publish","4":"has-post-thumbnail","6":"product_brand-skylon","7":"product_cat-befiederte-carbon-traditionelle-pfeile","8":"product_shipping_class-bsd-standard","10":"first","11":"instock","12":"shipping-taxable","13":"purchasable","14":"product-type-variable"},"yoast_head":"<!-- This site is optimized with the Yoast SEO plugin v27.6 - https:\/\/yoast.com\/product\/yoast-seo-wordpress\/ -->\n<title>SKYLON ARROWS EBONY ID5.2 \/ 33&quot; PLUME 4&quot; \/ ENCOCLE INT\u00c9GR\u00c9E \/ INSERT 12\/PAQUET - Bogensportdiscount \u2013 Arcs, fl\u00e8ches, cibles et accessoires<\/title>\n<meta name=\"description\" content=\"SKYLON ARROWS EBONY ID5.2 \/ 33&quot; FEATHER 4&quot; \/ IN-NOCK \/ INSERT 12\/PK : achetez-les \u00e0 prix avantageux chez Bogensportdiscount \u2013 Les meilleures marques, livraison rapide depuis la Suisse.\" \/>\n<meta name=\"robots\" content=\"index, follow, max-snippet:-1, max-image-preview:large, max-video-preview:-1\" \/>\n<link rel=\"canonical\" href=\"https:\/\/bogensportdiscount.ch\/fr\/produit\/skylon-holzpfeile-ebony-id52-350-33-feder-4-in-nock-einsatz-12er-pack\/\" \/>\n<meta property=\"og:locale\" content=\"fr_FR\" \/>\n<meta property=\"og:type\" content=\"article\" \/>\n<meta property=\"og:title\" content=\"SKYLON ARROWS EBONY ID5.2 \/ 33&quot; PLUME 4&quot; \/ ENCOCLE INT\u00c9GR\u00c9E \/ INSERT 12\/PAQUET - Bogensportdiscount \u2013 Arcs, fl\u00e8ches, cibles et accessoires\" \/>\n<meta property=\"og:description\" content=\"SKYLON ARROWS EBONY ID5.2 \/ 33&quot; FEATHER 4&quot; \/ IN-NOCK \/ INSERT 12\/PK : achetez-les \u00e0 prix avantageux chez Bogensportdiscount \u2013 Les meilleures marques, livraison rapide depuis la Suisse.\" \/>\n<meta property=\"og:url\" content=\"https:\/\/bogensportdiscount.ch\/fr\/produit\/skylon-holzpfeile-ebony-id52-350-33-feder-4-in-nock-einsatz-12er-pack\/\" \/>\n<meta property=\"og:site_name\" content=\"Bogensportdiscount \u2013 B\u00f6gen, Pfeile, Targets &amp; Zubeh\u00f6r\" \/>\n<meta property=\"article:modified_time\" content=\"2026-05-14T13:26:14+00:00\" \/>\n<meta property=\"og:image\" content=\"https:\/\/bogensportdiscount.ch\/wp-content\/uploads\/bsm-images\/A040619_1.png\" \/>\n\t<meta property=\"og:image:width\" content=\"7360\" \/>\n\t<meta property=\"og:image:height\" content=\"2518\" \/>\n\t<meta property=\"og:image:type\" content=\"image\/png\" \/>\n<meta name=\"twitter:card\" content=\"summary_large_image\" \/>\n<meta name=\"twitter:label1\" content=\"Dur\u00e9e de lecture estim\u00e9e\" \/>\n\t<meta name=\"twitter:data1\" content=\"1 minute\" \/>\n<script type=\"application\/ld+json\" class=\"yoast-schema-graph\">{\"@context\":\"https:\\\/\\\/schema.org\",\"@graph\":[{\"@type\":\"WebPage\",\"@id\":\"https:\\\/\\\/bogensportdiscount.ch\\\/produkt\\\/skylon-holzpfeile-ebony-id52-350-33-feder-4-in-nock-einsatz-12er-pack\\\/\",\"url\":\"https:\\\/\\\/bogensportdiscount.ch\\\/produkt\\\/skylon-holzpfeile-ebony-id52-350-33-feder-4-in-nock-einsatz-12er-pack\\\/\",\"name\":\"SKYLON ARROWS EBONY ID5.2 \\\/ 33\\\" FEATHER 4\\\" \\\/ IN-NOCK \\\/ INSERT 12\\\/PK - Bogensportdiscount \u2013 B\u00f6gen, Pfeile, Targets &amp; Zubeh\u00f6r\",\"isPartOf\":{\"@id\":\"https:\\\/\\\/bogensportdiscount.ch\\\/#website\"},\"primaryImageOfPage\":{\"@id\":\"https:\\\/\\\/bogensportdiscount.ch\\\/produkt\\\/skylon-holzpfeile-ebony-id52-350-33-feder-4-in-nock-einsatz-12er-pack\\\/#primaryimage\"},\"image\":{\"@id\":\"https:\\\/\\\/bogensportdiscount.ch\\\/produkt\\\/skylon-holzpfeile-ebony-id52-350-33-feder-4-in-nock-einsatz-12er-pack\\\/#primaryimage\"},\"thumbnailUrl\":\"https:\\\/\\\/bogensportdiscount.ch\\\/wp-content\\\/uploads\\\/bsm-images\\\/A040619_1.png\",\"datePublished\":\"2026-04-05T12:51:12+00:00\",\"dateModified\":\"2026-05-14T13:26:14+00:00\",\"description\":\"SKYLON ARROWS EBONY ID5.2 \\\/ 33\\\" FEATHER 4\\\" \\\/ IN-NOCK \\\/ INSERT 12\\\/PK g\u00fcnstig kaufen bei Bogensportdiscount \u2013 Top-Marken, schneller Versand aus der Schweiz.\",\"breadcrumb\":{\"@id\":\"https:\\\/\\\/bogensportdiscount.ch\\\/produkt\\\/skylon-holzpfeile-ebony-id52-350-33-feder-4-in-nock-einsatz-12er-pack\\\/#breadcrumb\"},\"inLanguage\":\"fr-FR\",\"potentialAction\":[{\"@type\":\"ReadAction\",\"target\":[\"https:\\\/\\\/bogensportdiscount.ch\\\/produkt\\\/skylon-holzpfeile-ebony-id52-350-33-feder-4-in-nock-einsatz-12er-pack\\\/\"]}]},{\"@type\":\"ImageObject\",\"inLanguage\":\"fr-FR\",\"@id\":\"https:\\\/\\\/bogensportdiscount.ch\\\/produkt\\\/skylon-holzpfeile-ebony-id52-350-33-feder-4-in-nock-einsatz-12er-pack\\\/#primaryimage\",\"url\":\"https:\\\/\\\/bogensportdiscount.ch\\\/wp-content\\\/uploads\\\/bsm-images\\\/A040619_1.png\",\"contentUrl\":\"https:\\\/\\\/bogensportdiscount.ch\\\/wp-content\\\/uploads\\\/bsm-images\\\/A040619_1.png\",\"width\":7360,\"height\":2518},{\"@type\":\"BreadcrumbList\",\"@id\":\"https:\\\/\\\/bogensportdiscount.ch\\\/produkt\\\/skylon-holzpfeile-ebony-id52-350-33-feder-4-in-nock-einsatz-12er-pack\\\/#breadcrumb\",\"itemListElement\":[{\"@type\":\"ListItem\",\"position\":1,\"name\":\"Home\",\"item\":\"https:\\\/\\\/bogensportdiscount.ch\\\/\"},{\"@type\":\"ListItem\",\"position\":2,\"name\":\"Shop\",\"item\":\"https:\\\/\\\/bogensportdiscount.ch\\\/shop\\\/\"},{\"@type\":\"ListItem\",\"position\":3,\"name\":\"SKYLON ARROWS EBONY ID5.2 \\\/ 33&#8243; FEATHER 4&#8243; \\\/ IN-NOCK \\\/ INSERT 12\\\/PK\"}]},{\"@type\":\"WebSite\",\"@id\":\"https:\\\/\\\/bogensportdiscount.ch\\\/#website\",\"url\":\"https:\\\/\\\/bogensportdiscount.ch\\\/\",\"name\":\"Bogensportdiscount\",\"description\":\"\",\"potentialAction\":[{\"@type\":\"SearchAction\",\"target\":{\"@type\":\"EntryPoint\",\"urlTemplate\":\"https:\\\/\\\/bogensportdiscount.ch\\\/?s={search_term_string}\"},\"query-input\":{\"@type\":\"PropertyValueSpecification\",\"valueRequired\":true,\"valueName\":\"search_term_string\"}}],\"inLanguage\":\"fr-FR\"}]}<\/script>\n<!-- \/ Yoast SEO plugin. -->","yoast_head_json":{"title":"SKYLON ARROWS EBONY ID5.2 \/ 33&quot; PLUME 4&quot; \/ ENCOCLE INT\u00c9GR\u00c9E \/ INSERT 12\/PAQUET - Bogensportdiscount \u2013 Arcs, fl\u00e8ches, cibles et accessoires","description":"SKYLON ARROWS EBONY ID5.2 \/ 33&quot; FEATHER 4&quot; \/ IN-NOCK \/ INSERT 12\/PK : achetez-les \u00e0 prix avantageux chez Bogensportdiscount \u2013 Les meilleures marques, livraison rapide depuis la Suisse.","robots":{"index":"index","follow":"follow","max-snippet":"max-snippet:-1","max-image-preview":"max-image-preview:large","max-video-preview":"max-video-preview:-1"},"canonical":"https:\/\/bogensportdiscount.ch\/fr\/produit\/skylon-holzpfeile-ebony-id52-350-33-feder-4-in-nock-einsatz-12er-pack\/","og_locale":"fr_FR","og_type":"article","og_title":"SKYLON ARROWS EBONY ID5.2 \/ 33&quot; PLUME 4&quot; \/ ENCOCLE INT\u00c9GR\u00c9E \/ INSERT 12\/PAQUET - Bogensportdiscount \u2013 Arcs, fl\u00e8ches, cibles et accessoires","og_description":"SKYLON ARROWS EBONY ID5.2 \/ 33&quot; FEATHER 4&quot; \/ IN-NOCK \/ INSERT 12\/PK : achetez-les \u00e0 prix avantageux chez Bogensportdiscount \u2013 Les meilleures marques, livraison rapide depuis la Suisse.","og_url":"https:\/\/bogensportdiscount.ch\/fr\/produit\/skylon-holzpfeile-ebony-id52-350-33-feder-4-in-nock-einsatz-12er-pack\/","og_site_name":"Bogensportdiscount \u2013 B\u00f6gen, Pfeile, Targets &amp; Zubeh\u00f6r","article_modified_time":"2026-05-14T13:26:14+00:00","og_image":[{"width":7360,"height":2518,"url":"https:\/\/bogensportdiscount.ch\/wp-content\/uploads\/bsm-images\/A040619_1.png","type":"image\/png"}],"twitter_card":"summary_large_image","twitter_misc":{"Dur\u00e9e de lecture estim\u00e9e":"1 minute"},"schema":{"@context":"https:\/\/schema.org","@graph":[{"@type":"WebPage","@id":"https:\/\/bogensportdiscount.ch\/produkt\/skylon-holzpfeile-ebony-id52-350-33-feder-4-in-nock-einsatz-12er-pack\/","url":"https:\/\/bogensportdiscount.ch\/produkt\/skylon-holzpfeile-ebony-id52-350-33-feder-4-in-nock-einsatz-12er-pack\/","name":"SKYLON ARROWS EBONY ID5.2 \/ 33&quot; PLUME 4&quot; \/ ENCOCLE INT\u00c9GR\u00c9E \/ INSERT 12\/PAQUET - Bogensportdiscount \u2013 Arcs, fl\u00e8ches, cibles et accessoires","isPartOf":{"@id":"https:\/\/bogensportdiscount.ch\/#website"},"primaryImageOfPage":{"@id":"https:\/\/bogensportdiscount.ch\/produkt\/skylon-holzpfeile-ebony-id52-350-33-feder-4-in-nock-einsatz-12er-pack\/#primaryimage"},"image":{"@id":"https:\/\/bogensportdiscount.ch\/produkt\/skylon-holzpfeile-ebony-id52-350-33-feder-4-in-nock-einsatz-12er-pack\/#primaryimage"},"thumbnailUrl":"https:\/\/bogensportdiscount.ch\/wp-content\/uploads\/bsm-images\/A040619_1.png","datePublished":"2026-04-05T12:51:12+00:00","dateModified":"2026-05-14T13:26:14+00:00","description":"SKYLON ARROWS EBONY ID5.2 \/ 33&quot; FEATHER 4&quot; \/ IN-NOCK \/ INSERT 12\/PK : achetez-les \u00e0 prix avantageux chez Bogensportdiscount \u2013 Les meilleures marques, livraison rapide depuis la Suisse.","breadcrumb":{"@id":"https:\/\/bogensportdiscount.ch\/produkt\/skylon-holzpfeile-ebony-id52-350-33-feder-4-in-nock-einsatz-12er-pack\/#breadcrumb"},"inLanguage":"fr-FR","potentialAction":[{"@type":"ReadAction","target":["https:\/\/bogensportdiscount.ch\/produkt\/skylon-holzpfeile-ebony-id52-350-33-feder-4-in-nock-einsatz-12er-pack\/"]}]},{"@type":"ImageObject","inLanguage":"fr-FR","@id":"https:\/\/bogensportdiscount.ch\/produkt\/skylon-holzpfeile-ebony-id52-350-33-feder-4-in-nock-einsatz-12er-pack\/#primaryimage","url":"https:\/\/bogensportdiscount.ch\/wp-content\/uploads\/bsm-images\/A040619_1.png","contentUrl":"https:\/\/bogensportdiscount.ch\/wp-content\/uploads\/bsm-images\/A040619_1.png","width":7360,"height":2518},{"@type":"BreadcrumbList","@id":"https:\/\/bogensportdiscount.ch\/produkt\/skylon-holzpfeile-ebony-id52-350-33-feder-4-in-nock-einsatz-12er-pack\/#breadcrumb","itemListElement":[{"@type":"ListItem","position":1,"name":"Home","item":"https:\/\/bogensportdiscount.ch\/"},{"@type":"ListItem","position":2,"name":"Shop","item":"https:\/\/bogensportdiscount.ch\/shop\/"},{"@type":"ListItem","position":3,"name":"SKYLON ARROWS EBONY ID5.2 \/ 33&#8243; FEATHER 4&#8243; \/ IN-NOCK \/ INSERT 12\/PK"}]},{"@type":"WebSite","@id":"https:\/\/bogensportdiscount.ch\/#website","url":"https:\/\/bogensportdiscount.ch\/","name":"Bogensportdiscount","description":"","potentialAction":[{"@type":"SearchAction","target":{"@type":"EntryPoint","urlTemplate":"https:\/\/bogensportdiscount.ch\/?s={search_term_string}"},"query-input":{"@type":"PropertyValueSpecification","valueRequired":true,"valueName":"search_term_string"}}],"inLanguage":"fr-FR"}]}},"_links":{"self":[{"href":"https:\/\/bogensportdiscount.ch\/fr\/wp-json\/wp\/v2\/product\/404542","targetHints":{"allow":["GET"]}}],"collection":[{"href":"https:\/\/bogensportdiscount.ch\/fr\/wp-json\/wp\/v2\/product"}],"about":[{"href":"https:\/\/bogensportdiscount.ch\/fr\/wp-json\/wp\/v2\/types\/product"}],"replies":[{"embeddable":true,"href":"https:\/\/bogensportdiscount.ch\/fr\/wp-json\/wp\/v2\/comments?post=404542"}],"wp:featuredmedia":[{"embeddable":true,"href":"https:\/\/bogensportdiscount.ch\/fr\/wp-json\/wp\/v2\/media\/450648"}],"wp:attachment":[{"href":"https:\/\/bogensportdiscount.ch\/fr\/wp-json\/wp\/v2\/media?parent=404542"}],"wp:term":[{"taxonomy":"product_brand","embeddable":true,"href":"https:\/\/bogensportdiscount.ch\/fr\/wp-json\/wp\/v2\/product_brand?post=404542"},{"taxonomy":"product_cat","embeddable":true,"href":"https:\/\/bogensportdiscount.ch\/fr\/wp-json\/wp\/v2\/product_cat?post=404542"},{"taxonomy":"product_tag","embeddable":true,"href":"https:\/\/bogensportdiscount.ch\/fr\/wp-json\/wp\/v2\/product_tag?post=404542"}],"curies":[{"name":"wp","href":"https:\/\/api.w.org\/{rel}","templated":true}]}}