{"id":404480,"date":"2026-04-05T14:51:05","date_gmt":"2026-04-05T12:51:05","guid":{"rendered":"https:\/\/bogensportdiscount.ch\/produkt\/horse-bow-traditional-zenith-48-15-lbs-white-rh-lh-string-incl\/"},"modified":"2026-04-17T19:17:50","modified_gmt":"2026-04-17T17:17:50","slug":"freddie-reiterbogen-traditionell-zenith-48","status":"publish","type":"product","link":"https:\/\/bogensportdiscount.ch\/fr\/produit\/freddie-reiterbogen-traditionell-zenith-48\/","title":{"rendered":"FREDDIE ARCHERY ZENITH HORSE BOW"},"content":{"rendered":"<p>Der FREDDIE Zenith ist ein traditioneller Reiterbogen mit einer Bogenl\u00e4nge von 48 Zoll. Die kompakte Bauform macht ihn geeignet f\u00fcr den Einsatz zu Pferd sowie f\u00fcr traditionelles Bogenschiessen in verschiedenen Situationen. Er ist in einer breiten Auswahl an Zuggewichten von 15 bis 55 LBS erh\u00e4ltlich.<\/p>\n<p>Der Bogen wird von Freddie Archery in S\u00fcdkorea gefertigt. Dank der verf\u00fcgbaren Zuggewichtsstufen eignet sich der Zenith sowohl f\u00fcr Einsteiger als auch f\u00fcr erfahrene Sch\u00fctzen im traditionellen Bogensport.<\/p>\n<ul>\n<li>Traditioneller Reiterbogen, 48 Zoll Bogenl\u00e4nge<\/li>\n<li>Sieben Zuggewichtsoptionen: 15 bis 55 LBS<\/li>\n<li>Kompakte Bauform f\u00fcr den Einsatz zu Pferd<\/li>\n<li>Hergestellt in S\u00fcdkorea<\/li>\n<\/ul>","protected":false},"excerpt":{"rendered":"<table>\n<tr>\n<th>Propri\u00e9t\u00e9<\/th>\n<th>Valeur<\/th>\n<\/tr>\n<tr>\n<td>Marque<\/td>\n<td>Freddie Archery<\/td>\n<\/tr>\n<tr>\n<td>Bogentyp<\/td>\n<td>Reiterbogen (Horse Bow)<\/td>\n<\/tr>\n<tr>\n<td>Longueur<\/td>\n<td>48&#8243;<\/td>\n<\/tr>\n<tr>\n<td>Poids de traction<\/td>\n<td>15 \/ 20 \/ 25 \/ 30 \/ 35 \/ 40 \/ 55 LBS<\/td>\n<\/tr>\n<tr>\n<td>Herkunftsland<\/td>\n<td>S\u00fcdkorea<\/td>\n<\/tr>\n<\/table>","protected":false},"featured_media":444730,"comment_status":"open","ping_status":"closed","template":"","meta":[],"product_brand":[803],"product_cat":[3463],"product_tag":[],"class_list":{"0":"post-404480","1":"product","2":"type-product","3":"status-publish","4":"has-post-thumbnail","6":"product_brand-freddie","7":"product_cat-reiterboegen","9":"first","10":"instock","11":"shipping-taxable","12":"purchasable","13":"product-type-variable"},"_links":{"self":[{"href":"https:\/\/bogensportdiscount.ch\/fr\/wp-json\/wp\/v2\/product\/404480","targetHints":{"allow":["GET"]}}],"collection":[{"href":"https:\/\/bogensportdiscount.ch\/fr\/wp-json\/wp\/v2\/product"}],"about":[{"href":"https:\/\/bogensportdiscount.ch\/fr\/wp-json\/wp\/v2\/types\/product"}],"replies":[{"embeddable":true,"href":"https:\/\/bogensportdiscount.ch\/fr\/wp-json\/wp\/v2\/comments?post=404480"}],"wp:featuredmedia":[{"embeddable":true,"href":"https:\/\/bogensportdiscount.ch\/fr\/wp-json\/wp\/v2\/media\/444730"}],"wp:attachment":[{"href":"https:\/\/bogensportdiscount.ch\/fr\/wp-json\/wp\/v2\/media?parent=404480"}],"wp:term":[{"taxonomy":"product_brand","embeddable":true,"href":"https:\/\/bogensportdiscount.ch\/fr\/wp-json\/wp\/v2\/product_brand?post=404480"},{"taxonomy":"product_cat","embeddable":true,"href":"https:\/\/bogensportdiscount.ch\/fr\/wp-json\/wp\/v2\/product_cat?post=404480"},{"taxonomy":"product_tag","embeddable":true,"href":"https:\/\/bogensportdiscount.ch\/fr\/wp-json\/wp\/v2\/product_tag?post=404480"}],"curies":[{"name":"wp","href":"https:\/\/api.w.org\/{rel}","templated":true}]}}