{"id":404447,"date":"2026-04-05T14:51:03","date_gmt":"2026-04-05T12:51:03","guid":{"rendered":"https:\/\/bogensportdiscount.ch\/produkt\/riser-wiawis-atf-x-25-rh-graphite-black\/"},"modified":"2026-05-14T15:26:14","modified_gmt":"2026-05-14T13:26:14","slug":"wiawis-recurvebogen-mittelstuck-atf-x-25-rh-weiss","status":"publish","type":"product","link":"https:\/\/bogensportdiscount.ch\/fr\/produit\/wiawis-recurvebogen-mittelstuck-atf-x-25-rh-weiss\/","title":{"rendered":"POIGN\u00c9E WIAWIS ATF-X 25&#8243; RH GRAPHITE"},"content":{"rendered":"<p>La poign\u00e9e WIAWIS ATF-X de 25 pouces est un riser pour arc classique destin\u00e9 \u00e0 une utilisation sportive. Elle est disponible pour les archers droitiers et gauchers et peut \u00eatre assembl\u00e9e avec des branches WIAWIS compatibles pour constituer un arc classique complet.<\/p>\n<p>Le mod\u00e8le est disponible en plusieurs couleurs \u2013 notamment blanc, noir, bleu, vert, rouge, argent et noir\/rouge \u2013 permettant ainsi une personnalisation en fonction des pr\u00e9f\u00e9rences de l'archer.<\/p>\n<ul>\n<li>Longueur : 25 pouces<\/li>\n<li>Convient pour les archers droitiers et gauchers<\/li>\n<li>Plusieurs variantes de couleurs disponibles<\/li>\n<li>Compatible avec les branches WIAWIS correspondantes<\/li>\n<\/ul>","protected":false},"excerpt":{"rendered":"<table>\n<tr>\n<th>Propri\u00e9t\u00e9<\/th>\n<th>Valeur<\/th>\n<\/tr>\n<tr>\n<td>Marque<\/td>\n<td>Wiawis<\/td>\n<\/tr>\n<tr>\n<td>Type<\/td>\n<td>Full CNC<\/td>\n<\/tr>\n<tr>\n<td>Mat\u00e9riau<\/td>\n<td>Aluminum<\/td>\n<\/tr>\n<tr>\n<td>Halter-Passung<\/td>\n<td>ILF<\/td>\n<\/tr>\n<tr>\n<td>Recommandation<\/td>\n<td>All poundages<\/td>\n<\/tr>\n<tr>\n<td>Pays d'origine<\/td>\n<td>Chine<\/td>\n<\/tr>\n<\/table>","protected":false},"featured_media":450624,"comment_status":"open","ping_status":"closed","template":"","meta":[],"product_brand":[473],"product_cat":[4519],"product_tag":[],"class_list":{"0":"post-404447","1":"product","2":"type-product","3":"status-publish","4":"has-post-thumbnail","6":"product_brand-wiawis","7":"product_cat-recurve-mittelteile","8":"product_shipping_class-bsd-standard","10":"first","11":"instock","12":"shipping-taxable","13":"purchasable","14":"product-type-variable"},"yoast_head":"<!-- This site is optimized with the Yoast SEO plugin v27.6 - https:\/\/yoast.com\/product\/yoast-seo-wordpress\/ -->\n<title>POIGN\u00c9E WIAWIS ATF-X 25&quot; RH GRAPHITE - Bogensportdiscount \u2013 Arcs, Fl\u00e8ches, Cibles &amp; Accessoires<\/title>\n<meta name=\"description\" content=\"POIGN\u00c9E WIAWIS ATF-X 25&quot; RH GRAPHITE \u00e0 prix avantageux chez Bogensportdiscount \u2013 Top marques, livraison rapide depuis la Suisse.\" \/>\n<meta name=\"robots\" content=\"index, follow, max-snippet:-1, max-image-preview:large, max-video-preview:-1\" \/>\n<link rel=\"canonical\" href=\"https:\/\/bogensportdiscount.ch\/fr\/produit\/wiawis-recurvebogen-mittelstuck-atf-x-25-rh-weiss\/\" \/>\n<meta property=\"og:locale\" content=\"fr_FR\" \/>\n<meta property=\"og:type\" content=\"article\" \/>\n<meta property=\"og:title\" content=\"POIGN\u00c9E WIAWIS ATF-X 25&quot; RH GRAPHITE - Bogensportdiscount \u2013 Arcs, Fl\u00e8ches, Cibles &amp; Accessoires\" \/>\n<meta property=\"og:description\" content=\"POIGN\u00c9E WIAWIS ATF-X 25&quot; RH GRAPHITE \u00e0 prix avantageux chez Bogensportdiscount \u2013 Top marques, livraison rapide depuis la Suisse.\" \/>\n<meta property=\"og:url\" content=\"https:\/\/bogensportdiscount.ch\/fr\/produit\/wiawis-recurvebogen-mittelstuck-atf-x-25-rh-weiss\/\" \/>\n<meta property=\"og:site_name\" content=\"Bogensportdiscount \u2013 B\u00f6gen, Pfeile, Targets &amp; Zubeh\u00f6r\" \/>\n<meta property=\"article:modified_time\" content=\"2026-05-14T13:26:14+00:00\" \/>\n<meta property=\"og:image\" content=\"https:\/\/bogensportdiscount.ch\/wp-content\/uploads\/bsm-images\/A040473_1.jpg\" \/>\n\t<meta property=\"og:image:width\" content=\"1181\" \/>\n\t<meta property=\"og:image:height\" content=\"1772\" \/>\n\t<meta property=\"og:image:type\" content=\"image\/jpeg\" \/>\n<meta name=\"twitter:card\" content=\"summary_large_image\" \/>\n<script type=\"application\/ld+json\" class=\"yoast-schema-graph\">{\"@context\":\"https:\\\/\\\/schema.org\",\"@graph\":[{\"@type\":\"WebPage\",\"@id\":\"https:\\\/\\\/bogensportdiscount.ch\\\/produkt\\\/wiawis-recurvebogen-mittelstuck-atf-x-25-rh-weiss\\\/\",\"url\":\"https:\\\/\\\/bogensportdiscount.ch\\\/produkt\\\/wiawis-recurvebogen-mittelstuck-atf-x-25-rh-weiss\\\/\",\"name\":\"MITTELTEIL WIAWIS ATF-X 25\\\" RH GRAPHITE - Bogensportdiscount \u2013 B\u00f6gen, Pfeile, Targets &amp; Zubeh\u00f6r\",\"isPartOf\":{\"@id\":\"https:\\\/\\\/bogensportdiscount.ch\\\/#website\"},\"primaryImageOfPage\":{\"@id\":\"https:\\\/\\\/bogensportdiscount.ch\\\/produkt\\\/wiawis-recurvebogen-mittelstuck-atf-x-25-rh-weiss\\\/#primaryimage\"},\"image\":{\"@id\":\"https:\\\/\\\/bogensportdiscount.ch\\\/produkt\\\/wiawis-recurvebogen-mittelstuck-atf-x-25-rh-weiss\\\/#primaryimage\"},\"thumbnailUrl\":\"https:\\\/\\\/bogensportdiscount.ch\\\/wp-content\\\/uploads\\\/bsm-images\\\/A040473_1.jpg\",\"datePublished\":\"2026-04-05T12:51:03+00:00\",\"dateModified\":\"2026-05-14T13:26:14+00:00\",\"description\":\"MITTELTEIL WIAWIS ATF-X 25\\\" RH GRAPHITE g\u00fcnstig kaufen bei Bogensportdiscount \u2013 Top-Marken, schneller Versand aus der Schweiz.\",\"breadcrumb\":{\"@id\":\"https:\\\/\\\/bogensportdiscount.ch\\\/produkt\\\/wiawis-recurvebogen-mittelstuck-atf-x-25-rh-weiss\\\/#breadcrumb\"},\"inLanguage\":\"fr-FR\",\"potentialAction\":[{\"@type\":\"ReadAction\",\"target\":[\"https:\\\/\\\/bogensportdiscount.ch\\\/produkt\\\/wiawis-recurvebogen-mittelstuck-atf-x-25-rh-weiss\\\/\"]}]},{\"@type\":\"ImageObject\",\"inLanguage\":\"fr-FR\",\"@id\":\"https:\\\/\\\/bogensportdiscount.ch\\\/produkt\\\/wiawis-recurvebogen-mittelstuck-atf-x-25-rh-weiss\\\/#primaryimage\",\"url\":\"https:\\\/\\\/bogensportdiscount.ch\\\/wp-content\\\/uploads\\\/bsm-images\\\/A040473_1.jpg\",\"contentUrl\":\"https:\\\/\\\/bogensportdiscount.ch\\\/wp-content\\\/uploads\\\/bsm-images\\\/A040473_1.jpg\",\"width\":1181,\"height\":1772},{\"@type\":\"BreadcrumbList\",\"@id\":\"https:\\\/\\\/bogensportdiscount.ch\\\/produkt\\\/wiawis-recurvebogen-mittelstuck-atf-x-25-rh-weiss\\\/#breadcrumb\",\"itemListElement\":[{\"@type\":\"ListItem\",\"position\":1,\"name\":\"Home\",\"item\":\"https:\\\/\\\/bogensportdiscount.ch\\\/\"},{\"@type\":\"ListItem\",\"position\":2,\"name\":\"Shop\",\"item\":\"https:\\\/\\\/bogensportdiscount.ch\\\/shop\\\/\"},{\"@type\":\"ListItem\",\"position\":3,\"name\":\"RISER WIAWIS ATF-X 25&#8243; RH GRAPHITE\"}]},{\"@type\":\"WebSite\",\"@id\":\"https:\\\/\\\/bogensportdiscount.ch\\\/#website\",\"url\":\"https:\\\/\\\/bogensportdiscount.ch\\\/\",\"name\":\"Bogensportdiscount\",\"description\":\"\",\"potentialAction\":[{\"@type\":\"SearchAction\",\"target\":{\"@type\":\"EntryPoint\",\"urlTemplate\":\"https:\\\/\\\/bogensportdiscount.ch\\\/?s={search_term_string}\"},\"query-input\":{\"@type\":\"PropertyValueSpecification\",\"valueRequired\":true,\"valueName\":\"search_term_string\"}}],\"inLanguage\":\"fr-FR\"}]}<\/script>\n<!-- \/ Yoast SEO plugin. -->","yoast_head_json":{"title":"POIGN\u00c9E WIAWIS ATF-X 25\" RH GRAPHITE - Bogensportdiscount \u2013 Arcs, Fl\u00e8ches, Cibles &amp; Accessoires","description":"POIGN\u00c9E WIAWIS ATF-X 25\" RH GRAPHITE \u00e0 prix avantageux chez Bogensportdiscount \u2013 Top marques, livraison rapide depuis la Suisse.","robots":{"index":"index","follow":"follow","max-snippet":"max-snippet:-1","max-image-preview":"max-image-preview:large","max-video-preview":"max-video-preview:-1"},"canonical":"https:\/\/bogensportdiscount.ch\/fr\/produit\/wiawis-recurvebogen-mittelstuck-atf-x-25-rh-weiss\/","og_locale":"fr_FR","og_type":"article","og_title":"POIGN\u00c9E WIAWIS ATF-X 25\" RH GRAPHITE - Bogensportdiscount \u2013 Arcs, Fl\u00e8ches, Cibles &amp; Accessoires","og_description":"POIGN\u00c9E WIAWIS ATF-X 25\" RH GRAPHITE \u00e0 prix avantageux chez Bogensportdiscount \u2013 Top marques, livraison rapide depuis la Suisse.","og_url":"https:\/\/bogensportdiscount.ch\/fr\/produit\/wiawis-recurvebogen-mittelstuck-atf-x-25-rh-weiss\/","og_site_name":"Bogensportdiscount \u2013 B\u00f6gen, Pfeile, Targets &amp; Zubeh\u00f6r","article_modified_time":"2026-05-14T13:26:14+00:00","og_image":[{"width":1181,"height":1772,"url":"https:\/\/bogensportdiscount.ch\/wp-content\/uploads\/bsm-images\/A040473_1.jpg","type":"image\/jpeg"}],"twitter_card":"summary_large_image","schema":{"@context":"https:\/\/schema.org","@graph":[{"@type":"WebPage","@id":"https:\/\/bogensportdiscount.ch\/produkt\/wiawis-recurvebogen-mittelstuck-atf-x-25-rh-weiss\/","url":"https:\/\/bogensportdiscount.ch\/produkt\/wiawis-recurvebogen-mittelstuck-atf-x-25-rh-weiss\/","name":"POIGN\u00c9E WIAWIS ATF-X 25\" RH GRAPHITE - Bogensportdiscount \u2013 Arcs, Fl\u00e8ches, Cibles &amp; Accessoires","isPartOf":{"@id":"https:\/\/bogensportdiscount.ch\/#website"},"primaryImageOfPage":{"@id":"https:\/\/bogensportdiscount.ch\/produkt\/wiawis-recurvebogen-mittelstuck-atf-x-25-rh-weiss\/#primaryimage"},"image":{"@id":"https:\/\/bogensportdiscount.ch\/produkt\/wiawis-recurvebogen-mittelstuck-atf-x-25-rh-weiss\/#primaryimage"},"thumbnailUrl":"https:\/\/bogensportdiscount.ch\/wp-content\/uploads\/bsm-images\/A040473_1.jpg","datePublished":"2026-04-05T12:51:03+00:00","dateModified":"2026-05-14T13:26:14+00:00","description":"POIGN\u00c9E WIAWIS ATF-X 25\" RH GRAPHITE \u00e0 prix avantageux chez Bogensportdiscount \u2013 Top marques, livraison rapide depuis la Suisse.","breadcrumb":{"@id":"https:\/\/bogensportdiscount.ch\/produkt\/wiawis-recurvebogen-mittelstuck-atf-x-25-rh-weiss\/#breadcrumb"},"inLanguage":"fr-FR","potentialAction":[{"@type":"ReadAction","target":["https:\/\/bogensportdiscount.ch\/produkt\/wiawis-recurvebogen-mittelstuck-atf-x-25-rh-weiss\/"]}]},{"@type":"ImageObject","inLanguage":"fr-FR","@id":"https:\/\/bogensportdiscount.ch\/produkt\/wiawis-recurvebogen-mittelstuck-atf-x-25-rh-weiss\/#primaryimage","url":"https:\/\/bogensportdiscount.ch\/wp-content\/uploads\/bsm-images\/A040473_1.jpg","contentUrl":"https:\/\/bogensportdiscount.ch\/wp-content\/uploads\/bsm-images\/A040473_1.jpg","width":1181,"height":1772},{"@type":"BreadcrumbList","@id":"https:\/\/bogensportdiscount.ch\/produkt\/wiawis-recurvebogen-mittelstuck-atf-x-25-rh-weiss\/#breadcrumb","itemListElement":[{"@type":"ListItem","position":1,"name":"Home","item":"https:\/\/bogensportdiscount.ch\/"},{"@type":"ListItem","position":2,"name":"Shop","item":"https:\/\/bogensportdiscount.ch\/shop\/"},{"@type":"ListItem","position":3,"name":"RISER WIAWIS ATF-X 25&#8243; RH GRAPHITE"}]},{"@type":"WebSite","@id":"https:\/\/bogensportdiscount.ch\/#website","url":"https:\/\/bogensportdiscount.ch\/","name":"Bogensportdiscount","description":"","potentialAction":[{"@type":"SearchAction","target":{"@type":"EntryPoint","urlTemplate":"https:\/\/bogensportdiscount.ch\/?s={search_term_string}"},"query-input":{"@type":"PropertyValueSpecification","valueRequired":true,"valueName":"search_term_string"}}],"inLanguage":"fr-FR"}]}},"_links":{"self":[{"href":"https:\/\/bogensportdiscount.ch\/fr\/wp-json\/wp\/v2\/product\/404447","targetHints":{"allow":["GET"]}}],"collection":[{"href":"https:\/\/bogensportdiscount.ch\/fr\/wp-json\/wp\/v2\/product"}],"about":[{"href":"https:\/\/bogensportdiscount.ch\/fr\/wp-json\/wp\/v2\/types\/product"}],"replies":[{"embeddable":true,"href":"https:\/\/bogensportdiscount.ch\/fr\/wp-json\/wp\/v2\/comments?post=404447"}],"wp:featuredmedia":[{"embeddable":true,"href":"https:\/\/bogensportdiscount.ch\/fr\/wp-json\/wp\/v2\/media\/450624"}],"wp:attachment":[{"href":"https:\/\/bogensportdiscount.ch\/fr\/wp-json\/wp\/v2\/media?parent=404447"}],"wp:term":[{"taxonomy":"product_brand","embeddable":true,"href":"https:\/\/bogensportdiscount.ch\/fr\/wp-json\/wp\/v2\/product_brand?post=404447"},{"taxonomy":"product_cat","embeddable":true,"href":"https:\/\/bogensportdiscount.ch\/fr\/wp-json\/wp\/v2\/product_cat?post=404447"},{"taxonomy":"product_tag","embeddable":true,"href":"https:\/\/bogensportdiscount.ch\/fr\/wp-json\/wp\/v2\/product_tag?post=404447"}],"curies":[{"name":"wp","href":"https:\/\/api.w.org\/{rel}","templated":true}]}}