{"id":404441,"date":"2026-04-05T14:51:02","date_gmt":"2026-04-05T12:51:02","guid":{"rendered":"https:\/\/bogensportdiscount.ch\/produkt\/spin-vanes-indoor-4-75-rh-silver-green-36-pk\/"},"modified":"2026-04-17T13:46:37","modified_gmt":"2026-04-17T11:46:37","slug":"gaspro-spin-vanes-indoor-475","status":"publish","type":"product","link":"https:\/\/bogensportdiscount.ch\/fr\/produit\/gaspro-spin-vanes-indoor-475\/","title":{"rendered":"GASPRO SPIN VANES INDOOR 4.75\u2033 - 36\/pk"},"content":{"rendered":"<p>Die GASPRO Spin Vanes Indoor 4.75&#8243; sind speziell f\u00fcr den Hallenbogensport entwickelte Spin-Wings mit einer L\u00e4nge von 4.75 Zoll. Spin-Wings erzeugen durch ihre gedrehte Form eine Rotation des Pfeils im Flug, was die Stabilit\u00e4t verbessert und eine pr\u00e4zise Flugbahn unterst\u00fctzt.<\/p>\n<p>Die Befiederung ist sowohl f\u00fcr Rechtshand- als auch f\u00fcr Linkshandbogensch\u00fctzen erh\u00e4ltlich und kann in den Farben Gr\u00fcn, Orange und Silber gew\u00e4hlt werden. Die Ausf\u00fchrung ist auf die geringeren Abst\u00e4nde und die Anforderungen des Hallenbetriebs ausgelegt.<\/p>\n<ul>\n<li>L\u00e4nge: 4.75 Zoll<\/li>\n<li>F\u00fcr Innenbereich (Indoor) konzipiert<\/li>\n<li>Verf\u00fcgbar f\u00fcr Rechtshand (RH) und Linkshand (LH)<\/li>\n<li>Erh\u00e4ltlich in Gr\u00fcn, Orange und Silber<\/li>\n<\/ul>","protected":false},"excerpt":{"rendered":"<p><strong>Marque :<\/strong> Gas Pro<\/p>","protected":false},"featured_media":450623,"comment_status":"open","ping_status":"closed","template":"","meta":[],"product_brand":[452],"product_cat":[4257],"product_tag":[],"class_list":{"0":"post-404441","1":"product","2":"type-product","3":"status-publish","4":"has-post-thumbnail","6":"product_brand-gaspro","7":"product_cat-spin-vanes","9":"first","10":"instock","11":"shipping-taxable","12":"purchasable","13":"product-type-variable"},"_links":{"self":[{"href":"https:\/\/bogensportdiscount.ch\/fr\/wp-json\/wp\/v2\/product\/404441","targetHints":{"allow":["GET"]}}],"collection":[{"href":"https:\/\/bogensportdiscount.ch\/fr\/wp-json\/wp\/v2\/product"}],"about":[{"href":"https:\/\/bogensportdiscount.ch\/fr\/wp-json\/wp\/v2\/types\/product"}],"replies":[{"embeddable":true,"href":"https:\/\/bogensportdiscount.ch\/fr\/wp-json\/wp\/v2\/comments?post=404441"}],"wp:featuredmedia":[{"embeddable":true,"href":"https:\/\/bogensportdiscount.ch\/fr\/wp-json\/wp\/v2\/media\/450623"}],"wp:attachment":[{"href":"https:\/\/bogensportdiscount.ch\/fr\/wp-json\/wp\/v2\/media?parent=404441"}],"wp:term":[{"taxonomy":"product_brand","embeddable":true,"href":"https:\/\/bogensportdiscount.ch\/fr\/wp-json\/wp\/v2\/product_brand?post=404441"},{"taxonomy":"product_cat","embeddable":true,"href":"https:\/\/bogensportdiscount.ch\/fr\/wp-json\/wp\/v2\/product_cat?post=404441"},{"taxonomy":"product_tag","embeddable":true,"href":"https:\/\/bogensportdiscount.ch\/fr\/wp-json\/wp\/v2\/product_tag?post=404441"}],"curies":[{"name":"wp","href":"https:\/\/api.w.org\/{rel}","templated":true}]}}