{"id":404436,"date":"2026-04-05T14:51:01","date_gmt":"2026-04-05T12:51:01","guid":{"rendered":"https:\/\/bogensportdiscount.ch\/produkt\/spin-vanes-indoor-4-rh-silver-green-36-pk\/"},"modified":"2026-04-17T13:46:37","modified_gmt":"2026-04-17T11:46:37","slug":"gaspro-spin-vanes-indoor-4-zoll","status":"publish","type":"product","link":"https:\/\/bogensportdiscount.ch\/fr\/produit\/gaspro-spin-vanes-indoor-4-zoll\/","title":{"rendered":"GASPRO SPIN VANES INDOOR 4\u2033 - 36\/pk"},"content":{"rendered":"<p>Die GASPRO Spin Vanes Indoor 4&#8243; sind speziell f\u00fcr den Einsatz in der Halle konzipierte Spin-Vanes. Ihre Bauform sorgt f\u00fcr eine stabile Flugbahn durch rotationsinduzierte Stabilisierung des Pfeils.<\/p>\n<p>Die Vanes sind in einer L\u00e4nge von 4 Zoll erh\u00e4ltlich und k\u00f6nnen sowohl von Rechts- als auch von Linksh\u00e4ndern verwendet werden. Die Farbauswahl umfasst Gr\u00fcn, Orange und Silber.<\/p>\n<ul>\n<li>Geeignet f\u00fcr Hallenbogensport<\/li>\n<li>F\u00fcr Rechts- und Linkshandbogensch\u00fctzen<\/li>\n<li>Erh\u00e4ltlich in Gr\u00fcn, Orange und Silber<\/li>\n<li>4 Zoll L\u00e4nge<\/li>\n<\/ul>","protected":false},"excerpt":{"rendered":"<p><strong>Marque :<\/strong> Gas Pro<\/p>","protected":false},"featured_media":450621,"comment_status":"open","ping_status":"closed","template":"","meta":[],"product_brand":[452],"product_cat":[4257],"product_tag":[],"class_list":{"0":"post-404436","1":"product","2":"type-product","3":"status-publish","4":"has-post-thumbnail","6":"product_brand-gaspro","7":"product_cat-spin-vanes","9":"first","10":"instock","11":"shipping-taxable","12":"purchasable","13":"product-type-variable"},"_links":{"self":[{"href":"https:\/\/bogensportdiscount.ch\/fr\/wp-json\/wp\/v2\/product\/404436","targetHints":{"allow":["GET"]}}],"collection":[{"href":"https:\/\/bogensportdiscount.ch\/fr\/wp-json\/wp\/v2\/product"}],"about":[{"href":"https:\/\/bogensportdiscount.ch\/fr\/wp-json\/wp\/v2\/types\/product"}],"replies":[{"embeddable":true,"href":"https:\/\/bogensportdiscount.ch\/fr\/wp-json\/wp\/v2\/comments?post=404436"}],"wp:featuredmedia":[{"embeddable":true,"href":"https:\/\/bogensportdiscount.ch\/fr\/wp-json\/wp\/v2\/media\/450621"}],"wp:attachment":[{"href":"https:\/\/bogensportdiscount.ch\/fr\/wp-json\/wp\/v2\/media?parent=404436"}],"wp:term":[{"taxonomy":"product_brand","embeddable":true,"href":"https:\/\/bogensportdiscount.ch\/fr\/wp-json\/wp\/v2\/product_brand?post=404436"},{"taxonomy":"product_cat","embeddable":true,"href":"https:\/\/bogensportdiscount.ch\/fr\/wp-json\/wp\/v2\/product_cat?post=404436"},{"taxonomy":"product_tag","embeddable":true,"href":"https:\/\/bogensportdiscount.ch\/fr\/wp-json\/wp\/v2\/product_tag?post=404436"}],"curies":[{"name":"wp","href":"https:\/\/api.w.org\/{rel}","templated":true}]}}