{"id":404402,"date":"2026-04-05T14:50:58","date_gmt":"2026-04-05T12:50:58","guid":{"rendered":"https:\/\/bogensportdiscount.ch\/produkt\/arrow-savage-id6-2-350-30-blazer-vane-in-nock-insert-point-by-unit\/"},"modified":"2026-04-17T15:42:17","modified_gmt":"2026-04-17T13:42:17","slug":"skylon-fertigpfeil-savage-id6-2-350-30-blazer-vane","status":"publish","type":"product","link":"https:\/\/bogensportdiscount.ch\/fr\/produit\/skylon-fertigpfeil-savage-id6-2-350-30-blazer-vane\/","title":{"rendered":"SKYLON ARROWS CARBONE SAVAGE ID6.2"},"content":{"rendered":"<p>Der SKYLON Savage ID6.2 ist ein gebrauchsfertiger Carbon-Jagdpfeil mit einem Innendurchmesser von 6.2 mm. Er wird komplett montiert geliefert \u2013 inklusive Blazer Vane, In-Nock, Einsatz und Spitze \u2013 und ist damit sofort einsatzbereit f\u00fcr den Jagdeinsatz oder das Praxistraining.<\/p>\n<p>Der Schaft ist in verschiedenen Spine-St\u00e4rken (350, 400, 500) und L\u00e4ngen (28&#8243;, 30&#8243;, 31.5&#8243;) erh\u00e4ltlich, sodass er sich an unterschiedliche Zuggewichte und Auszugsl\u00e4ngen anpassen l\u00e4sst. Die Farboptionen Rot und Weiss erm\u00f6glichen eine einfache Unterscheidung im Feld.<\/p>\n<ul>\n<li>Komplett montiert: Blazer Vane, In-Nock, Einsatz und Spitze inklusive<\/li>\n<li>Carbon-Schaft mit ID6.2 mm f\u00fcr pr\u00e4zise Insertpassung<\/li>\n<li>Mehrere Spine-St\u00e4rken und L\u00e4ngen w\u00e4hlbar<\/li>\n<li>Verkauf einzeln \u2013 flexibler Bezug nach Bedarf<\/li>\n<\/ul>","protected":false},"excerpt":{"rendered":"<p><strong>Marque :<\/strong> Skylon<\/p>","protected":false},"featured_media":450617,"comment_status":"open","ping_status":"closed","template":"","meta":[],"product_brand":[457],"product_cat":[4303],"product_tag":[],"class_list":{"0":"post-404402","1":"product","2":"type-product","3":"status-publish","4":"has-post-thumbnail","6":"product_brand-skylon","7":"product_cat-befiederte-carbon-jagd-pfeile","9":"first","10":"instock","11":"shipping-taxable","12":"purchasable","13":"product-type-variable"},"_links":{"self":[{"href":"https:\/\/bogensportdiscount.ch\/fr\/wp-json\/wp\/v2\/product\/404402","targetHints":{"allow":["GET"]}}],"collection":[{"href":"https:\/\/bogensportdiscount.ch\/fr\/wp-json\/wp\/v2\/product"}],"about":[{"href":"https:\/\/bogensportdiscount.ch\/fr\/wp-json\/wp\/v2\/types\/product"}],"replies":[{"embeddable":true,"href":"https:\/\/bogensportdiscount.ch\/fr\/wp-json\/wp\/v2\/comments?post=404402"}],"wp:featuredmedia":[{"embeddable":true,"href":"https:\/\/bogensportdiscount.ch\/fr\/wp-json\/wp\/v2\/media\/450617"}],"wp:attachment":[{"href":"https:\/\/bogensportdiscount.ch\/fr\/wp-json\/wp\/v2\/media?parent=404402"}],"wp:term":[{"taxonomy":"product_brand","embeddable":true,"href":"https:\/\/bogensportdiscount.ch\/fr\/wp-json\/wp\/v2\/product_brand?post=404402"},{"taxonomy":"product_cat","embeddable":true,"href":"https:\/\/bogensportdiscount.ch\/fr\/wp-json\/wp\/v2\/product_cat?post=404402"},{"taxonomy":"product_tag","embeddable":true,"href":"https:\/\/bogensportdiscount.ch\/fr\/wp-json\/wp\/v2\/product_tag?post=404402"}],"curies":[{"name":"wp","href":"https:\/\/api.w.org\/{rel}","templated":true}]}}