{"id":404360,"date":"2026-04-05T14:50:54","date_gmt":"2026-04-05T12:50:54","guid":{"rendered":"https:\/\/bogensportdiscount.ch\/produkt\/glue-in-points-bulge-break-off-id4-2-brixxon-radius-size-1000-1100-weight-60-70-80gr-12pk\/"},"modified":"2026-05-14T15:26:14","modified_gmt":"2026-05-14T13:26:14","slug":"skylon-einklebespitze-bulge-break-off-id4-2-brixxon-radius","status":"publish","type":"product","link":"https:\/\/bogensportdiscount.ch\/fr\/produit\/skylon-einklebespitze-bulge-break-off-id4-2-brixxon-radius\/","title":{"rendered":"SKYLON GEKLEBTE SPITZEN BULGE BREAK-OFF ID4.2 BRIXXON\/RADIUS GR\u00d6SSE 12\/PK"},"content":{"rendered":"<p>Les pointes \u00e0 coller SKYLON Bulge Break-Off sont con\u00e7ues pour les tubes en carbone des s\u00e9ries Brixxon et Radius et sont coll\u00e9es directement dans le tube avec un diam\u00e8tre int\u00e9rieur de 4.2 mm (ID4.2). Le design Bulge (l\u00e9ger renflement derri\u00e8re la pointe) assure une fixation s\u00e9curis\u00e9e et une bonne pr\u00e9cision de tir.<\/p>\n<p>Les pointes sont disponibles en trois cat\u00e9gories de poids (80 GR, 100 GR, 120 GR) et plusieurs graduations de spine (400, 500, 550, 650, 800, 1000), permettant d'adapter pr\u00e9cis\u00e9ment le setup au spine de la fl\u00e8che et au poids total souhait\u00e9.<\/p>\n<ul>\n<li>Compatible avec les tubes Brixxon\/Radius avec ID4.2<\/li>\n<li>Options de poids : 80, 100 et 120 Grain<\/li>\n<li>Disponible en spine 400 \u00e0 1000<\/li>\n<li>Montage par collage pour une fixation ferme et sans jeu<\/li>\n<\/ul>","protected":false},"excerpt":{"rendered":"<table>\n<tr>\n<th>Propri\u00e9t\u00e9<\/th>\n<th>Valeur<\/th>\n<\/tr>\n<tr>\n<td>Marque<\/td>\n<td>Skylon<\/td>\n<\/tr>\n<tr>\n<td>Pays d'origine<\/td>\n<td>Chine<\/td>\n<\/tr>\n<\/table>","protected":false},"featured_media":450612,"comment_status":"open","ping_status":"closed","template":"","meta":[],"product_brand":[457],"product_cat":[4543],"product_tag":[],"class_list":{"0":"post-404360","1":"product","2":"type-product","3":"status-publish","4":"has-post-thumbnail","6":"product_brand-skylon","7":"product_cat-einklebe-spitzen","8":"product_shipping_class-bsd-standard","10":"first","11":"instock","12":"shipping-taxable","13":"purchasable","14":"product-type-variable"},"yoast_head":"<!-- This site is optimized with the Yoast SEO plugin v27.6 - https:\/\/yoast.com\/product\/yoast-seo-wordpress\/ -->\n<title>SKYLON GEKLEBTE SPITZEN BULGE BREAK-OFF ID4.2 BRIXXON\/RADIUS GR\u00d6SSE 12\/PK - Bogensportdiscount \u2013 B\u00f6gen, Pfeile, Targets &amp; Zubeh\u00f6r<\/title>\n<meta name=\"description\" content=\"SKYLON GEKLEBTE SPITZEN BULGE BREAK-OFF ID4.2 BRIXXON\/RADIUS GR\u00d6SSE 12\/PK g\u00fcnstig kaufen bei Bogensportdiscount \u2013 Top-Marken, schneller Versand aus der Schweiz.\" \/>\n<meta name=\"robots\" content=\"index, follow, max-snippet:-1, max-image-preview:large, max-video-preview:-1\" \/>\n<link rel=\"canonical\" href=\"https:\/\/bogensportdiscount.ch\/fr\/produit\/skylon-einklebespitze-bulge-break-off-id4-2-brixxon-radius\/\" \/>\n<meta property=\"og:locale\" content=\"fr_FR\" \/>\n<meta property=\"og:type\" content=\"article\" \/>\n<meta property=\"og:title\" content=\"SKYLON GEKLEBTE SPITZEN BULGE BREAK-OFF ID4.2 BRIXXON\/RADIUS GR\u00d6SSE 12\/PK - Bogensportdiscount \u2013 B\u00f6gen, Pfeile, Targets &amp; Zubeh\u00f6r\" \/>\n<meta property=\"og:description\" content=\"SKYLON GEKLEBTE SPITZEN BULGE BREAK-OFF ID4.2 BRIXXON\/RADIUS GR\u00d6SSE 12\/PK g\u00fcnstig kaufen bei Bogensportdiscount \u2013 Top-Marken, schneller Versand aus der Schweiz.\" \/>\n<meta property=\"og:url\" content=\"https:\/\/bogensportdiscount.ch\/fr\/produit\/skylon-einklebespitze-bulge-break-off-id4-2-brixxon-radius\/\" \/>\n<meta property=\"og:site_name\" content=\"Bogensportdiscount \u2013 B\u00f6gen, Pfeile, Targets &amp; Zubeh\u00f6r\" \/>\n<meta property=\"article:modified_time\" content=\"2026-05-14T13:26:14+00:00\" \/>\n<meta property=\"og:image\" content=\"https:\/\/bogensportdiscount.ch\/wp-content\/uploads\/bsm-images\/A039782_1.png\" \/>\n\t<meta property=\"og:image:width\" content=\"873\" \/>\n\t<meta property=\"og:image:height\" content=\"406\" \/>\n\t<meta property=\"og:image:type\" content=\"image\/png\" \/>\n<meta name=\"twitter:card\" content=\"summary_large_image\" \/>\n<script type=\"application\/ld+json\" class=\"yoast-schema-graph\">{\"@context\":\"https:\\\/\\\/schema.org\",\"@graph\":[{\"@type\":\"WebPage\",\"@id\":\"https:\\\/\\\/bogensportdiscount.ch\\\/produkt\\\/skylon-einklebespitze-bulge-break-off-id4-2-brixxon-radius\\\/\",\"url\":\"https:\\\/\\\/bogensportdiscount.ch\\\/produkt\\\/skylon-einklebespitze-bulge-break-off-id4-2-brixxon-radius\\\/\",\"name\":\"SKYLON GEKLEBTE SPITZEN BULGE BREAK-OFF ID4.2 BRIXXON\\\/RADIUS GR\u00d6SSE 12\\\/PK - Bogensportdiscount \u2013 B\u00f6gen, Pfeile, Targets &amp; Zubeh\u00f6r\",\"isPartOf\":{\"@id\":\"https:\\\/\\\/bogensportdiscount.ch\\\/#website\"},\"primaryImageOfPage\":{\"@id\":\"https:\\\/\\\/bogensportdiscount.ch\\\/produkt\\\/skylon-einklebespitze-bulge-break-off-id4-2-brixxon-radius\\\/#primaryimage\"},\"image\":{\"@id\":\"https:\\\/\\\/bogensportdiscount.ch\\\/produkt\\\/skylon-einklebespitze-bulge-break-off-id4-2-brixxon-radius\\\/#primaryimage\"},\"thumbnailUrl\":\"https:\\\/\\\/bogensportdiscount.ch\\\/wp-content\\\/uploads\\\/bsm-images\\\/A039782_1.png\",\"datePublished\":\"2026-04-05T12:50:54+00:00\",\"dateModified\":\"2026-05-14T13:26:14+00:00\",\"description\":\"SKYLON GEKLEBTE SPITZEN BULGE BREAK-OFF ID4.2 BRIXXON\\\/RADIUS GR\u00d6SSE 12\\\/PK g\u00fcnstig kaufen bei Bogensportdiscount \u2013 Top-Marken, schneller Versand aus der Schweiz.\",\"breadcrumb\":{\"@id\":\"https:\\\/\\\/bogensportdiscount.ch\\\/produkt\\\/skylon-einklebespitze-bulge-break-off-id4-2-brixxon-radius\\\/#breadcrumb\"},\"inLanguage\":\"fr-FR\",\"potentialAction\":[{\"@type\":\"ReadAction\",\"target\":[\"https:\\\/\\\/bogensportdiscount.ch\\\/produkt\\\/skylon-einklebespitze-bulge-break-off-id4-2-brixxon-radius\\\/\"]}]},{\"@type\":\"ImageObject\",\"inLanguage\":\"fr-FR\",\"@id\":\"https:\\\/\\\/bogensportdiscount.ch\\\/produkt\\\/skylon-einklebespitze-bulge-break-off-id4-2-brixxon-radius\\\/#primaryimage\",\"url\":\"https:\\\/\\\/bogensportdiscount.ch\\\/wp-content\\\/uploads\\\/bsm-images\\\/A039782_1.png\",\"contentUrl\":\"https:\\\/\\\/bogensportdiscount.ch\\\/wp-content\\\/uploads\\\/bsm-images\\\/A039782_1.png\",\"width\":873,\"height\":406},{\"@type\":\"BreadcrumbList\",\"@id\":\"https:\\\/\\\/bogensportdiscount.ch\\\/produkt\\\/skylon-einklebespitze-bulge-break-off-id4-2-brixxon-radius\\\/#breadcrumb\",\"itemListElement\":[{\"@type\":\"ListItem\",\"position\":1,\"name\":\"Home\",\"item\":\"https:\\\/\\\/bogensportdiscount.ch\\\/\"},{\"@type\":\"ListItem\",\"position\":2,\"name\":\"Shop\",\"item\":\"https:\\\/\\\/bogensportdiscount.ch\\\/shop\\\/\"},{\"@type\":\"ListItem\",\"position\":3,\"name\":\"SKYLON GEKLEBTE SPITZEN BULGE BREAK-OFF ID4.2 BRIXXON\\\/RADIUS GR\u00d6SSE 12\\\/PK\"}]},{\"@type\":\"WebSite\",\"@id\":\"https:\\\/\\\/bogensportdiscount.ch\\\/#website\",\"url\":\"https:\\\/\\\/bogensportdiscount.ch\\\/\",\"name\":\"Bogensportdiscount\",\"description\":\"\",\"potentialAction\":[{\"@type\":\"SearchAction\",\"target\":{\"@type\":\"EntryPoint\",\"urlTemplate\":\"https:\\\/\\\/bogensportdiscount.ch\\\/?s={search_term_string}\"},\"query-input\":{\"@type\":\"PropertyValueSpecification\",\"valueRequired\":true,\"valueName\":\"search_term_string\"}}],\"inLanguage\":\"fr-FR\"}]}<\/script>\n<!-- \/ Yoast SEO plugin. -->","yoast_head_json":{"title":"SKYLON GEKLEBTE SPITZEN BULGE BREAK-OFF ID4.2 BRIXXON\/RADIUS GR\u00d6SSE 12\/PK - Bogensportdiscount \u2013 B\u00f6gen, Pfeile, Targets &amp; Zubeh\u00f6r","description":"SKYLON GEKLEBTE SPITZEN BULGE BREAK-OFF ID4.2 BRIXXON\/RADIUS GR\u00d6SSE 12\/PK g\u00fcnstig kaufen bei Bogensportdiscount \u2013 Top-Marken, schneller Versand aus der Schweiz.","robots":{"index":"index","follow":"follow","max-snippet":"max-snippet:-1","max-image-preview":"max-image-preview:large","max-video-preview":"max-video-preview:-1"},"canonical":"https:\/\/bogensportdiscount.ch\/fr\/produit\/skylon-einklebespitze-bulge-break-off-id4-2-brixxon-radius\/","og_locale":"fr_FR","og_type":"article","og_title":"SKYLON GEKLEBTE SPITZEN BULGE BREAK-OFF ID4.2 BRIXXON\/RADIUS GR\u00d6SSE 12\/PK - Bogensportdiscount \u2013 B\u00f6gen, Pfeile, Targets &amp; Zubeh\u00f6r","og_description":"SKYLON GEKLEBTE SPITZEN BULGE BREAK-OFF ID4.2 BRIXXON\/RADIUS GR\u00d6SSE 12\/PK g\u00fcnstig kaufen bei Bogensportdiscount \u2013 Top-Marken, schneller Versand aus der Schweiz.","og_url":"https:\/\/bogensportdiscount.ch\/fr\/produit\/skylon-einklebespitze-bulge-break-off-id4-2-brixxon-radius\/","og_site_name":"Bogensportdiscount \u2013 B\u00f6gen, Pfeile, Targets &amp; Zubeh\u00f6r","article_modified_time":"2026-05-14T13:26:14+00:00","og_image":[{"width":873,"height":406,"url":"https:\/\/bogensportdiscount.ch\/wp-content\/uploads\/bsm-images\/A039782_1.png","type":"image\/png"}],"twitter_card":"summary_large_image","schema":{"@context":"https:\/\/schema.org","@graph":[{"@type":"WebPage","@id":"https:\/\/bogensportdiscount.ch\/produkt\/skylon-einklebespitze-bulge-break-off-id4-2-brixxon-radius\/","url":"https:\/\/bogensportdiscount.ch\/produkt\/skylon-einklebespitze-bulge-break-off-id4-2-brixxon-radius\/","name":"SKYLON GEKLEBTE SPITZEN BULGE BREAK-OFF ID4.2 BRIXXON\/RADIUS GR\u00d6SSE 12\/PK - Bogensportdiscount \u2013 B\u00f6gen, Pfeile, Targets &amp; Zubeh\u00f6r","isPartOf":{"@id":"https:\/\/bogensportdiscount.ch\/#website"},"primaryImageOfPage":{"@id":"https:\/\/bogensportdiscount.ch\/produkt\/skylon-einklebespitze-bulge-break-off-id4-2-brixxon-radius\/#primaryimage"},"image":{"@id":"https:\/\/bogensportdiscount.ch\/produkt\/skylon-einklebespitze-bulge-break-off-id4-2-brixxon-radius\/#primaryimage"},"thumbnailUrl":"https:\/\/bogensportdiscount.ch\/wp-content\/uploads\/bsm-images\/A039782_1.png","datePublished":"2026-04-05T12:50:54+00:00","dateModified":"2026-05-14T13:26:14+00:00","description":"SKYLON GEKLEBTE SPITZEN BULGE BREAK-OFF ID4.2 BRIXXON\/RADIUS GR\u00d6SSE 12\/PK g\u00fcnstig kaufen bei Bogensportdiscount \u2013 Top-Marken, schneller Versand aus der Schweiz.","breadcrumb":{"@id":"https:\/\/bogensportdiscount.ch\/produkt\/skylon-einklebespitze-bulge-break-off-id4-2-brixxon-radius\/#breadcrumb"},"inLanguage":"fr-FR","potentialAction":[{"@type":"ReadAction","target":["https:\/\/bogensportdiscount.ch\/produkt\/skylon-einklebespitze-bulge-break-off-id4-2-brixxon-radius\/"]}]},{"@type":"ImageObject","inLanguage":"fr-FR","@id":"https:\/\/bogensportdiscount.ch\/produkt\/skylon-einklebespitze-bulge-break-off-id4-2-brixxon-radius\/#primaryimage","url":"https:\/\/bogensportdiscount.ch\/wp-content\/uploads\/bsm-images\/A039782_1.png","contentUrl":"https:\/\/bogensportdiscount.ch\/wp-content\/uploads\/bsm-images\/A039782_1.png","width":873,"height":406},{"@type":"BreadcrumbList","@id":"https:\/\/bogensportdiscount.ch\/produkt\/skylon-einklebespitze-bulge-break-off-id4-2-brixxon-radius\/#breadcrumb","itemListElement":[{"@type":"ListItem","position":1,"name":"Home","item":"https:\/\/bogensportdiscount.ch\/"},{"@type":"ListItem","position":2,"name":"Shop","item":"https:\/\/bogensportdiscount.ch\/shop\/"},{"@type":"ListItem","position":3,"name":"SKYLON GEKLEBTE SPITZEN BULGE BREAK-OFF ID4.2 BRIXXON\/RADIUS GR\u00d6SSE 12\/PK"}]},{"@type":"WebSite","@id":"https:\/\/bogensportdiscount.ch\/#website","url":"https:\/\/bogensportdiscount.ch\/","name":"Bogensportdiscount","description":"","potentialAction":[{"@type":"SearchAction","target":{"@type":"EntryPoint","urlTemplate":"https:\/\/bogensportdiscount.ch\/?s={search_term_string}"},"query-input":{"@type":"PropertyValueSpecification","valueRequired":true,"valueName":"search_term_string"}}],"inLanguage":"fr-FR"}]}},"_links":{"self":[{"href":"https:\/\/bogensportdiscount.ch\/fr\/wp-json\/wp\/v2\/product\/404360","targetHints":{"allow":["GET"]}}],"collection":[{"href":"https:\/\/bogensportdiscount.ch\/fr\/wp-json\/wp\/v2\/product"}],"about":[{"href":"https:\/\/bogensportdiscount.ch\/fr\/wp-json\/wp\/v2\/types\/product"}],"replies":[{"embeddable":true,"href":"https:\/\/bogensportdiscount.ch\/fr\/wp-json\/wp\/v2\/comments?post=404360"}],"wp:featuredmedia":[{"embeddable":true,"href":"https:\/\/bogensportdiscount.ch\/fr\/wp-json\/wp\/v2\/media\/450612"}],"wp:attachment":[{"href":"https:\/\/bogensportdiscount.ch\/fr\/wp-json\/wp\/v2\/media?parent=404360"}],"wp:term":[{"taxonomy":"product_brand","embeddable":true,"href":"https:\/\/bogensportdiscount.ch\/fr\/wp-json\/wp\/v2\/product_brand?post=404360"},{"taxonomy":"product_cat","embeddable":true,"href":"https:\/\/bogensportdiscount.ch\/fr\/wp-json\/wp\/v2\/product_cat?post=404360"},{"taxonomy":"product_tag","embeddable":true,"href":"https:\/\/bogensportdiscount.ch\/fr\/wp-json\/wp\/v2\/product_tag?post=404360"}],"curies":[{"name":"wp","href":"https:\/\/api.w.org\/{rel}","templated":true}]}}