{"id":404340,"date":"2026-04-05T14:50:52","date_gmt":"2026-04-05T12:50:52","guid":{"rendered":"https:\/\/bogensportdiscount.ch\/produkt\/shaft-rove-id6-2-300-33-met-in-nock-en-insert-12-pk\/"},"modified":"2026-04-19T11:54:02","modified_gmt":"2026-04-19T09:54:02","slug":"skylon-schaft-rove-id6-2-300-33-in-nock-insert-12er-pack","status":"publish","type":"product","link":"https:\/\/bogensportdiscount.ch\/fr\/produit\/skylon-schaft-rove-id6-2-300-33-in-nock-insert-12er-pack\/","title":{"rendered":"F\u00fbt SKYLON ROVE ID6.2 \/ 33\u2033 avec encoche int\u00e9gr\u00e9e et insert, lot de 12"},"content":{"rendered":"<p>Der SKYLON Schaft Rove ID6.2 ist ein hochwertiger Carbon-Jagdschaft in Spine 300 und 33&#8243; L\u00e4nge. Die Sch\u00e4fte sind mit einem integrierten In-Nock und Insert ausgestattet, was eine sichere und konsistente Befestigung am Bogen erm\u00f6glicht.<\/p>\n<p>Dieser 12er Pack bietet eine zuverl\u00e4ssige L\u00f6sung f\u00fcr J\u00e4ger und Bogensch\u00fctzen, die Wert auf Qualit\u00e4t und Pr\u00e4zision legen. Die Skylon-Rove-Serie ist bekannt f\u00fcr ihre Haltbarkeit und Flugstabilit\u00e4t im Jagdeinsatz.<\/p>\n<p>Verf\u00fcgbar auch in den Spine-Varianten 350, 400 und 500 f\u00fcr unterschiedliche Anforderungen und Zuggewichte.<\/p>","protected":false},"excerpt":{"rendered":"<table>\n<tr>\n<th>Propri\u00e9t\u00e9<\/th>\n<th>Valeur<\/th>\n<\/tr>\n<tr>\n<td>Marque<\/td>\n<td>Skylon<\/td>\n<\/tr>\n<tr>\n<td>Mod\u00e8le<\/td>\n<td>Rove ID6.2<\/td>\n<\/tr>\n<tr>\n<td>Colonne vert\u00e9brale<\/td>\n<td>300<\/td>\n<\/tr>\n<tr>\n<td>Longueur<\/td>\n<td>33&#8243;<\/td>\n<\/tr>\n<tr>\n<td>Ausstattung<\/td>\n<td>In-Nock und Insert<\/td>\n<\/tr>\n<tr>\n<td>Emballage<\/td>\n<td>12 pi\u00e8ces<\/td>\n<\/tr>\n<tr>\n<td>Origine<\/td>\n<td>Chine<\/td>\n<\/tr>\n<\/table>","protected":false},"featured_media":450606,"comment_status":"open","ping_status":"closed","template":"","meta":[],"product_brand":[457],"product_cat":[4503],"product_tag":[],"class_list":{"0":"post-404340","1":"product","2":"type-product","3":"status-publish","4":"has-post-thumbnail","6":"product_brand-skylon","7":"product_cat-carbon-jagd-schaefte","9":"first","10":"instock","11":"shipping-taxable","12":"purchasable","13":"product-type-variable"},"_links":{"self":[{"href":"https:\/\/bogensportdiscount.ch\/fr\/wp-json\/wp\/v2\/product\/404340","targetHints":{"allow":["GET"]}}],"collection":[{"href":"https:\/\/bogensportdiscount.ch\/fr\/wp-json\/wp\/v2\/product"}],"about":[{"href":"https:\/\/bogensportdiscount.ch\/fr\/wp-json\/wp\/v2\/types\/product"}],"replies":[{"embeddable":true,"href":"https:\/\/bogensportdiscount.ch\/fr\/wp-json\/wp\/v2\/comments?post=404340"}],"wp:featuredmedia":[{"embeddable":true,"href":"https:\/\/bogensportdiscount.ch\/fr\/wp-json\/wp\/v2\/media\/450606"}],"wp:attachment":[{"href":"https:\/\/bogensportdiscount.ch\/fr\/wp-json\/wp\/v2\/media?parent=404340"}],"wp:term":[{"taxonomy":"product_brand","embeddable":true,"href":"https:\/\/bogensportdiscount.ch\/fr\/wp-json\/wp\/v2\/product_brand?post=404340"},{"taxonomy":"product_cat","embeddable":true,"href":"https:\/\/bogensportdiscount.ch\/fr\/wp-json\/wp\/v2\/product_cat?post=404340"},{"taxonomy":"product_tag","embeddable":true,"href":"https:\/\/bogensportdiscount.ch\/fr\/wp-json\/wp\/v2\/product_tag?post=404340"}],"curies":[{"name":"wp","href":"https:\/\/api.w.org\/{rel}","templated":true}]}}