{"id":404277,"date":"2026-04-05T14:50:46","date_gmt":"2026-04-05T12:50:46","guid":{"rendered":"https:\/\/bogensportdiscount.ch\/produkt\/modules-sw-85-a-vertix-70lbs-30-5-vxr-28-30-vxr-31-5-31\/"},"modified":"2026-05-14T15:26:13","modified_gmt":"2026-05-14T13:26:13","slug":"mathews-modul-sw-85-prozent-a-vertix-vxr","status":"publish","type":"product","link":"https:\/\/bogensportdiscount.ch\/fr\/produit\/mathews-modul-sw-85-prozent-a-vertix-vxr\/","title":{"rendered":"MATHEWS MODULE &#8222;SW&#8220; 85% A : VERTIX 70lbs = 30.5 \/ VXR 28 = 30&#8243; \/ VXR 31.5 = 31"},"content":{"rendered":"<p>Les MATHEWS Module &#8222;SW&#8220; 85% A sont des modules de remplacement et de r\u00e9glage pour les arcs \u00e0 poulies de la s\u00e9rie MATHEWS. Ces modules permettent un r\u00e9glage pr\u00e9cis de l'allonge et sont compatibles avec les mod\u00e8les Vertix (70 lbs), VXR 28 et VXR 31.5.<\/p>\n<p>Selon le mod\u00e8le d'arc, diff\u00e9rentes allonges sont atteintes : le Vertix 70 lbs atteint avec ce module une allonge de 30.5&#8243;, le VXR 28 une allonge de 30&#8243; et le VXR 31.5 une allonge de 31&#8243;. L'arr\u00eat d'allonge \u00e0 85% garantit un point d'ancrage d\u00e9fini.<\/p>\n<ul>\n<li>Compatible avec MATHEWS Vertix 70 lbs, VXR 28 et VXR 31.5<\/li>\n<li>85% d'arr\u00eat d'allonge (let-off)<\/li>\n<li>Disponible en allonges de 25.5&#8243; \u00e0 30&#8243;<\/li>\n<li>Pi\u00e8ce de rechange MATHEWS d'origine<\/li>\n<\/ul>","protected":false},"excerpt":{"rendered":"<table>\n<tr>\n<th>Propri\u00e9t\u00e9<\/th>\n<th>Valeur<\/th>\n<\/tr>\n<tr>\n<td>Marque<\/td>\n<td>Mathews<\/td>\n<\/tr>\n<tr>\n<td>Type<\/td>\n<td>Module<\/td>\n<\/tr>\n<tr>\n<td>Pays d'origine<\/td>\n<td>USA<\/td>\n<\/tr>\n<\/table>","protected":false},"featured_media":522983,"comment_status":"open","ping_status":"closed","template":"","meta":[],"product_brand":[427],"product_cat":[4526],"product_tag":[],"class_list":{"0":"post-404277","1":"product","2":"type-product","3":"status-publish","4":"has-post-thumbnail","6":"product_brand-mathews","7":"product_cat-einzelteile-fuer-compound-boegen","8":"product_shipping_class-bsd-standard","10":"first","11":"instock","12":"shipping-taxable","13":"purchasable","14":"product-type-variable"},"yoast_head":"<!-- This site is optimized with the Yoast SEO plugin v27.6 - https:\/\/yoast.com\/product\/yoast-seo-wordpress\/ -->\n<title>MODULE MATHEWS \u00ab SW \u00bb 85 % A : VERTIX 70 lb = 30,5 \/ VXR 28 = 30&quot; \/ VXR 31,5 = 31 - Bogensportdiscount \u2013 Arcs, fl\u00e8ches, cibles et accessoires<\/title>\n<meta name=\"description\" content=\"MODULES MATHEWS \u00ab SW \u00bb 85 % A : VERTIX 70 lb = 30,5 \/ VXR 28 = 30&quot; \/ VXR 31,5 = 31 \u2013 Achetez-les \u00e0 prix avantageux chez Bogensportdiscount \u2013 Les meilleures marques, livraison rapide depuis la Suisse.\" \/>\n<meta name=\"robots\" content=\"index, follow, max-snippet:-1, max-image-preview:large, max-video-preview:-1\" \/>\n<link rel=\"canonical\" href=\"https:\/\/bogensportdiscount.ch\/fr\/produit\/mathews-modul-sw-85-prozent-a-vertix-vxr\/\" \/>\n<meta property=\"og:locale\" content=\"fr_FR\" \/>\n<meta property=\"og:type\" content=\"article\" \/>\n<meta property=\"og:title\" content=\"MODULE MATHEWS \u00ab SW \u00bb 85 % A : VERTIX 70 lb = 30,5 \/ VXR 28 = 30&quot; \/ VXR 31,5 = 31 - Bogensportdiscount \u2013 Arcs, fl\u00e8ches, cibles et accessoires\" \/>\n<meta property=\"og:description\" content=\"MODULES MATHEWS \u00ab SW \u00bb 85 % A : VERTIX 70 lb = 30,5 \/ VXR 28 = 30&quot; \/ VXR 31,5 = 31 \u2013 Achetez-les \u00e0 prix avantageux chez Bogensportdiscount \u2013 Les meilleures marques, livraison rapide depuis la Suisse.\" \/>\n<meta property=\"og:url\" content=\"https:\/\/bogensportdiscount.ch\/fr\/produit\/mathews-modul-sw-85-prozent-a-vertix-vxr\/\" \/>\n<meta property=\"og:site_name\" content=\"Bogensportdiscount \u2013 B\u00f6gen, Pfeile, Targets &amp; Zubeh\u00f6r\" \/>\n<meta property=\"article:modified_time\" content=\"2026-05-14T13:26:13+00:00\" \/>\n<meta property=\"og:image\" content=\"https:\/\/bogensportdiscount.ch\/wp-content\/uploads\/bsm-images\/A046699_1.jpg\" \/>\n\t<meta property=\"og:image:width\" content=\"1023\" \/>\n\t<meta property=\"og:image:height\" content=\"682\" \/>\n\t<meta property=\"og:image:type\" content=\"image\/jpeg\" \/>\n<meta name=\"twitter:card\" content=\"summary_large_image\" \/>\n<meta name=\"twitter:label1\" content=\"Dur\u00e9e de lecture estim\u00e9e\" \/>\n\t<meta name=\"twitter:data1\" content=\"1 minute\" \/>\n<script type=\"application\/ld+json\" class=\"yoast-schema-graph\">{\"@context\":\"https:\\\/\\\/schema.org\",\"@graph\":[{\"@type\":\"WebPage\",\"@id\":\"https:\\\/\\\/bogensportdiscount.ch\\\/produkt\\\/mathews-modul-sw-85-prozent-a-vertix-vxr\\\/\",\"url\":\"https:\\\/\\\/bogensportdiscount.ch\\\/produkt\\\/mathews-modul-sw-85-prozent-a-vertix-vxr\\\/\",\"name\":\"MATHEWS MODULE \\\"SW\\\" 85% A : VERTIX 70lbs = 30.5 \\\/ VXR 28 = 30\\\" \\\/ VXR 31.5 = 31 - Bogensportdiscount \u2013 B\u00f6gen, Pfeile, Targets &amp; Zubeh\u00f6r\",\"isPartOf\":{\"@id\":\"https:\\\/\\\/bogensportdiscount.ch\\\/#website\"},\"primaryImageOfPage\":{\"@id\":\"https:\\\/\\\/bogensportdiscount.ch\\\/produkt\\\/mathews-modul-sw-85-prozent-a-vertix-vxr\\\/#primaryimage\"},\"image\":{\"@id\":\"https:\\\/\\\/bogensportdiscount.ch\\\/produkt\\\/mathews-modul-sw-85-prozent-a-vertix-vxr\\\/#primaryimage\"},\"thumbnailUrl\":\"https:\\\/\\\/bogensportdiscount.ch\\\/wp-content\\\/uploads\\\/bsm-images\\\/A046699_1.jpg\",\"datePublished\":\"2026-04-05T12:50:46+00:00\",\"dateModified\":\"2026-05-14T13:26:13+00:00\",\"description\":\"MATHEWS MODULE \\\"SW\\\" 85% A : VERTIX 70lbs = 30.5 \\\/ VXR 28 = 30\\\" \\\/ VXR 31.5 = 31 g\u00fcnstig kaufen bei Bogensportdiscount \u2013 Top-Marken, schneller Versand aus der Schweiz.\",\"breadcrumb\":{\"@id\":\"https:\\\/\\\/bogensportdiscount.ch\\\/produkt\\\/mathews-modul-sw-85-prozent-a-vertix-vxr\\\/#breadcrumb\"},\"inLanguage\":\"fr-FR\",\"potentialAction\":[{\"@type\":\"ReadAction\",\"target\":[\"https:\\\/\\\/bogensportdiscount.ch\\\/produkt\\\/mathews-modul-sw-85-prozent-a-vertix-vxr\\\/\"]}]},{\"@type\":\"ImageObject\",\"inLanguage\":\"fr-FR\",\"@id\":\"https:\\\/\\\/bogensportdiscount.ch\\\/produkt\\\/mathews-modul-sw-85-prozent-a-vertix-vxr\\\/#primaryimage\",\"url\":\"https:\\\/\\\/bogensportdiscount.ch\\\/wp-content\\\/uploads\\\/bsm-images\\\/A046699_1.jpg\",\"contentUrl\":\"https:\\\/\\\/bogensportdiscount.ch\\\/wp-content\\\/uploads\\\/bsm-images\\\/A046699_1.jpg\",\"width\":1023,\"height\":682},{\"@type\":\"BreadcrumbList\",\"@id\":\"https:\\\/\\\/bogensportdiscount.ch\\\/produkt\\\/mathews-modul-sw-85-prozent-a-vertix-vxr\\\/#breadcrumb\",\"itemListElement\":[{\"@type\":\"ListItem\",\"position\":1,\"name\":\"Home\",\"item\":\"https:\\\/\\\/bogensportdiscount.ch\\\/\"},{\"@type\":\"ListItem\",\"position\":2,\"name\":\"Shop\",\"item\":\"https:\\\/\\\/bogensportdiscount.ch\\\/shop\\\/\"},{\"@type\":\"ListItem\",\"position\":3,\"name\":\"MATHEWS MODULES &#8222;SW&#8220; 85% A : VERTIX 70lbs = 30.5 \\\/ VXR 28 = 30&#8243; \\\/ VXR 31.5 = 31\"}]},{\"@type\":\"WebSite\",\"@id\":\"https:\\\/\\\/bogensportdiscount.ch\\\/#website\",\"url\":\"https:\\\/\\\/bogensportdiscount.ch\\\/\",\"name\":\"Bogensportdiscount\",\"description\":\"\",\"potentialAction\":[{\"@type\":\"SearchAction\",\"target\":{\"@type\":\"EntryPoint\",\"urlTemplate\":\"https:\\\/\\\/bogensportdiscount.ch\\\/?s={search_term_string}\"},\"query-input\":{\"@type\":\"PropertyValueSpecification\",\"valueRequired\":true,\"valueName\":\"search_term_string\"}}],\"inLanguage\":\"fr-FR\"}]}<\/script>\n<!-- \/ Yoast SEO plugin. -->","yoast_head_json":{"title":"MODULE MATHEWS \u00ab SW \u00bb 85 % A : VERTIX 70 lb = 30,5 \/ VXR 28 = 30&quot; \/ VXR 31,5 = 31 - Bogensportdiscount \u2013 Arcs, fl\u00e8ches, cibles et accessoires","description":"MODULES MATHEWS \u00ab SW \u00bb 85 % A : VERTIX 70 lb = 30,5 \/ VXR 28 = 30&quot; \/ VXR 31,5 = 31 \u2013 Achetez-les \u00e0 prix avantageux chez Bogensportdiscount \u2013 Les meilleures marques, livraison rapide depuis la Suisse.","robots":{"index":"index","follow":"follow","max-snippet":"max-snippet:-1","max-image-preview":"max-image-preview:large","max-video-preview":"max-video-preview:-1"},"canonical":"https:\/\/bogensportdiscount.ch\/fr\/produit\/mathews-modul-sw-85-prozent-a-vertix-vxr\/","og_locale":"fr_FR","og_type":"article","og_title":"MODULE MATHEWS \u00ab SW \u00bb 85 % A : VERTIX 70 lb = 30,5 \/ VXR 28 = 30&quot; \/ VXR 31,5 = 31 - Bogensportdiscount \u2013 Arcs, fl\u00e8ches, cibles et accessoires","og_description":"MODULES MATHEWS \u00ab SW \u00bb 85 % A : VERTIX 70 lb = 30,5 \/ VXR 28 = 30&quot; \/ VXR 31,5 = 31 \u2013 Achetez-les \u00e0 prix avantageux chez Bogensportdiscount \u2013 Les meilleures marques, livraison rapide depuis la Suisse.","og_url":"https:\/\/bogensportdiscount.ch\/fr\/produit\/mathews-modul-sw-85-prozent-a-vertix-vxr\/","og_site_name":"Bogensportdiscount \u2013 B\u00f6gen, Pfeile, Targets &amp; Zubeh\u00f6r","article_modified_time":"2026-05-14T13:26:13+00:00","og_image":[{"width":1023,"height":682,"url":"https:\/\/bogensportdiscount.ch\/wp-content\/uploads\/bsm-images\/A046699_1.jpg","type":"image\/jpeg"}],"twitter_card":"summary_large_image","twitter_misc":{"Dur\u00e9e de lecture estim\u00e9e":"1 minute"},"schema":{"@context":"https:\/\/schema.org","@graph":[{"@type":"WebPage","@id":"https:\/\/bogensportdiscount.ch\/produkt\/mathews-modul-sw-85-prozent-a-vertix-vxr\/","url":"https:\/\/bogensportdiscount.ch\/produkt\/mathews-modul-sw-85-prozent-a-vertix-vxr\/","name":"MODULE MATHEWS \u00ab SW \u00bb 85 % A : VERTIX 70 lb = 30,5 \/ VXR 28 = 30&quot; \/ VXR 31,5 = 31 - Bogensportdiscount \u2013 Arcs, fl\u00e8ches, cibles et accessoires","isPartOf":{"@id":"https:\/\/bogensportdiscount.ch\/#website"},"primaryImageOfPage":{"@id":"https:\/\/bogensportdiscount.ch\/produkt\/mathews-modul-sw-85-prozent-a-vertix-vxr\/#primaryimage"},"image":{"@id":"https:\/\/bogensportdiscount.ch\/produkt\/mathews-modul-sw-85-prozent-a-vertix-vxr\/#primaryimage"},"thumbnailUrl":"https:\/\/bogensportdiscount.ch\/wp-content\/uploads\/bsm-images\/A046699_1.jpg","datePublished":"2026-04-05T12:50:46+00:00","dateModified":"2026-05-14T13:26:13+00:00","description":"MODULES MATHEWS \u00ab SW \u00bb 85 % A : VERTIX 70 lb = 30,5 \/ VXR 28 = 30&quot; \/ VXR 31,5 = 31 \u2013 Achetez-les \u00e0 prix avantageux chez Bogensportdiscount \u2013 Les meilleures marques, livraison rapide depuis la Suisse.","breadcrumb":{"@id":"https:\/\/bogensportdiscount.ch\/produkt\/mathews-modul-sw-85-prozent-a-vertix-vxr\/#breadcrumb"},"inLanguage":"fr-FR","potentialAction":[{"@type":"ReadAction","target":["https:\/\/bogensportdiscount.ch\/produkt\/mathews-modul-sw-85-prozent-a-vertix-vxr\/"]}]},{"@type":"ImageObject","inLanguage":"fr-FR","@id":"https:\/\/bogensportdiscount.ch\/produkt\/mathews-modul-sw-85-prozent-a-vertix-vxr\/#primaryimage","url":"https:\/\/bogensportdiscount.ch\/wp-content\/uploads\/bsm-images\/A046699_1.jpg","contentUrl":"https:\/\/bogensportdiscount.ch\/wp-content\/uploads\/bsm-images\/A046699_1.jpg","width":1023,"height":682},{"@type":"BreadcrumbList","@id":"https:\/\/bogensportdiscount.ch\/produkt\/mathews-modul-sw-85-prozent-a-vertix-vxr\/#breadcrumb","itemListElement":[{"@type":"ListItem","position":1,"name":"Home","item":"https:\/\/bogensportdiscount.ch\/"},{"@type":"ListItem","position":2,"name":"Shop","item":"https:\/\/bogensportdiscount.ch\/shop\/"},{"@type":"ListItem","position":3,"name":"MATHEWS MODULES &#8222;SW&#8220; 85% A : VERTIX 70lbs = 30.5 \/ VXR 28 = 30&#8243; \/ VXR 31.5 = 31"}]},{"@type":"WebSite","@id":"https:\/\/bogensportdiscount.ch\/#website","url":"https:\/\/bogensportdiscount.ch\/","name":"Bogensportdiscount","description":"","potentialAction":[{"@type":"SearchAction","target":{"@type":"EntryPoint","urlTemplate":"https:\/\/bogensportdiscount.ch\/?s={search_term_string}"},"query-input":{"@type":"PropertyValueSpecification","valueRequired":true,"valueName":"search_term_string"}}],"inLanguage":"fr-FR"}]}},"_links":{"self":[{"href":"https:\/\/bogensportdiscount.ch\/fr\/wp-json\/wp\/v2\/product\/404277","targetHints":{"allow":["GET"]}}],"collection":[{"href":"https:\/\/bogensportdiscount.ch\/fr\/wp-json\/wp\/v2\/product"}],"about":[{"href":"https:\/\/bogensportdiscount.ch\/fr\/wp-json\/wp\/v2\/types\/product"}],"replies":[{"embeddable":true,"href":"https:\/\/bogensportdiscount.ch\/fr\/wp-json\/wp\/v2\/comments?post=404277"}],"wp:featuredmedia":[{"embeddable":true,"href":"https:\/\/bogensportdiscount.ch\/fr\/wp-json\/wp\/v2\/media\/522983"}],"wp:attachment":[{"href":"https:\/\/bogensportdiscount.ch\/fr\/wp-json\/wp\/v2\/media?parent=404277"}],"wp:term":[{"taxonomy":"product_brand","embeddable":true,"href":"https:\/\/bogensportdiscount.ch\/fr\/wp-json\/wp\/v2\/product_brand?post=404277"},{"taxonomy":"product_cat","embeddable":true,"href":"https:\/\/bogensportdiscount.ch\/fr\/wp-json\/wp\/v2\/product_cat?post=404277"},{"taxonomy":"product_tag","embeddable":true,"href":"https:\/\/bogensportdiscount.ch\/fr\/wp-json\/wp\/v2\/product_tag?post=404277"}],"curies":[{"name":"wp","href":"https:\/\/api.w.org\/{rel}","templated":true}]}}