{"id":404231,"date":"2026-04-05T14:50:41","date_gmt":"2026-04-05T12:50:41","guid":{"rendered":"https:\/\/bogensportdiscount.ch\/produkt\/010-pin-for-20-20-scope-40mm-incl-blue-and-green-fiber\/"},"modified":"2026-04-17T13:46:34","modified_gmt":"2026-04-17T11:46:34","slug":"bowfinger-010-pin-fuer-20-20-scope-40mm-blau-gruen","status":"publish","type":"product","link":"https:\/\/bogensportdiscount.ch\/fr\/produit\/bowfinger-010-pin-fuer-20-20-scope-40mm-blau-gruen\/","title":{"rendered":"BOWFINGER PIN FOR 20\/20 SCOPE 40mm incl. fibre bleue et verte"},"content":{"rendered":"<p>Der BOWFINGER .010 Pin ist ein Ersatz- und Zubeh\u00f6r-Pin, der speziell f\u00fcr das BOWFINGER 20\/20 Scope mit 40mm Linsendurchmesser entwickelt wurde. Er wird mit blauer und gr\u00fcner Glasfaser geliefert, sodass die Faser nach pers\u00f6nlicher Pr\u00e4ferenz gew\u00e4hlt werden kann.<\/p>\n<p>Die Klingenst\u00e4rke von .010 Zoll erm\u00f6glicht ein besonders feines Fadenkreuz, was bei der Pr\u00e4zisionsbeschiessung von Vorteil ist. Das Produkt stammt aus amerikanischer Fertigung (USA) und ist auf die Passgenauigkeit im BOWFINGER 20\/20 Scope abgestimmt.<\/p>\n<ul>\n<li>Passend f\u00fcr BOWFINGER 20\/20 Scope 40mm<\/li>\n<li>Klingenst\u00e4rke: .010 Zoll<\/li>\n<li>Inklusive blauer und gr\u00fcner Glasfaser<\/li>\n<li>Erh\u00e4ltlich in weiteren St\u00e4rken: .015&#8243;, .019&#8243;, .029&#8243;<\/li>\n<\/ul>","protected":false},"excerpt":{"rendered":"<p>Ersatz-Pin von BOWFINGER f\u00fcr das 20\/20 Scope mit 40mm Linse. Der Pin mit .010 Zoll Klingenst\u00e4rke wird inklusive blauer und gr\u00fcner Glasfaser geliefert und erm\u00f6glicht eine pr\u00e4zise Fadenkreuzeinstellung am Compound-Scope.<\/p>","protected":false},"featured_media":439801,"comment_status":"open","ping_status":"closed","template":"","meta":[],"product_brand":[540],"product_cat":[4249],"product_tag":[],"class_list":{"0":"post-404231","1":"product","2":"type-product","3":"status-publish","4":"has-post-thumbnail","6":"product_brand-bowfinger","7":"product_cat-zubehoer-compound-scope","9":"first","10":"instock","11":"shipping-taxable","12":"purchasable","13":"product-type-variable"},"_links":{"self":[{"href":"https:\/\/bogensportdiscount.ch\/fr\/wp-json\/wp\/v2\/product\/404231","targetHints":{"allow":["GET"]}}],"collection":[{"href":"https:\/\/bogensportdiscount.ch\/fr\/wp-json\/wp\/v2\/product"}],"about":[{"href":"https:\/\/bogensportdiscount.ch\/fr\/wp-json\/wp\/v2\/types\/product"}],"replies":[{"embeddable":true,"href":"https:\/\/bogensportdiscount.ch\/fr\/wp-json\/wp\/v2\/comments?post=404231"}],"wp:featuredmedia":[{"embeddable":true,"href":"https:\/\/bogensportdiscount.ch\/fr\/wp-json\/wp\/v2\/media\/439801"}],"wp:attachment":[{"href":"https:\/\/bogensportdiscount.ch\/fr\/wp-json\/wp\/v2\/media?parent=404231"}],"wp:term":[{"taxonomy":"product_brand","embeddable":true,"href":"https:\/\/bogensportdiscount.ch\/fr\/wp-json\/wp\/v2\/product_brand?post=404231"},{"taxonomy":"product_cat","embeddable":true,"href":"https:\/\/bogensportdiscount.ch\/fr\/wp-json\/wp\/v2\/product_cat?post=404231"},{"taxonomy":"product_tag","embeddable":true,"href":"https:\/\/bogensportdiscount.ch\/fr\/wp-json\/wp\/v2\/product_tag?post=404231"}],"curies":[{"name":"wp","href":"https:\/\/api.w.org\/{rel}","templated":true}]}}