{"id":404226,"date":"2026-04-05T14:50:41","date_gmt":"2026-04-05T12:50:41","guid":{"rendered":"https:\/\/bogensportdiscount.ch\/produkt\/010-pin-for-20-20-scope-30mm-incl-blue-and-green-fiber\/"},"modified":"2026-04-17T13:46:34","modified_gmt":"2026-04-17T11:46:34","slug":"bowfinger-010-pin-fuer-20-20-scope-30mm-blau-gruen","status":"publish","type":"product","link":"https:\/\/bogensportdiscount.ch\/fr\/produit\/bowfinger-010-pin-fuer-20-20-scope-30mm-blau-gruen\/","title":{"rendered":"BOWFINGER PIN FOR 20\/20 SCOPE 30mm incl. fibre bleue et verte"},"content":{"rendered":"<p>Dieser BOWFINGER Ersatz-Pin ist speziell f\u00fcr das 20\/20 Scope mit 30-mm-Geh\u00e4use konzipiert. Er erm\u00f6glicht den einfachen Austausch des Zielpunkts, etwa bei Besch\u00e4digung der Glasfaser oder beim Wechsel auf eine andere Faserfarbe bzw. Pindicke.<\/p>\n<p>Im Lieferumfang sind sowohl eine blaue als auch eine gr\u00fcne Glasfaser enthalten, sodass der Sch\u00fctze die bevorzugte Farbe selbst montieren kann. Die Pindicke von .010&#8243; eignet sich f\u00fcr pr\u00e4zises Zielen auf mittlere und l\u00e4ngere Distanzen, da der feine Pin das Ziel weniger verdeckt.<\/p>\n<ul>\n<li>Passend f\u00fcr BOWFINGER 20\/20 Scope 30 mm<\/li>\n<li>Blaue und gr\u00fcne Glasfaser im Lieferumfang<\/li>\n<li>Verf\u00fcgbar in vier St\u00e4rken: .010&#8243;, .015&#8243;, .019&#8243;, .029&#8243;<\/li>\n<li>Fabriqu\u00e9 aux \u00c9tats-Unis<\/li>\n<\/ul>","protected":false},"excerpt":{"rendered":"<p>Ersatz-Pin von BOWFINGER f\u00fcr das 20\/20 Scope mit 30 mm Geh\u00e4use. Im Lieferumfang enthalten sind eine blaue und eine gr\u00fcne Glasfaser. Erh\u00e4ltlich in den St\u00e4rken .010&#8243;, .015&#8243;, .019&#8243; und .029&#8243;.<\/p>","protected":false},"featured_media":439796,"comment_status":"open","ping_status":"closed","template":"","meta":[],"product_brand":[540],"product_cat":[4249],"product_tag":[],"class_list":{"0":"post-404226","1":"product","2":"type-product","3":"status-publish","4":"has-post-thumbnail","6":"product_brand-bowfinger","7":"product_cat-zubehoer-compound-scope","9":"first","10":"instock","11":"shipping-taxable","12":"purchasable","13":"product-type-variable"},"_links":{"self":[{"href":"https:\/\/bogensportdiscount.ch\/fr\/wp-json\/wp\/v2\/product\/404226","targetHints":{"allow":["GET"]}}],"collection":[{"href":"https:\/\/bogensportdiscount.ch\/fr\/wp-json\/wp\/v2\/product"}],"about":[{"href":"https:\/\/bogensportdiscount.ch\/fr\/wp-json\/wp\/v2\/types\/product"}],"replies":[{"embeddable":true,"href":"https:\/\/bogensportdiscount.ch\/fr\/wp-json\/wp\/v2\/comments?post=404226"}],"wp:featuredmedia":[{"embeddable":true,"href":"https:\/\/bogensportdiscount.ch\/fr\/wp-json\/wp\/v2\/media\/439796"}],"wp:attachment":[{"href":"https:\/\/bogensportdiscount.ch\/fr\/wp-json\/wp\/v2\/media?parent=404226"}],"wp:term":[{"taxonomy":"product_brand","embeddable":true,"href":"https:\/\/bogensportdiscount.ch\/fr\/wp-json\/wp\/v2\/product_brand?post=404226"},{"taxonomy":"product_cat","embeddable":true,"href":"https:\/\/bogensportdiscount.ch\/fr\/wp-json\/wp\/v2\/product_cat?post=404226"},{"taxonomy":"product_tag","embeddable":true,"href":"https:\/\/bogensportdiscount.ch\/fr\/wp-json\/wp\/v2\/product_tag?post=404226"}],"curies":[{"name":"wp","href":"https:\/\/api.w.org\/{rel}","templated":true}]}}