{"id":404219,"date":"2026-04-05T14:50:40","date_gmt":"2026-04-05T12:50:40","guid":{"rendered":"https:\/\/bogensportdiscount.ch\/produkt\/scope-lenses-2-power-clear-kit-1-5-8-sight-housing\/"},"modified":"2026-04-17T13:46:33","modified_gmt":"2026-04-17T11:46:33","slug":"hha-scope-linsen-2-fach-klar-kit-2-zoll-visiergehaeuse","status":"publish","type":"product","link":"https:\/\/bogensportdiscount.ch\/fr\/produit\/hha-scope-linsen-2-fach-klar-kit-2-zoll-visiergehaeuse\/","title":{"rendered":"HHA SCOPE LENSES SIGHT HOUSING"},"content":{"rendered":"<p>Die HHA Scope-Linsen im 2-fach Klar Kit bieten eine zweifache Vergr\u00f6sserung f\u00fcr 2&#8243; Visiergeh\u00e4use. Die klaren Linsen sind auf eine pr\u00e4zise Zieldarstellung ausgelegt und eignen sich f\u00fcr Compound-Bogensch\u00fctzen, die eine vergr\u00f6sserte Sicht auf die Scheibe w\u00fcnschen, ohne dabei Farbverf\u00e4lschungen in Kauf nehmen zu m\u00fcssen.<\/p>\n<p>Das Kit ist in unterschiedlichen Dioptrien (2, 4, 6) und L\u00e4ngen (2&#8243; sowie 8&#8243;) verf\u00fcgbar, sodass es individuell auf verschiedene Sehst\u00e4rken und Visier-Konfigurationen abgestimmt werden kann. Die Linsen sind kompatibel mit entsprechenden HHA-Visiergeh\u00e4usen im 2&#8243;-Format.<\/p>\n<ul>\n<li>2-fache Vergr\u00f6sserung f\u00fcr klare Zielpunktdarstellung<\/li>\n<li>F\u00fcr 2&#8243; Visiergeh\u00e4use konzipiert<\/li>\n<li>Erh\u00e4ltlich in Dioptrien 2, 4 und 6<\/li>\n<li>Verf\u00fcgbar in zwei L\u00e4ngen: 2&#8243; und 8&#8243;<\/li>\n<\/ul>","protected":false},"excerpt":{"rendered":"<p><strong>Marque :<\/strong> HHA<\/p>","protected":false},"featured_media":450588,"comment_status":"open","ping_status":"closed","template":"","meta":[],"product_brand":[528],"product_cat":[4248],"product_tag":[],"class_list":{"0":"post-404219","1":"product","2":"type-product","3":"status-publish","4":"has-post-thumbnail","6":"product_brand-hha","7":"product_cat-linsen-compound-scope","9":"first","10":"instock","11":"shipping-taxable","12":"purchasable","13":"product-type-variable"},"_links":{"self":[{"href":"https:\/\/bogensportdiscount.ch\/fr\/wp-json\/wp\/v2\/product\/404219","targetHints":{"allow":["GET"]}}],"collection":[{"href":"https:\/\/bogensportdiscount.ch\/fr\/wp-json\/wp\/v2\/product"}],"about":[{"href":"https:\/\/bogensportdiscount.ch\/fr\/wp-json\/wp\/v2\/types\/product"}],"replies":[{"embeddable":true,"href":"https:\/\/bogensportdiscount.ch\/fr\/wp-json\/wp\/v2\/comments?post=404219"}],"wp:featuredmedia":[{"embeddable":true,"href":"https:\/\/bogensportdiscount.ch\/fr\/wp-json\/wp\/v2\/media\/450588"}],"wp:attachment":[{"href":"https:\/\/bogensportdiscount.ch\/fr\/wp-json\/wp\/v2\/media?parent=404219"}],"wp:term":[{"taxonomy":"product_brand","embeddable":true,"href":"https:\/\/bogensportdiscount.ch\/fr\/wp-json\/wp\/v2\/product_brand?post=404219"},{"taxonomy":"product_cat","embeddable":true,"href":"https:\/\/bogensportdiscount.ch\/fr\/wp-json\/wp\/v2\/product_cat?post=404219"},{"taxonomy":"product_tag","embeddable":true,"href":"https:\/\/bogensportdiscount.ch\/fr\/wp-json\/wp\/v2\/product_tag?post=404219"}],"curies":[{"name":"wp","href":"https:\/\/api.w.org\/{rel}","templated":true}]}}