{"id":404130,"date":"2026-04-05T14:50:31","date_gmt":"2026-04-05T12:50:31","guid":{"rendered":"https:\/\/bogensportdiscount.ch\/produkt\/risers-wood-verve-19-5-rh-54\/"},"modified":"2026-04-17T13:46:32","modified_gmt":"2026-04-17T11:46:32","slug":"core-recurve-mittelstuck-verve-holz","status":"publish","type":"product","link":"https:\/\/bogensportdiscount.ch\/fr\/produit\/core-recurve-mittelstuck-verve-holz\/","title":{"rendered":"CORE RISERS WOOD VERVE"},"content":{"rendered":"<p>Das CORE Verve ist ein Recurve-Mittelst\u00fcck aus Holz, das speziell f\u00fcr Einsteiger konzipiert wurde. Es ist in den L\u00e4ngen 19.5&#8243;, 20&#8243; und 24&#8243; erh\u00e4ltlich und eignet sich sowohl f\u00fcr Links- als auch Rechtsh\u00e4nder.<\/p>\n<p>Die Pocket-Passung ist auf Einsteiger-Wurfarme ausgelegt, was das Verve zu einem geeigneten Ausgangspunkt f\u00fcr den Einstieg in den Recurvebogensport macht. Das Holzmaterial sorgt f\u00fcr ein nat\u00fcrliches Handling und ein angenehmes Gewicht.<\/p>\n<ul>\n<li>Material: Holz<\/li>\n<li>Pocket-Passung f\u00fcr Einsteiger-Wurfarme<\/li>\n<li>Erh\u00e4ltlich in drei L\u00e4ngen: 19.5&#8243;, 20&#8243; und 24&#8243;<\/li>\n<li>F\u00fcr Links- und Rechtsh\u00e4nder verf\u00fcgbar<\/li>\n<\/ul>","protected":false},"excerpt":{"rendered":"<table>\n<tr>\n<th>Propri\u00e9t\u00e9<\/th>\n<th>Valeur<\/th>\n<\/tr>\n<tr>\n<td>Marque<\/td>\n<td>CORE<\/td>\n<\/tr>\n<tr>\n<td>Mat\u00e9riau<\/td>\n<td>Holz<\/td>\n<\/tr>\n<tr>\n<td>Pocket-Passung<\/td>\n<td>D\u00e9butant<\/td>\n<\/tr>\n<tr>\n<td>Verf\u00fcgbare L\u00e4ngen<\/td>\n<td>19.5&#8243;, 20&#8243;, 24&#8243;<\/td>\n<\/tr>\n<tr>\n<td>Main<\/td>\n<td>Linkshand, Rechtshand<\/td>\n<\/tr>\n<tr>\n<td>Herkunftsland<\/td>\n<td>China<\/td>\n<\/tr>\n<\/table>","protected":false},"featured_media":450568,"comment_status":"open","ping_status":"closed","template":"","meta":[],"product_brand":[423],"product_cat":[4519],"product_tag":[],"class_list":{"0":"post-404130","1":"product","2":"type-product","3":"status-publish","4":"has-post-thumbnail","6":"product_brand-core","7":"product_cat-recurve-mittelteile-recurve-boegen","9":"first","10":"instock","11":"shipping-taxable","12":"purchasable","13":"product-type-variable"},"_links":{"self":[{"href":"https:\/\/bogensportdiscount.ch\/fr\/wp-json\/wp\/v2\/product\/404130","targetHints":{"allow":["GET"]}}],"collection":[{"href":"https:\/\/bogensportdiscount.ch\/fr\/wp-json\/wp\/v2\/product"}],"about":[{"href":"https:\/\/bogensportdiscount.ch\/fr\/wp-json\/wp\/v2\/types\/product"}],"replies":[{"embeddable":true,"href":"https:\/\/bogensportdiscount.ch\/fr\/wp-json\/wp\/v2\/comments?post=404130"}],"wp:featuredmedia":[{"embeddable":true,"href":"https:\/\/bogensportdiscount.ch\/fr\/wp-json\/wp\/v2\/media\/450568"}],"wp:attachment":[{"href":"https:\/\/bogensportdiscount.ch\/fr\/wp-json\/wp\/v2\/media?parent=404130"}],"wp:term":[{"taxonomy":"product_brand","embeddable":true,"href":"https:\/\/bogensportdiscount.ch\/fr\/wp-json\/wp\/v2\/product_brand?post=404130"},{"taxonomy":"product_cat","embeddable":true,"href":"https:\/\/bogensportdiscount.ch\/fr\/wp-json\/wp\/v2\/product_cat?post=404130"},{"taxonomy":"product_tag","embeddable":true,"href":"https:\/\/bogensportdiscount.ch\/fr\/wp-json\/wp\/v2\/product_tag?post=404130"}],"curies":[{"name":"wp","href":"https:\/\/api.w.org\/{rel}","templated":true}]}}