{"id":404120,"date":"2026-04-05T14:50:30","date_gmt":"2026-04-05T12:50:30","guid":{"rendered":"https:\/\/bogensportdiscount.ch\/produkt\/beginner-jet-metal-24-rh-66-68-70-black\/"},"modified":"2026-04-20T09:06:13","modified_gmt":"2026-04-20T07:06:13","slug":"core-recurvebogen-mittelstuck-beginner-jet-metal-24-rh-66-68-70","status":"publish","type":"product","link":"https:\/\/bogensportdiscount.ch\/fr\/produit\/core-recurvebogen-mittelstuck-beginner-jet-metal-24-rh-66-68-70\/","title":{"rendered":"CORE D\u00c9BUTANT JET M\u00c9TAL 24\u2033 RH 66-68-70\u2033"},"content":{"rendered":"<p>Le CORE Beginner Jet Metal est une poign\u00e9e en m\u00e9tal pour arcs \u00e0 poulies r\u00e9currents destin\u00e9e aux d\u00e9butants souhaitant commencer avec une configuration stable et fonctionnelle. La longueur de poign\u00e9e de 24 pouces permet la combinaison avec des branches standard de 66, 68 et 70 pouces. La version est con\u00e7ue pour les droitiers (RH).<\/p>\n<p>La poign\u00e9e est en m\u00e9tal et offre ainsi une base solide pour d\u00e9buter dans le sport de l'arc recurve. Elle est disponible en noir et jaune.<\/p>\n<ul>\n<li>Poign\u00e9e en m\u00e9tal pour arcs recurve<\/li>\n<li>Longueur de poign\u00e9e 24 pouces<\/li>\n<li>Compatible avec les longueurs d'arc 66&#8243;, 68&#8243; et 70&#8243;<\/li>\n<li>Pour droitiers (RH)<\/li>\n<\/ul>","protected":false},"excerpt":{"rendered":"<p>Le CORE Beginner Jet Metal est une poign\u00e9e d'arc recurve en m\u00e9tal d'une longueur de 24 pouces, con\u00e7ue pour les droitiers. Elle est compatible avec des longueurs d'arc de 66, 68 et 70 pouces et convient particuli\u00e8rement aux d\u00e9butants dans le sport de l'arc recurve. Disponible en noir et jaune.<\/p>","protected":false},"featured_media":450562,"comment_status":"open","ping_status":"closed","template":"","meta":[],"product_brand":[423],"product_cat":[4519],"product_tag":[],"class_list":{"0":"post-404120","1":"product","2":"type-product","3":"status-publish","4":"has-post-thumbnail","6":"product_brand-core","7":"product_cat-recurve-mittelteile-recurve-boegen","9":"first","10":"instock","11":"shipping-taxable","12":"purchasable","13":"product-type-variable"},"yoast_head":"<!-- This site is optimized with the Yoast SEO plugin v27.4 - https:\/\/yoast.com\/product\/yoast-seo-wordpress\/ -->\n<title>CORE ANFAENGER JET METALL 24&quot; RH 66-68-70&quot; - Bogensportdiscount \u2013 B\u00f6gen, Pfeile, Targets &amp; Zubeh\u00f6r<\/title>\n<meta name=\"robots\" content=\"noindex, follow, max-snippet:-1, max-image-preview:large, max-video-preview:-1\" \/>\n<meta property=\"og:locale\" content=\"fr_FR\" \/>\n<meta property=\"og:type\" content=\"article\" \/>\n<meta property=\"og:title\" content=\"CORE ANFAENGER JET METALL 24&quot; RH 66-68-70&quot; - Bogensportdiscount \u2013 B\u00f6gen, Pfeile, Targets &amp; Zubeh\u00f6r\" \/>\n<meta property=\"og:description\" content=\"Das CORE Beginner Jet Metal ist ein Recurvebogen-Mittelst\u00fcck aus Metall mit einer Griffl\u00e4nge von 24 Zoll, ausgelegt f\u00fcr Rechtsh\u00e4nder. Es ist kompatibel mit Bogenl\u00e4ngen von 66, 68 und 70 Zoll und eignet sich besonders f\u00fcr Einsteiger im Recurvesport. Erh\u00e4ltlich in den Farben Schwarz und Gelb.\" \/>\n<meta property=\"og:url\" content=\"https:\/\/bogensportdiscount.ch\/fr\/produit\/core-recurvebogen-mittelstuck-beginner-jet-metal-24-rh-66-68-70\/\" \/>\n<meta property=\"og:site_name\" content=\"Bogensportdiscount \u2013 B\u00f6gen, Pfeile, Targets &amp; Zubeh\u00f6r\" \/>\n<meta property=\"article:modified_time\" content=\"2026-04-20T07:06:13+00:00\" \/>\n<meta property=\"og:image\" content=\"https:\/\/bogensportdiscount.ch\/wp-content\/uploads\/bsm-images\/A039433_1.png\" \/>\n\t<meta property=\"og:image:width\" content=\"438\" \/>\n\t<meta property=\"og:image:height\" content=\"1772\" \/>\n\t<meta property=\"og:image:type\" content=\"image\/png\" \/>\n<meta name=\"twitter:card\" content=\"summary_large_image\" \/>\n<meta name=\"twitter:label1\" content=\"Est. reading time\" \/>\n\t<meta name=\"twitter:data1\" content=\"1 minute\" \/>\n<script type=\"application\/ld+json\" class=\"yoast-schema-graph\">{\"@context\":\"https:\\\/\\\/schema.org\",\"@graph\":[{\"@type\":\"WebPage\",\"@id\":\"https:\\\/\\\/bogensportdiscount.ch\\\/fr\\\/produit\\\/core-recurvebogen-mittelstuck-beginner-jet-metal-24-rh-66-68-70\\\/\",\"url\":\"https:\\\/\\\/bogensportdiscount.ch\\\/fr\\\/produit\\\/core-recurvebogen-mittelstuck-beginner-jet-metal-24-rh-66-68-70\\\/\",\"name\":\"CORE ANFAENGER JET METALL 24\\\" RH 66-68-70\\\" - Bogensportdiscount \u2013 B\u00f6gen, Pfeile, Targets &amp; Zubeh\u00f6r\",\"isPartOf\":{\"@id\":\"https:\\\/\\\/bogensportdiscount.ch\\\/#website\"},\"primaryImageOfPage\":{\"@id\":\"https:\\\/\\\/bogensportdiscount.ch\\\/fr\\\/produit\\\/core-recurvebogen-mittelstuck-beginner-jet-metal-24-rh-66-68-70\\\/#primaryimage\"},\"image\":{\"@id\":\"https:\\\/\\\/bogensportdiscount.ch\\\/fr\\\/produit\\\/core-recurvebogen-mittelstuck-beginner-jet-metal-24-rh-66-68-70\\\/#primaryimage\"},\"thumbnailUrl\":\"https:\\\/\\\/bogensportdiscount.ch\\\/wp-content\\\/uploads\\\/bsm-images\\\/A039433_1.png\",\"datePublished\":\"2026-04-05T12:50:30+00:00\",\"dateModified\":\"2026-04-20T07:06:13+00:00\",\"breadcrumb\":{\"@id\":\"https:\\\/\\\/bogensportdiscount.ch\\\/fr\\\/produit\\\/core-recurvebogen-mittelstuck-beginner-jet-metal-24-rh-66-68-70\\\/#breadcrumb\"},\"inLanguage\":\"fr-FR\",\"potentialAction\":[{\"@type\":\"ReadAction\",\"target\":[\"https:\\\/\\\/bogensportdiscount.ch\\\/fr\\\/produit\\\/core-recurvebogen-mittelstuck-beginner-jet-metal-24-rh-66-68-70\\\/\"]}]},{\"@type\":\"ImageObject\",\"inLanguage\":\"fr-FR\",\"@id\":\"https:\\\/\\\/bogensportdiscount.ch\\\/fr\\\/produit\\\/core-recurvebogen-mittelstuck-beginner-jet-metal-24-rh-66-68-70\\\/#primaryimage\",\"url\":\"https:\\\/\\\/bogensportdiscount.ch\\\/wp-content\\\/uploads\\\/bsm-images\\\/A039433_1.png\",\"contentUrl\":\"https:\\\/\\\/bogensportdiscount.ch\\\/wp-content\\\/uploads\\\/bsm-images\\\/A039433_1.png\",\"width\":438,\"height\":1772},{\"@type\":\"BreadcrumbList\",\"@id\":\"https:\\\/\\\/bogensportdiscount.ch\\\/fr\\\/produit\\\/core-recurvebogen-mittelstuck-beginner-jet-metal-24-rh-66-68-70\\\/#breadcrumb\",\"itemListElement\":[{\"@type\":\"ListItem\",\"position\":1,\"name\":\"Home\",\"item\":\"https:\\\/\\\/bogensportdiscount.ch\\\/\"},{\"@type\":\"ListItem\",\"position\":2,\"name\":\"Shop\",\"item\":\"https:\\\/\\\/bogensportdiscount.ch\\\/shop\\\/\"},{\"@type\":\"ListItem\",\"position\":3,\"name\":\"CORE ANFAENGER JET METALL 24&#8243; RH 66-68-70&#8243;\"}]},{\"@type\":\"WebSite\",\"@id\":\"https:\\\/\\\/bogensportdiscount.ch\\\/#website\",\"url\":\"https:\\\/\\\/bogensportdiscount.ch\\\/\",\"name\":\"Bogensportdiscount\",\"description\":\"\",\"potentialAction\":[{\"@type\":\"SearchAction\",\"target\":{\"@type\":\"EntryPoint\",\"urlTemplate\":\"https:\\\/\\\/bogensportdiscount.ch\\\/?s={search_term_string}\"},\"query-input\":{\"@type\":\"PropertyValueSpecification\",\"valueRequired\":true,\"valueName\":\"search_term_string\"}}],\"inLanguage\":\"fr-FR\"}]}<\/script>\n<!-- \/ Yoast SEO plugin. -->","yoast_head_json":{"title":"CORE ANFAENGER JET METALL 24\" RH 66-68-70\" - Bogensportdiscount \u2013 B\u00f6gen, Pfeile, Targets &amp; Zubeh\u00f6r","robots":{"index":"noindex","follow":"follow","max-snippet":"max-snippet:-1","max-image-preview":"max-image-preview:large","max-video-preview":"max-video-preview:-1"},"og_locale":"fr_FR","og_type":"article","og_title":"CORE ANFAENGER JET METALL 24\" RH 66-68-70\" - Bogensportdiscount \u2013 B\u00f6gen, Pfeile, Targets &amp; Zubeh\u00f6r","og_description":"Das CORE Beginner Jet Metal ist ein Recurvebogen-Mittelst\u00fcck aus Metall mit einer Griffl\u00e4nge von 24 Zoll, ausgelegt f\u00fcr Rechtsh\u00e4nder. Es ist kompatibel mit Bogenl\u00e4ngen von 66, 68 und 70 Zoll und eignet sich besonders f\u00fcr Einsteiger im Recurvesport. Erh\u00e4ltlich in den Farben Schwarz und Gelb.","og_url":"https:\/\/bogensportdiscount.ch\/fr\/produit\/core-recurvebogen-mittelstuck-beginner-jet-metal-24-rh-66-68-70\/","og_site_name":"Bogensportdiscount \u2013 B\u00f6gen, Pfeile, Targets &amp; Zubeh\u00f6r","article_modified_time":"2026-04-20T07:06:13+00:00","og_image":[{"width":438,"height":1772,"url":"https:\/\/bogensportdiscount.ch\/wp-content\/uploads\/bsm-images\/A039433_1.png","type":"image\/png"}],"twitter_card":"summary_large_image","twitter_misc":{"Est. reading time":"1 minute"},"schema":{"@context":"https:\/\/schema.org","@graph":[{"@type":"WebPage","@id":"https:\/\/bogensportdiscount.ch\/fr\/produit\/core-recurvebogen-mittelstuck-beginner-jet-metal-24-rh-66-68-70\/","url":"https:\/\/bogensportdiscount.ch\/fr\/produit\/core-recurvebogen-mittelstuck-beginner-jet-metal-24-rh-66-68-70\/","name":"CORE ANFAENGER JET METALL 24\" RH 66-68-70\" - Bogensportdiscount \u2013 B\u00f6gen, Pfeile, Targets &amp; Zubeh\u00f6r","isPartOf":{"@id":"https:\/\/bogensportdiscount.ch\/#website"},"primaryImageOfPage":{"@id":"https:\/\/bogensportdiscount.ch\/fr\/produit\/core-recurvebogen-mittelstuck-beginner-jet-metal-24-rh-66-68-70\/#primaryimage"},"image":{"@id":"https:\/\/bogensportdiscount.ch\/fr\/produit\/core-recurvebogen-mittelstuck-beginner-jet-metal-24-rh-66-68-70\/#primaryimage"},"thumbnailUrl":"https:\/\/bogensportdiscount.ch\/wp-content\/uploads\/bsm-images\/A039433_1.png","datePublished":"2026-04-05T12:50:30+00:00","dateModified":"2026-04-20T07:06:13+00:00","breadcrumb":{"@id":"https:\/\/bogensportdiscount.ch\/fr\/produit\/core-recurvebogen-mittelstuck-beginner-jet-metal-24-rh-66-68-70\/#breadcrumb"},"inLanguage":"fr-FR","potentialAction":[{"@type":"ReadAction","target":["https:\/\/bogensportdiscount.ch\/fr\/produit\/core-recurvebogen-mittelstuck-beginner-jet-metal-24-rh-66-68-70\/"]}]},{"@type":"ImageObject","inLanguage":"fr-FR","@id":"https:\/\/bogensportdiscount.ch\/fr\/produit\/core-recurvebogen-mittelstuck-beginner-jet-metal-24-rh-66-68-70\/#primaryimage","url":"https:\/\/bogensportdiscount.ch\/wp-content\/uploads\/bsm-images\/A039433_1.png","contentUrl":"https:\/\/bogensportdiscount.ch\/wp-content\/uploads\/bsm-images\/A039433_1.png","width":438,"height":1772},{"@type":"BreadcrumbList","@id":"https:\/\/bogensportdiscount.ch\/fr\/produit\/core-recurvebogen-mittelstuck-beginner-jet-metal-24-rh-66-68-70\/#breadcrumb","itemListElement":[{"@type":"ListItem","position":1,"name":"Home","item":"https:\/\/bogensportdiscount.ch\/"},{"@type":"ListItem","position":2,"name":"Shop","item":"https:\/\/bogensportdiscount.ch\/shop\/"},{"@type":"ListItem","position":3,"name":"CORE ANFAENGER JET METALL 24&#8243; RH 66-68-70&#8243;"}]},{"@type":"WebSite","@id":"https:\/\/bogensportdiscount.ch\/#website","url":"https:\/\/bogensportdiscount.ch\/","name":"Bogensportdiscount","description":"","potentialAction":[{"@type":"SearchAction","target":{"@type":"EntryPoint","urlTemplate":"https:\/\/bogensportdiscount.ch\/?s={search_term_string}"},"query-input":{"@type":"PropertyValueSpecification","valueRequired":true,"valueName":"search_term_string"}}],"inLanguage":"fr-FR"}]}},"_links":{"self":[{"href":"https:\/\/bogensportdiscount.ch\/fr\/wp-json\/wp\/v2\/product\/404120","targetHints":{"allow":["GET"]}}],"collection":[{"href":"https:\/\/bogensportdiscount.ch\/fr\/wp-json\/wp\/v2\/product"}],"about":[{"href":"https:\/\/bogensportdiscount.ch\/fr\/wp-json\/wp\/v2\/types\/product"}],"replies":[{"embeddable":true,"href":"https:\/\/bogensportdiscount.ch\/fr\/wp-json\/wp\/v2\/comments?post=404120"}],"wp:featuredmedia":[{"embeddable":true,"href":"https:\/\/bogensportdiscount.ch\/fr\/wp-json\/wp\/v2\/media\/450562"}],"wp:attachment":[{"href":"https:\/\/bogensportdiscount.ch\/fr\/wp-json\/wp\/v2\/media?parent=404120"}],"wp:term":[{"taxonomy":"product_brand","embeddable":true,"href":"https:\/\/bogensportdiscount.ch\/fr\/wp-json\/wp\/v2\/product_brand?post=404120"},{"taxonomy":"product_cat","embeddable":true,"href":"https:\/\/bogensportdiscount.ch\/fr\/wp-json\/wp\/v2\/product_cat?post=404120"},{"taxonomy":"product_tag","embeddable":true,"href":"https:\/\/bogensportdiscount.ch\/fr\/wp-json\/wp\/v2\/product_tag?post=404120"}],"curies":[{"name":"wp","href":"https:\/\/api.w.org\/{rel}","templated":true}]}}