{"id":404057,"date":"2026-04-05T14:50:26","date_gmt":"2026-04-05T12:50:26","guid":{"rendered":"https:\/\/bogensportdiscount.ch\/produkt\/limbs-kap-winstorm-carbon-foam-25-66-20-lbs-23-64-22-lbs\/"},"modified":"2026-04-17T13:46:31","modified_gmt":"2026-04-17T11:46:31","slug":"kap-recurvebogen-wurfarme-winstorm-carbon-foam-25","status":"publish","type":"product","link":"https:\/\/bogensportdiscount.ch\/fr\/produit\/kap-recurvebogen-wurfarme-winstorm-carbon-foam-25\/","title":{"rendered":"LIMBS KAP WINSTORM CARBON FOAM 25\u2033 LBS"},"content":{"rendered":"<p>Die KAP Winstorm Carbon Foam Wurfarme (25&#8243;) sind Recurvebogen-Wurfarme des koreanischen Bogenherstellers KAP. Die Carbon-Foam-Bauweise kombiniert einen Schaumkern mit Carbon-Lagen, was typischerweise ein gutes Verh\u00e4ltnis aus Gewicht, D\u00e4mpfung und Steifigkeit ergibt.<\/p>\n<p>Die Wurfarme sind in drei Bogenl\u00e4ngen (66&#8243;, 68&#8243; und 70&#8243;) sowie in einem breiten Zuggewichtsbereich von 18 bis 38 LBS erh\u00e4ltlich, sodass sie sich f\u00fcr unterschiedliche Sch\u00fctzenprofile eignen \u2013 vom fortgeschrittenen Einsteiger bis zum erfahrenen Wettkampfsch\u00fctzen.<\/p>\n<ul>\n<li>Carbon-Foam-Konstruktion f\u00fcr gute D\u00e4mpfungseigenschaften<\/li>\n<li>Verf\u00fcgbar in Bogenl\u00e4ngen 66&#8243;, 68&#8243; und 70&#8243;<\/li>\n<li>Zuggewichte von 18 bis 38 LBS w\u00e4hlbar<\/li>\n<li>Kompatibel mit Standard-Recurvebogen-Mittelteilen (ILF)<\/li>\n<\/ul>","protected":false},"excerpt":{"rendered":"<p><strong>Marque :<\/strong> PAC<br \/><strong>mat\u00e9riel :<\/strong> Carbon foam<\/p>","protected":false},"featured_media":452631,"comment_status":"open","ping_status":"closed","template":"","meta":[],"product_brand":[781],"product_cat":[4520],"product_tag":[],"class_list":{"0":"post-404057","1":"product","2":"type-product","3":"status-publish","4":"has-post-thumbnail","6":"product_brand-kap","7":"product_cat-recurve-wurfarme-recurve-boegen","9":"first","10":"instock","11":"shipping-taxable","12":"purchasable","13":"product-type-variable"},"_links":{"self":[{"href":"https:\/\/bogensportdiscount.ch\/fr\/wp-json\/wp\/v2\/product\/404057","targetHints":{"allow":["GET"]}}],"collection":[{"href":"https:\/\/bogensportdiscount.ch\/fr\/wp-json\/wp\/v2\/product"}],"about":[{"href":"https:\/\/bogensportdiscount.ch\/fr\/wp-json\/wp\/v2\/types\/product"}],"replies":[{"embeddable":true,"href":"https:\/\/bogensportdiscount.ch\/fr\/wp-json\/wp\/v2\/comments?post=404057"}],"wp:featuredmedia":[{"embeddable":true,"href":"https:\/\/bogensportdiscount.ch\/fr\/wp-json\/wp\/v2\/media\/452631"}],"wp:attachment":[{"href":"https:\/\/bogensportdiscount.ch\/fr\/wp-json\/wp\/v2\/media?parent=404057"}],"wp:term":[{"taxonomy":"product_brand","embeddable":true,"href":"https:\/\/bogensportdiscount.ch\/fr\/wp-json\/wp\/v2\/product_brand?post=404057"},{"taxonomy":"product_cat","embeddable":true,"href":"https:\/\/bogensportdiscount.ch\/fr\/wp-json\/wp\/v2\/product_cat?post=404057"},{"taxonomy":"product_tag","embeddable":true,"href":"https:\/\/bogensportdiscount.ch\/fr\/wp-json\/wp\/v2\/product_tag?post=404057"}],"curies":[{"name":"wp","href":"https:\/\/api.w.org\/{rel}","templated":true}]}}