{"id":403994,"date":"2026-04-05T14:50:22","date_gmt":"2026-04-05T12:50:22","guid":{"rendered":"https:\/\/bogensportdiscount.ch\/produkt\/limbs-beginner-wood-shift-14-5-48-10-lbs\/"},"modified":"2026-04-17T13:46:31","modified_gmt":"2026-04-17T11:46:31","slug":"core-recurvebogen-wurfarme-beginner-wood-shift","status":"publish","type":"product","link":"https:\/\/bogensportdiscount.ch\/fr\/produit\/core-recurvebogen-wurfarme-beginner-wood-shift\/","title":{"rendered":"CORE LIMBS BEGINNER WOOD SHIFT LBS"},"content":{"rendered":"<p>Die CORE Beginner Wood Shift Wurfarme sind speziell auf die Bed\u00fcrfnisse von Einsteigern im Recurvebogensport ausgerichtet. Dank der Holzkern-Konstruktion bieten sie ein klassisches Schussgef\u00fchl und eignen sich f\u00fcr den Einstieg in den Recurvebogensport.<\/p>\n<p>Das breite Angebot an Bogenl\u00e4ngen \u2013 von 48 bis 70 Zoll \u2013 und Zuggewichten von 10 bis 40 lbs erm\u00f6glicht eine gute Anpassung an unterschiedliche K\u00f6rpergr\u00f6ssen und Kraftniveaus. Die Wurfarme sind in drei L\u00e1ngen (14.5&#8243;, 19.5&#8243; und 24&#8243;) erh\u00e4ltlich und kompatibel mit g\u00e4ngigen Recurvebogen-Mittelteilen.<\/p>\n<ul>\n<li>Holzkern-Konstruktion f\u00fcr klassisches Schussgef\u00fchl<\/li>\n<li>Breite Auswahl an Bogenl\u00e4ngen und Zuggewichten<\/li>\n<li>Geeignet f\u00fcr Einsteiger im Recurvebogensport<\/li>\n<li>Kompatibel mit Standard-Recurvebogen-Mittelteilen<\/li>\n<\/ul>","protected":false},"excerpt":{"rendered":"<p><strong>Marque :<\/strong> Core<br \/><strong>mat\u00e9riel :<\/strong> Fiber wood<\/p>","protected":false},"featured_media":450554,"comment_status":"open","ping_status":"closed","template":"","meta":[],"product_brand":[423],"product_cat":[4520],"product_tag":[],"class_list":{"0":"post-403994","1":"product","2":"type-product","3":"status-publish","4":"has-post-thumbnail","6":"product_brand-core","7":"product_cat-recurve-wurfarme-recurve-boegen","9":"first","10":"instock","11":"shipping-taxable","12":"purchasable","13":"product-type-variable"},"_links":{"self":[{"href":"https:\/\/bogensportdiscount.ch\/fr\/wp-json\/wp\/v2\/product\/403994","targetHints":{"allow":["GET"]}}],"collection":[{"href":"https:\/\/bogensportdiscount.ch\/fr\/wp-json\/wp\/v2\/product"}],"about":[{"href":"https:\/\/bogensportdiscount.ch\/fr\/wp-json\/wp\/v2\/types\/product"}],"replies":[{"embeddable":true,"href":"https:\/\/bogensportdiscount.ch\/fr\/wp-json\/wp\/v2\/comments?post=403994"}],"wp:featuredmedia":[{"embeddable":true,"href":"https:\/\/bogensportdiscount.ch\/fr\/wp-json\/wp\/v2\/media\/450554"}],"wp:attachment":[{"href":"https:\/\/bogensportdiscount.ch\/fr\/wp-json\/wp\/v2\/media?parent=403994"}],"wp:term":[{"taxonomy":"product_brand","embeddable":true,"href":"https:\/\/bogensportdiscount.ch\/fr\/wp-json\/wp\/v2\/product_brand?post=403994"},{"taxonomy":"product_cat","embeddable":true,"href":"https:\/\/bogensportdiscount.ch\/fr\/wp-json\/wp\/v2\/product_cat?post=403994"},{"taxonomy":"product_tag","embeddable":true,"href":"https:\/\/bogensportdiscount.ch\/fr\/wp-json\/wp\/v2\/product_tag?post=403994"}],"curies":[{"name":"wp","href":"https:\/\/api.w.org\/{rel}","templated":true}]}}