{"id":403964,"date":"2026-04-05T14:50:19","date_gmt":"2026-04-05T12:50:19","guid":{"rendered":"https:\/\/bogensportdiscount.ch\/produkt\/limbs-beginner-verve-black-white-24-66-34-lbs-2062-36-lbs\/"},"modified":"2026-04-17T13:46:31","modified_gmt":"2026-04-17T11:46:31","slug":"core-wurfarme-beginner-verve-schwarz-weiss-24","status":"publish","type":"product","link":"https:\/\/bogensportdiscount.ch\/fr\/produit\/core-wurfarme-beginner-verve-schwarz-weiss-24\/","title":{"rendered":"CORE LIMBS BEGINNER VERVE BLACK &amp; WHITE 24\u2033 LBS"},"content":{"rendered":"<p>Die CORE Beginner Verve Wurfarme in 24&#8243; sind speziell f\u00fcr Einsteiger im Recurvebogensport konzipiert. Die zweifarbige Ausf\u00fchrung in Schwarz und Weiss verleiht dem Bogen ein klares, modernes Erscheinungsbild.<\/p>\n<p>Die Wurfarme sind mit zahlreichen Kombinationen aus Bogenl\u00e4nge (66&#8243;, 68&#8243; und 70&#8243;) und Zuggewicht (32 bis 38 lbs) erh\u00e4ltlich, sodass Anf\u00e4nger eine f\u00fcr ihre K\u00f6rpergr\u00f6sse und ihr Leistungsniveau passende Konfiguration w\u00e4hlen k\u00f6nnen.<\/p>\n<ul>\n<li>L\u00e4nge: 24&#8243;<\/li>\n<li>Farbe: Schwarz\/Weiss<\/li>\n<li>Verf\u00fcgbare Zuggewichte: 32\u201338 lbs<\/li>\n<li>Kompatibel mit 66&#8243;, 68&#8243; und 70&#8243; Recurveb\u00f6gen<\/li>\n<\/ul>","protected":false},"excerpt":{"rendered":"<p><strong>Marque :<\/strong> Core<br \/><strong>mat\u00e9riel :<\/strong> Fiber wood<\/p>","protected":false},"featured_media":452629,"comment_status":"open","ping_status":"closed","template":"","meta":[],"product_brand":[423],"product_cat":[4520],"product_tag":[],"class_list":{"0":"post-403964","1":"product","2":"type-product","3":"status-publish","4":"has-post-thumbnail","6":"product_brand-core","7":"product_cat-recurve-wurfarme-recurve-boegen","9":"first","10":"instock","11":"shipping-taxable","12":"purchasable","13":"product-type-variable"},"_links":{"self":[{"href":"https:\/\/bogensportdiscount.ch\/fr\/wp-json\/wp\/v2\/product\/403964","targetHints":{"allow":["GET"]}}],"collection":[{"href":"https:\/\/bogensportdiscount.ch\/fr\/wp-json\/wp\/v2\/product"}],"about":[{"href":"https:\/\/bogensportdiscount.ch\/fr\/wp-json\/wp\/v2\/types\/product"}],"replies":[{"embeddable":true,"href":"https:\/\/bogensportdiscount.ch\/fr\/wp-json\/wp\/v2\/comments?post=403964"}],"wp:featuredmedia":[{"embeddable":true,"href":"https:\/\/bogensportdiscount.ch\/fr\/wp-json\/wp\/v2\/media\/452629"}],"wp:attachment":[{"href":"https:\/\/bogensportdiscount.ch\/fr\/wp-json\/wp\/v2\/media?parent=403964"}],"wp:term":[{"taxonomy":"product_brand","embeddable":true,"href":"https:\/\/bogensportdiscount.ch\/fr\/wp-json\/wp\/v2\/product_brand?post=403964"},{"taxonomy":"product_cat","embeddable":true,"href":"https:\/\/bogensportdiscount.ch\/fr\/wp-json\/wp\/v2\/product_cat?post=403964"},{"taxonomy":"product_tag","embeddable":true,"href":"https:\/\/bogensportdiscount.ch\/fr\/wp-json\/wp\/v2\/product_tag?post=403964"}],"curies":[{"name":"wp","href":"https:\/\/api.w.org\/{rel}","templated":true}]}}