{"id":403908,"date":"2026-04-05T14:50:15","date_gmt":"2026-04-05T12:50:15","guid":{"rendered":"https:\/\/bogensportdiscount.ch\/produkt\/limbs-beginner-hit-black-19-5-54-10-lbs\/"},"modified":"2026-04-17T13:46:30","modified_gmt":"2026-04-17T11:46:30","slug":"core-recurvebogen-wurfarme-beginner-hit-schwarz","status":"publish","type":"product","link":"https:\/\/bogensportdiscount.ch\/fr\/produit\/core-recurvebogen-wurfarme-beginner-hit-schwarz\/","title":{"rendered":"CORE LIMBS BEGINNER HIT BLACK LBS"},"content":{"rendered":"<p>Die CORE Beginner Hit Wurfarme sind speziell f\u00fcr Einsteiger im Recurvebogensport konzipiert. Sie sind in den L\u00e4ngen 19.5&#8243; und 24&#8243; verf\u00fcgbar und decken mit Zuggewichten von 10 bis 40 lbs ein breites Spektrum f\u00fcr Anf\u00e4nger und Fortgeschrittene ab.<\/p>\n<p>Die schwarze Ausf\u00fchrung f\u00fcgt sich optisch in die meisten Recurvebogen-Setups ein. Die grosse Auswahl an L\u00e4ngen- und Zuggewichtskombinationen erm\u00f6glicht eine individuelle Anpassung an den jeweiligen Sch\u00fctzen.<\/p>\n<ul>\n<li>Geeignet f\u00fcr Einsteiger im Recurvebogensport<\/li>\n<li>Verf\u00fcgbar in den L\u00e4ngen 19.5&#8243; und 24&#8243;<\/li>\n<li>Zuggewichte von 10 bis 40 lbs w\u00e4hlbar<\/li>\n<li>Passend f\u00fcr Standard-Recurvebogen-Mittelteile<\/li>\n<\/ul>","protected":false},"excerpt":{"rendered":"<p><strong>Marque :<\/strong> Core<br \/><strong>mat\u00e9riel :<\/strong> Fiber wood<\/p>","protected":false},"featured_media":450550,"comment_status":"open","ping_status":"closed","template":"","meta":[],"product_brand":[423],"product_cat":[4520],"product_tag":[],"class_list":{"0":"post-403908","1":"product","2":"type-product","3":"status-publish","4":"has-post-thumbnail","6":"product_brand-core","7":"product_cat-recurve-wurfarme-recurve-boegen","9":"first","10":"instock","11":"shipping-taxable","12":"purchasable","13":"product-type-variable"},"_links":{"self":[{"href":"https:\/\/bogensportdiscount.ch\/fr\/wp-json\/wp\/v2\/product\/403908","targetHints":{"allow":["GET"]}}],"collection":[{"href":"https:\/\/bogensportdiscount.ch\/fr\/wp-json\/wp\/v2\/product"}],"about":[{"href":"https:\/\/bogensportdiscount.ch\/fr\/wp-json\/wp\/v2\/types\/product"}],"replies":[{"embeddable":true,"href":"https:\/\/bogensportdiscount.ch\/fr\/wp-json\/wp\/v2\/comments?post=403908"}],"wp:featuredmedia":[{"embeddable":true,"href":"https:\/\/bogensportdiscount.ch\/fr\/wp-json\/wp\/v2\/media\/450550"}],"wp:attachment":[{"href":"https:\/\/bogensportdiscount.ch\/fr\/wp-json\/wp\/v2\/media?parent=403908"}],"wp:term":[{"taxonomy":"product_brand","embeddable":true,"href":"https:\/\/bogensportdiscount.ch\/fr\/wp-json\/wp\/v2\/product_brand?post=403908"},{"taxonomy":"product_cat","embeddable":true,"href":"https:\/\/bogensportdiscount.ch\/fr\/wp-json\/wp\/v2\/product_cat?post=403908"},{"taxonomy":"product_tag","embeddable":true,"href":"https:\/\/bogensportdiscount.ch\/fr\/wp-json\/wp\/v2\/product_tag?post=403908"}],"curies":[{"name":"wp","href":"https:\/\/api.w.org\/{rel}","templated":true}]}}