{"id":403885,"date":"2026-04-05T14:50:11","date_gmt":"2026-04-05T12:50:11","guid":{"rendered":"https:\/\/bogensportdiscount.ch\/produkt\/compound-arrow-rest-parts-g-flex-target-launcher-blade-wide\/"},"modified":"2026-04-17T13:46:30","modified_gmt":"2026-04-17T11:46:30","slug":"hamskea-compound-auflage-ersatzteile-g-flex","status":"publish","type":"product","link":"https:\/\/bogensportdiscount.ch\/fr\/produit\/hamskea-compound-auflage-ersatzteile-g-flex\/","title":{"rendered":"HAMSKEA COMPOUND ARROW REST PARTS G-FLEX"},"content":{"rendered":"<p>Die HAMSKEA G-Flex Ersatzteile sind speziell f\u00fcr Compound-Pfeilauflagen der G-Flex Serie konzipiert. Sie erm\u00f6glichen die gezielte Reparatur oder den Austausch von Verschleissteilen, ohne die gesamte Auflage ersetzen zu m\u00fcssen.<\/p>\n<p>HAMSKEA ist bekannt f\u00fcr pr\u00e4zise gefertigte Bogensport-Zubeh\u00f6rteile aus US-amerikanischer Produktion. Die Ersatzteile sind auf die Originalspezifikationen der jeweiligen Auflage abgestimmt.<\/p>\n<ul>\n<li>Passend f\u00fcr HAMSKEA Compound-Auflagen der G-Flex Serie<\/li>\n<li>Fabriqu\u00e9 aux \u00c9tats-Unis<\/li>\n<li>F\u00fcr Wartung und Reparatur geeignet<\/li>\n<\/ul>","protected":false},"excerpt":{"rendered":"<p>Ersatzteile der G-Flex Serie von HAMSKEA f\u00fcr Compound-Pfeilauflagen. Geeignet zur Wartung und Instandhaltung von HAMSKEA Compound-Auflagen. Hergestellt in den USA.<\/p>","protected":false},"featured_media":450539,"comment_status":"open","ping_status":"closed","template":"","meta":[],"product_brand":[465],"product_cat":[4130],"product_tag":[],"class_list":{"0":"post-403885","1":"product","2":"type-product","3":"status-publish","4":"has-post-thumbnail","6":"product_brand-hamskea","7":"product_cat-einzelteile-fuer-compound-pfeilauflage","9":"first","10":"instock","11":"shipping-taxable","12":"purchasable","13":"product-type-variable"},"_links":{"self":[{"href":"https:\/\/bogensportdiscount.ch\/fr\/wp-json\/wp\/v2\/product\/403885","targetHints":{"allow":["GET"]}}],"collection":[{"href":"https:\/\/bogensportdiscount.ch\/fr\/wp-json\/wp\/v2\/product"}],"about":[{"href":"https:\/\/bogensportdiscount.ch\/fr\/wp-json\/wp\/v2\/types\/product"}],"replies":[{"embeddable":true,"href":"https:\/\/bogensportdiscount.ch\/fr\/wp-json\/wp\/v2\/comments?post=403885"}],"wp:featuredmedia":[{"embeddable":true,"href":"https:\/\/bogensportdiscount.ch\/fr\/wp-json\/wp\/v2\/media\/450539"}],"wp:attachment":[{"href":"https:\/\/bogensportdiscount.ch\/fr\/wp-json\/wp\/v2\/media?parent=403885"}],"wp:term":[{"taxonomy":"product_brand","embeddable":true,"href":"https:\/\/bogensportdiscount.ch\/fr\/wp-json\/wp\/v2\/product_brand?post=403885"},{"taxonomy":"product_cat","embeddable":true,"href":"https:\/\/bogensportdiscount.ch\/fr\/wp-json\/wp\/v2\/product_cat?post=403885"},{"taxonomy":"product_tag","embeddable":true,"href":"https:\/\/bogensportdiscount.ch\/fr\/wp-json\/wp\/v2\/product_tag?post=403885"}],"curies":[{"name":"wp","href":"https:\/\/api.w.org\/{rel}","templated":true}]}}