{"id":403838,"date":"2026-04-05T14:50:06","date_gmt":"2026-04-05T12:50:06","guid":{"rendered":"https:\/\/bogensportdiscount.ch\/produkt\/limbs-blackstone-carbon-short-60-25lbs-for-19-risers-matt-black\/"},"modified":"2026-05-14T15:26:11","modified_gmt":"2026-05-14T13:26:11","slug":"sanlida-wurfarme-blackstone-carbon-short-60-25lbs-19-griffe-matt-schwarz","status":"publish","type":"product","link":"https:\/\/bogensportdiscount.ch\/fr\/produit\/sanlida-wurfarme-blackstone-carbon-short-60-25lbs-19-griffe-matt-schwarz\/","title":{"rendered":"SANLIDA BRANCHES BLACKSTONE CARBON pour poign\u00e9es 19&#8243; MAT"},"content":{"rendered":"<p>Les branches SANLIDA Blackstone Carbon sont des branches de recurve d\u00e9montable (take-down) en version courte, pour une longueur d'arc totale de 60 pouces, con\u00e7ues pour des poign\u00e9es de 19 pouces. Elles sont disponibles en une seconde variante de longueur (62 pouces) ainsi qu'en puissances de 25 \u00e0 55 lbs, permettant aux archers de diff\u00e9rents niveaux de force et tailles de trouver la configuration adapt\u00e9e.<\/p>\n<p>La construction en carbone des branches Blackstone r\u00e9duit le poids et influence positivement le comportement aux vibrations. La surface noire mate (Matt Black) est robuste et r\u00e9sistante aux empreintes digitales. Les branches sont compatibles avec les poign\u00e9es courantes de 19 pouces au format de connexion ILF ou propri\u00e9taire SANLIDA.<\/p>\n<ul>\n<li>Construction en carbone pour un faible poids<\/li>\n<li>Version Short pour poign\u00e9es 19&#8243;, longueur totale 60&#8243;<\/li>\n<li>Puissance r\u00e9glable de 25 \u00e0 55 lbs<\/li>\n<li>Surface noire mate<\/li>\n<\/ul>","protected":false},"excerpt":{"rendered":"<table>\n<tr>\n<th>Propri\u00e9t\u00e9<\/th>\n<th>Valeur<\/th>\n<\/tr>\n<tr>\n<td>Marque<\/td>\n<td>Sanlida<\/td>\n<\/tr>\n<tr>\n<td>Pays d'origine<\/td>\n<td>Chine<\/td>\n<\/tr>\n<\/table>","protected":false},"featured_media":450527,"comment_status":"open","ping_status":"closed","template":"","meta":[],"product_brand":[459],"product_cat":[4529],"product_tag":[],"class_list":{"0":"post-403838","1":"product","2":"type-product","3":"status-publish","4":"has-post-thumbnail","6":"product_brand-sanlida","7":"product_cat-traditionelle-boegen-wurfarme","8":"product_shipping_class-bsd-standard","10":"first","11":"instock","12":"shipping-taxable","13":"purchasable","14":"product-type-variable"},"yoast_head":"<!-- This site is optimized with the Yoast SEO plugin v27.6 - https:\/\/yoast.com\/product\/yoast-seo-wordpress\/ -->\n<title>SANLIDA WURFARME BLACKSTONE CARBON pour sections centrales de 19 pouces MAT - Bogensportdiscount \u2013 Arcs, fl\u00e8ches, cibles et accessoires<\/title>\n<meta name=\"description\" content=\"SANLIDA WURFARME BLACKSTONE CARBON pour sections centrales de 19 pouces MATT : achetez-les \u00e0 prix avantageux chez Bogensportdiscount \u2013 Les meilleures marques, livraison rapide depuis la Suisse.\" \/>\n<meta name=\"robots\" content=\"index, follow, max-snippet:-1, max-image-preview:large, max-video-preview:-1\" \/>\n<link rel=\"canonical\" href=\"https:\/\/bogensportdiscount.ch\/fr\/produit\/sanlida-wurfarme-blackstone-carbon-short-60-25lbs-19-griffe-matt-schwarz\/\" \/>\n<meta property=\"og:locale\" content=\"fr_FR\" \/>\n<meta property=\"og:type\" content=\"article\" \/>\n<meta property=\"og:title\" content=\"SANLIDA WURFARME BLACKSTONE CARBON pour sections centrales de 19 pouces MAT - Bogensportdiscount \u2013 Arcs, fl\u00e8ches, cibles et accessoires\" \/>\n<meta property=\"og:description\" content=\"SANLIDA WURFARME BLACKSTONE CARBON pour sections centrales de 19 pouces MATT : achetez-les \u00e0 prix avantageux chez Bogensportdiscount \u2013 Les meilleures marques, livraison rapide depuis la Suisse.\" \/>\n<meta property=\"og:url\" content=\"https:\/\/bogensportdiscount.ch\/fr\/produit\/sanlida-wurfarme-blackstone-carbon-short-60-25lbs-19-griffe-matt-schwarz\/\" \/>\n<meta property=\"og:site_name\" content=\"Bogensportdiscount \u2013 B\u00f6gen, Pfeile, Targets &amp; Zubeh\u00f6r\" \/>\n<meta property=\"article:modified_time\" content=\"2026-05-14T13:26:11+00:00\" \/>\n<meta property=\"og:image\" content=\"https:\/\/bogensportdiscount.ch\/wp-content\/uploads\/bsm-images\/A038390_1.png\" \/>\n\t<meta property=\"og:image:width\" content=\"6744\" \/>\n\t<meta property=\"og:image:height\" content=\"1248\" \/>\n\t<meta property=\"og:image:type\" content=\"image\/png\" \/>\n<meta name=\"twitter:card\" content=\"summary_large_image\" \/>\n<meta name=\"twitter:label1\" content=\"Dur\u00e9e de lecture estim\u00e9e\" \/>\n\t<meta name=\"twitter:data1\" content=\"1 minute\" \/>\n<script type=\"application\/ld+json\" class=\"yoast-schema-graph\">{\"@context\":\"https:\\\/\\\/schema.org\",\"@graph\":[{\"@type\":\"WebPage\",\"@id\":\"https:\\\/\\\/bogensportdiscount.ch\\\/produkt\\\/sanlida-wurfarme-blackstone-carbon-short-60-25lbs-19-griffe-matt-schwarz\\\/\",\"url\":\"https:\\\/\\\/bogensportdiscount.ch\\\/produkt\\\/sanlida-wurfarme-blackstone-carbon-short-60-25lbs-19-griffe-matt-schwarz\\\/\",\"name\":\"SANLIDA WURFARME BLACKSTONE CARBON f\u00fcr 19\\\" Mittelteile MATT - Bogensportdiscount \u2013 B\u00f6gen, Pfeile, Targets &amp; Zubeh\u00f6r\",\"isPartOf\":{\"@id\":\"https:\\\/\\\/bogensportdiscount.ch\\\/#website\"},\"primaryImageOfPage\":{\"@id\":\"https:\\\/\\\/bogensportdiscount.ch\\\/produkt\\\/sanlida-wurfarme-blackstone-carbon-short-60-25lbs-19-griffe-matt-schwarz\\\/#primaryimage\"},\"image\":{\"@id\":\"https:\\\/\\\/bogensportdiscount.ch\\\/produkt\\\/sanlida-wurfarme-blackstone-carbon-short-60-25lbs-19-griffe-matt-schwarz\\\/#primaryimage\"},\"thumbnailUrl\":\"https:\\\/\\\/bogensportdiscount.ch\\\/wp-content\\\/uploads\\\/bsm-images\\\/A038390_1.png\",\"datePublished\":\"2026-04-05T12:50:06+00:00\",\"dateModified\":\"2026-05-14T13:26:11+00:00\",\"description\":\"SANLIDA WURFARME BLACKSTONE CARBON f\u00fcr 19\\\" Mittelteile MATT g\u00fcnstig kaufen bei Bogensportdiscount \u2013 Top-Marken, schneller Versand aus der Schweiz.\",\"breadcrumb\":{\"@id\":\"https:\\\/\\\/bogensportdiscount.ch\\\/produkt\\\/sanlida-wurfarme-blackstone-carbon-short-60-25lbs-19-griffe-matt-schwarz\\\/#breadcrumb\"},\"inLanguage\":\"fr-FR\",\"potentialAction\":[{\"@type\":\"ReadAction\",\"target\":[\"https:\\\/\\\/bogensportdiscount.ch\\\/produkt\\\/sanlida-wurfarme-blackstone-carbon-short-60-25lbs-19-griffe-matt-schwarz\\\/\"]}]},{\"@type\":\"ImageObject\",\"inLanguage\":\"fr-FR\",\"@id\":\"https:\\\/\\\/bogensportdiscount.ch\\\/produkt\\\/sanlida-wurfarme-blackstone-carbon-short-60-25lbs-19-griffe-matt-schwarz\\\/#primaryimage\",\"url\":\"https:\\\/\\\/bogensportdiscount.ch\\\/wp-content\\\/uploads\\\/bsm-images\\\/A038390_1.png\",\"contentUrl\":\"https:\\\/\\\/bogensportdiscount.ch\\\/wp-content\\\/uploads\\\/bsm-images\\\/A038390_1.png\",\"width\":6744,\"height\":1248},{\"@type\":\"BreadcrumbList\",\"@id\":\"https:\\\/\\\/bogensportdiscount.ch\\\/produkt\\\/sanlida-wurfarme-blackstone-carbon-short-60-25lbs-19-griffe-matt-schwarz\\\/#breadcrumb\",\"itemListElement\":[{\"@type\":\"ListItem\",\"position\":1,\"name\":\"Home\",\"item\":\"https:\\\/\\\/bogensportdiscount.ch\\\/\"},{\"@type\":\"ListItem\",\"position\":2,\"name\":\"Shop\",\"item\":\"https:\\\/\\\/bogensportdiscount.ch\\\/shop\\\/\"},{\"@type\":\"ListItem\",\"position\":3,\"name\":\"SANLIDA LIMBS BLACKSTONE CARBON for 19&#8243; risers MATT\"}]},{\"@type\":\"WebSite\",\"@id\":\"https:\\\/\\\/bogensportdiscount.ch\\\/#website\",\"url\":\"https:\\\/\\\/bogensportdiscount.ch\\\/\",\"name\":\"Bogensportdiscount\",\"description\":\"\",\"potentialAction\":[{\"@type\":\"SearchAction\",\"target\":{\"@type\":\"EntryPoint\",\"urlTemplate\":\"https:\\\/\\\/bogensportdiscount.ch\\\/?s={search_term_string}\"},\"query-input\":{\"@type\":\"PropertyValueSpecification\",\"valueRequired\":true,\"valueName\":\"search_term_string\"}}],\"inLanguage\":\"fr-FR\"}]}<\/script>\n<!-- \/ Yoast SEO plugin. -->","yoast_head_json":{"title":"SANLIDA WURFARME BLACKSTONE CARBON pour sections centrales de 19 pouces MAT - Bogensportdiscount \u2013 Arcs, fl\u00e8ches, cibles et accessoires","description":"SANLIDA WURFARME BLACKSTONE CARBON pour sections centrales de 19 pouces MATT : achetez-les \u00e0 prix avantageux chez Bogensportdiscount \u2013 Les meilleures marques, livraison rapide depuis la Suisse.","robots":{"index":"index","follow":"follow","max-snippet":"max-snippet:-1","max-image-preview":"max-image-preview:large","max-video-preview":"max-video-preview:-1"},"canonical":"https:\/\/bogensportdiscount.ch\/fr\/produit\/sanlida-wurfarme-blackstone-carbon-short-60-25lbs-19-griffe-matt-schwarz\/","og_locale":"fr_FR","og_type":"article","og_title":"SANLIDA WURFARME BLACKSTONE CARBON pour sections centrales de 19 pouces MAT - Bogensportdiscount \u2013 Arcs, fl\u00e8ches, cibles et accessoires","og_description":"SANLIDA WURFARME BLACKSTONE CARBON pour sections centrales de 19 pouces MATT : achetez-les \u00e0 prix avantageux chez Bogensportdiscount \u2013 Les meilleures marques, livraison rapide depuis la Suisse.","og_url":"https:\/\/bogensportdiscount.ch\/fr\/produit\/sanlida-wurfarme-blackstone-carbon-short-60-25lbs-19-griffe-matt-schwarz\/","og_site_name":"Bogensportdiscount \u2013 B\u00f6gen, Pfeile, Targets &amp; Zubeh\u00f6r","article_modified_time":"2026-05-14T13:26:11+00:00","og_image":[{"url":"https:\/\/bogensportdiscount.ch\/wp-content\/uploads\/bsm-images\/A038390_1.png","width":6744,"height":1248,"type":"image\/png"}],"twitter_card":"summary_large_image","twitter_misc":{"Dur\u00e9e de lecture estim\u00e9e":"1 minute"},"schema":{"@context":"https:\/\/schema.org","@graph":[{"@type":"WebPage","@id":"https:\/\/bogensportdiscount.ch\/produkt\/sanlida-wurfarme-blackstone-carbon-short-60-25lbs-19-griffe-matt-schwarz\/","url":"https:\/\/bogensportdiscount.ch\/produkt\/sanlida-wurfarme-blackstone-carbon-short-60-25lbs-19-griffe-matt-schwarz\/","name":"SANLIDA WURFARME BLACKSTONE CARBON pour sections centrales de 19 pouces MAT - Bogensportdiscount \u2013 Arcs, fl\u00e8ches, cibles et accessoires","isPartOf":{"@id":"https:\/\/bogensportdiscount.ch\/#website"},"primaryImageOfPage":{"@id":"https:\/\/bogensportdiscount.ch\/produkt\/sanlida-wurfarme-blackstone-carbon-short-60-25lbs-19-griffe-matt-schwarz\/#primaryimage"},"image":{"@id":"https:\/\/bogensportdiscount.ch\/produkt\/sanlida-wurfarme-blackstone-carbon-short-60-25lbs-19-griffe-matt-schwarz\/#primaryimage"},"thumbnailUrl":"https:\/\/bogensportdiscount.ch\/wp-content\/uploads\/bsm-images\/A038390_1.png","datePublished":"2026-04-05T12:50:06+00:00","dateModified":"2026-05-14T13:26:11+00:00","description":"SANLIDA WURFARME BLACKSTONE CARBON pour sections centrales de 19 pouces MATT : achetez-les \u00e0 prix avantageux chez Bogensportdiscount \u2013 Les meilleures marques, livraison rapide depuis la Suisse.","breadcrumb":{"@id":"https:\/\/bogensportdiscount.ch\/produkt\/sanlida-wurfarme-blackstone-carbon-short-60-25lbs-19-griffe-matt-schwarz\/#breadcrumb"},"inLanguage":"fr-FR","potentialAction":[{"@type":"ReadAction","target":["https:\/\/bogensportdiscount.ch\/produkt\/sanlida-wurfarme-blackstone-carbon-short-60-25lbs-19-griffe-matt-schwarz\/"]}]},{"@type":"ImageObject","inLanguage":"fr-FR","@id":"https:\/\/bogensportdiscount.ch\/produkt\/sanlida-wurfarme-blackstone-carbon-short-60-25lbs-19-griffe-matt-schwarz\/#primaryimage","url":"https:\/\/bogensportdiscount.ch\/wp-content\/uploads\/bsm-images\/A038390_1.png","contentUrl":"https:\/\/bogensportdiscount.ch\/wp-content\/uploads\/bsm-images\/A038390_1.png","width":6744,"height":1248},{"@type":"BreadcrumbList","@id":"https:\/\/bogensportdiscount.ch\/produkt\/sanlida-wurfarme-blackstone-carbon-short-60-25lbs-19-griffe-matt-schwarz\/#breadcrumb","itemListElement":[{"@type":"ListItem","position":1,"name":"Home","item":"https:\/\/bogensportdiscount.ch\/"},{"@type":"ListItem","position":2,"name":"Shop","item":"https:\/\/bogensportdiscount.ch\/shop\/"},{"@type":"ListItem","position":3,"name":"SANLIDA LIMBS BLACKSTONE CARBON for 19&#8243; risers MATT"}]},{"@type":"WebSite","@id":"https:\/\/bogensportdiscount.ch\/#website","url":"https:\/\/bogensportdiscount.ch\/","name":"Bogensportdiscount","description":"","potentialAction":[{"@type":"SearchAction","target":{"@type":"EntryPoint","urlTemplate":"https:\/\/bogensportdiscount.ch\/?s={search_term_string}"},"query-input":{"@type":"PropertyValueSpecification","valueRequired":true,"valueName":"search_term_string"}}],"inLanguage":"fr-FR"}]}},"_links":{"self":[{"href":"https:\/\/bogensportdiscount.ch\/fr\/wp-json\/wp\/v2\/product\/403838","targetHints":{"allow":["GET"]}}],"collection":[{"href":"https:\/\/bogensportdiscount.ch\/fr\/wp-json\/wp\/v2\/product"}],"about":[{"href":"https:\/\/bogensportdiscount.ch\/fr\/wp-json\/wp\/v2\/types\/product"}],"replies":[{"embeddable":true,"href":"https:\/\/bogensportdiscount.ch\/fr\/wp-json\/wp\/v2\/comments?post=403838"}],"wp:featuredmedia":[{"embeddable":true,"href":"https:\/\/bogensportdiscount.ch\/fr\/wp-json\/wp\/v2\/media\/450527"}],"wp:attachment":[{"href":"https:\/\/bogensportdiscount.ch\/fr\/wp-json\/wp\/v2\/media?parent=403838"}],"wp:term":[{"taxonomy":"product_brand","embeddable":true,"href":"https:\/\/bogensportdiscount.ch\/fr\/wp-json\/wp\/v2\/product_brand?post=403838"},{"taxonomy":"product_cat","embeddable":true,"href":"https:\/\/bogensportdiscount.ch\/fr\/wp-json\/wp\/v2\/product_cat?post=403838"},{"taxonomy":"product_tag","embeddable":true,"href":"https:\/\/bogensportdiscount.ch\/fr\/wp-json\/wp\/v2\/product_tag?post=403838"}],"curies":[{"name":"wp","href":"https:\/\/api.w.org\/{rel}","templated":true}]}}