{"id":403650,"date":"2026-04-05T14:49:53","date_gmt":"2026-04-05T12:49:53","guid":{"rendered":"https:\/\/bogensportdiscount.ch\/produkt\/peep-sight-parts-podium-peep-clarifier-lens-0-5-gold\/"},"modified":"2026-04-17T13:46:27","modified_gmt":"2026-04-17T11:46:27","slug":"specialty-archery-products-peep-sight-klarlinse-podium-peep-clarifier","status":"publish","type":"product","link":"https:\/\/bogensportdiscount.ch\/fr\/produit\/specialty-archery-products-peep-sight-klarlinse-podium-peep-clarifier\/","title":{"rendered":"SPECIALTYARCHERYPROD PEEP SIGHT PARTS PODIUM PEEP CLARIFIER LENS"},"content":{"rendered":"<p>Die Specialty Archery Products Podium Peep Clarifier Linse ist ein Zubeh\u00f6rteil f\u00fcr das Podium Peep-Sight-System. Clarifier-Linsen werden in das Peep-Sight eingesetzt und sorgen daf\u00fcr, dass das Visier im Zielauge scharf erscheint \u2013 besonders wichtig beim Schiessen mit Vergr\u00f6sserungslinse im Visier.<\/p>\n<p>Die Linse ist in verschiedenen Farben erh\u00e4ltlich (Blau, Gold, Gr\u00fcn, Rot, Gelb), was die individuelle Anpassung an unterschiedliche Lichtverh\u00e4ltnisse und pers\u00f6nliche Pr\u00e4ferenzen erm\u00f6glicht. Das Produkt stammt aus US-amerikanischer Fertigung.<\/p>\n<ul>\n<li>Kompatibel mit dem Podium Peep-Sight-System<\/li>\n<li>Verbessert die Bildsch\u00e4rfe beim Zielen<\/li>\n<li>Erh\u00e4ltlich in 5 Farben<\/li>\n<li>Hersteller: Specialty Archery Products, USA<\/li>\n<\/ul>","protected":false},"excerpt":{"rendered":"<p>Die Podium Peep Clarifier Linse von Specialty Archery Products ist eine Ersatz- bzw. Erg\u00e4nzungslinse f\u00fcr das Podium Peep-Sight-System. Sie verbessert die Zielbild-Klarheit und ist in mehreren Farben erh\u00e4ltlich.<\/p>","protected":false},"featured_media":450506,"comment_status":"open","ping_status":"closed","template":"","meta":[],"product_brand":[815],"product_cat":[4224],"product_tag":[],"class_list":{"0":"post-403650","1":"product","2":"type-product","3":"status-publish","4":"has-post-thumbnail","6":"product_brand-specialtyarcheryprod","7":"product_cat-peep-einsaetze","9":"first","10":"instock","11":"shipping-taxable","12":"purchasable","13":"product-type-variable"},"_links":{"self":[{"href":"https:\/\/bogensportdiscount.ch\/fr\/wp-json\/wp\/v2\/product\/403650","targetHints":{"allow":["GET"]}}],"collection":[{"href":"https:\/\/bogensportdiscount.ch\/fr\/wp-json\/wp\/v2\/product"}],"about":[{"href":"https:\/\/bogensportdiscount.ch\/fr\/wp-json\/wp\/v2\/types\/product"}],"replies":[{"embeddable":true,"href":"https:\/\/bogensportdiscount.ch\/fr\/wp-json\/wp\/v2\/comments?post=403650"}],"wp:featuredmedia":[{"embeddable":true,"href":"https:\/\/bogensportdiscount.ch\/fr\/wp-json\/wp\/v2\/media\/450506"}],"wp:attachment":[{"href":"https:\/\/bogensportdiscount.ch\/fr\/wp-json\/wp\/v2\/media?parent=403650"}],"wp:term":[{"taxonomy":"product_brand","embeddable":true,"href":"https:\/\/bogensportdiscount.ch\/fr\/wp-json\/wp\/v2\/product_brand?post=403650"},{"taxonomy":"product_cat","embeddable":true,"href":"https:\/\/bogensportdiscount.ch\/fr\/wp-json\/wp\/v2\/product_cat?post=403650"},{"taxonomy":"product_tag","embeddable":true,"href":"https:\/\/bogensportdiscount.ch\/fr\/wp-json\/wp\/v2\/product_tag?post=403650"}],"curies":[{"name":"wp","href":"https:\/\/api.w.org\/{rel}","templated":true}]}}