{"id":403620,"date":"2026-04-05T14:49:50","date_gmt":"2026-04-05T12:49:50","guid":{"rendered":"https:\/\/bogensportdiscount.ch\/produkt\/limbs-ilf-t-d-hunting-bows-shade-black-short-60-25lbs-on-a-19-riser\/"},"modified":"2026-05-14T15:26:10","modified_gmt":"2026-05-14T13:26:10","slug":"oakridge-recurve-wurfarme-ilf-td-hunting-bows-shade-black-long-64","status":"publish","type":"product","link":"https:\/\/bogensportdiscount.ch\/fr\/produit\/oakridge-recurve-wurfarme-ilf-td-hunting-bows-shade-black-long-64\/","title":{"rendered":"OAKRIDGE BRANCHES ILF T\/D ARCS DE CHASSE SHADE NOIR sur une poign\u00e9e 19&#8243;"},"content":{"rendered":"<p>Die OAKRIDGE Wurfarme im ILF-System (International Limb Fitting) sind kompatibel mit Standard-ILF-Mittelteilen und erm\u00f6glichen so einen einfachen Austausch oder Wechsel des Zuggewichts. Die Variante Shade Black Long ist auf eine Gesamtbogenl\u00e4nge von 64&#8243; ausgelegt und bietet damit eine klassische L\u00e4nge f\u00fcr den Jagdeinsatz im Take-Down-Bereich.<\/p>\n<p>Die Wurfarme sind in f\u00fcnf Zuggewichten von 35 bis 55 lbs erh\u00e4ltlich und richten sich an Sch\u00fctzen, die einen traditionellen Recurvebogen f\u00fcr die Jagd oder f\u00fcr das traditionelle Bogenschiessen einsetzen m\u00f6chten.<\/p>\n<ul>\n<li>ILF-System: kompatibel mit Standard-ILF-Mittelteilen<\/li>\n<li>Bogenl\u00e4nge: 64&#8243; (Long)<\/li>\n<li>Puissances : 35, 40, 45, 50 et 55 lbs<\/li>\n<li>Ausf\u00fchrung: Shade Black<\/li>\n<\/ul>","protected":false},"excerpt":{"rendered":"<table>\n<tr>\n<th>Propri\u00e9t\u00e9<\/th>\n<th>Valeur<\/th>\n<\/tr>\n<tr>\n<td>Marque<\/td>\n<td>Oak Ridge<\/td>\n<\/tr>\n<tr>\n<td>Pays d'origine<\/td>\n<td>Chine<\/td>\n<\/tr>\n<\/table>","protected":false},"featured_media":450504,"comment_status":"open","ping_status":"closed","template":"","meta":[],"product_brand":[569],"product_cat":[4529],"product_tag":[],"class_list":{"0":"post-403620","1":"product","2":"type-product","3":"status-publish","4":"has-post-thumbnail","6":"product_brand-oakridge","7":"product_cat-traditionelle-boegen-wurfarme","8":"product_shipping_class-bsd-standard","10":"first","11":"instock","12":"shipping-taxable","13":"purchasable","14":"product-type-variable"},"yoast_head":"<!-- This site is optimized with the Yoast SEO plugin v27.6 - https:\/\/yoast.com\/product\/yoast-seo-wordpress\/ -->\n<title>OAKRIDGE WURFARME ILF T\/D JAGDB\u00d6GEN SHADE SCHWARZ auf einem 19&quot; Mittelteil - Bogensportdiscount \u2013 B\u00f6gen, Pfeile, Targets &amp; Zubeh\u00f6r<\/title>\n<meta name=\"description\" content=\"OAKRIDGE WURFARME ILF T\/D JAGDB\u00d6GEN SHADE SCHWARZ auf einem 19&quot; Mittelteil g\u00fcnstig kaufen bei Bogensportdiscount \u2013 Top-Marken, schneller Versand aus der Schweiz.\" \/>\n<meta name=\"robots\" content=\"index, follow, max-snippet:-1, max-image-preview:large, max-video-preview:-1\" \/>\n<link rel=\"canonical\" href=\"https:\/\/bogensportdiscount.ch\/fr\/produit\/oakridge-recurve-wurfarme-ilf-td-hunting-bows-shade-black-long-64\/\" \/>\n<meta property=\"og:locale\" content=\"fr_FR\" \/>\n<meta property=\"og:type\" content=\"article\" \/>\n<meta property=\"og:title\" content=\"OAKRIDGE WURFARME ILF T\/D JAGDB\u00d6GEN SHADE SCHWARZ auf einem 19&quot; Mittelteil - Bogensportdiscount \u2013 B\u00f6gen, Pfeile, Targets &amp; Zubeh\u00f6r\" \/>\n<meta property=\"og:description\" content=\"OAKRIDGE WURFARME ILF T\/D JAGDB\u00d6GEN SHADE SCHWARZ auf einem 19&quot; Mittelteil g\u00fcnstig kaufen bei Bogensportdiscount \u2013 Top-Marken, schneller Versand aus der Schweiz.\" \/>\n<meta property=\"og:url\" content=\"https:\/\/bogensportdiscount.ch\/fr\/produit\/oakridge-recurve-wurfarme-ilf-td-hunting-bows-shade-black-long-64\/\" \/>\n<meta property=\"og:site_name\" content=\"Bogensportdiscount \u2013 B\u00f6gen, Pfeile, Targets &amp; Zubeh\u00f6r\" \/>\n<meta property=\"article:modified_time\" content=\"2026-05-14T13:26:10+00:00\" \/>\n<meta property=\"og:image\" content=\"https:\/\/bogensportdiscount.ch\/wp-content\/uploads\/bsm-images\/A037898_1.png\" \/>\n\t<meta property=\"og:image:width\" content=\"1688\" \/>\n\t<meta property=\"og:image:height\" content=\"1115\" \/>\n\t<meta property=\"og:image:type\" content=\"image\/png\" \/>\n<meta name=\"twitter:card\" content=\"summary_large_image\" \/>\n<script type=\"application\/ld+json\" class=\"yoast-schema-graph\">{\"@context\":\"https:\\\/\\\/schema.org\",\"@graph\":[{\"@type\":\"WebPage\",\"@id\":\"https:\\\/\\\/bogensportdiscount.ch\\\/produkt\\\/oakridge-recurve-wurfarme-ilf-td-hunting-bows-shade-black-long-64\\\/\",\"url\":\"https:\\\/\\\/bogensportdiscount.ch\\\/produkt\\\/oakridge-recurve-wurfarme-ilf-td-hunting-bows-shade-black-long-64\\\/\",\"name\":\"OAKRIDGE WURFARME ILF T\\\/D JAGDB\u00d6GEN SHADE SCHWARZ auf einem 19\\\" Mittelteil - Bogensportdiscount \u2013 B\u00f6gen, Pfeile, Targets &amp; Zubeh\u00f6r\",\"isPartOf\":{\"@id\":\"https:\\\/\\\/bogensportdiscount.ch\\\/#website\"},\"primaryImageOfPage\":{\"@id\":\"https:\\\/\\\/bogensportdiscount.ch\\\/produkt\\\/oakridge-recurve-wurfarme-ilf-td-hunting-bows-shade-black-long-64\\\/#primaryimage\"},\"image\":{\"@id\":\"https:\\\/\\\/bogensportdiscount.ch\\\/produkt\\\/oakridge-recurve-wurfarme-ilf-td-hunting-bows-shade-black-long-64\\\/#primaryimage\"},\"thumbnailUrl\":\"https:\\\/\\\/bogensportdiscount.ch\\\/wp-content\\\/uploads\\\/bsm-images\\\/A037898_1.png\",\"datePublished\":\"2026-04-05T12:49:50+00:00\",\"dateModified\":\"2026-05-14T13:26:10+00:00\",\"description\":\"OAKRIDGE WURFARME ILF T\\\/D JAGDB\u00d6GEN SHADE SCHWARZ auf einem 19\\\" Mittelteil g\u00fcnstig kaufen bei Bogensportdiscount \u2013 Top-Marken, schneller Versand aus der Schweiz.\",\"breadcrumb\":{\"@id\":\"https:\\\/\\\/bogensportdiscount.ch\\\/produkt\\\/oakridge-recurve-wurfarme-ilf-td-hunting-bows-shade-black-long-64\\\/#breadcrumb\"},\"inLanguage\":\"fr-FR\",\"potentialAction\":[{\"@type\":\"ReadAction\",\"target\":[\"https:\\\/\\\/bogensportdiscount.ch\\\/produkt\\\/oakridge-recurve-wurfarme-ilf-td-hunting-bows-shade-black-long-64\\\/\"]}]},{\"@type\":\"ImageObject\",\"inLanguage\":\"fr-FR\",\"@id\":\"https:\\\/\\\/bogensportdiscount.ch\\\/produkt\\\/oakridge-recurve-wurfarme-ilf-td-hunting-bows-shade-black-long-64\\\/#primaryimage\",\"url\":\"https:\\\/\\\/bogensportdiscount.ch\\\/wp-content\\\/uploads\\\/bsm-images\\\/A037898_1.png\",\"contentUrl\":\"https:\\\/\\\/bogensportdiscount.ch\\\/wp-content\\\/uploads\\\/bsm-images\\\/A037898_1.png\",\"width\":1688,\"height\":1115},{\"@type\":\"BreadcrumbList\",\"@id\":\"https:\\\/\\\/bogensportdiscount.ch\\\/produkt\\\/oakridge-recurve-wurfarme-ilf-td-hunting-bows-shade-black-long-64\\\/#breadcrumb\",\"itemListElement\":[{\"@type\":\"ListItem\",\"position\":1,\"name\":\"Home\",\"item\":\"https:\\\/\\\/bogensportdiscount.ch\\\/\"},{\"@type\":\"ListItem\",\"position\":2,\"name\":\"Shop\",\"item\":\"https:\\\/\\\/bogensportdiscount.ch\\\/shop\\\/\"},{\"@type\":\"ListItem\",\"position\":3,\"name\":\"OAKRIDGE LIMBS ILF T\\\/D HUNTING BOWS SHADE BLACK on a 19&#8243; riser\"}]},{\"@type\":\"WebSite\",\"@id\":\"https:\\\/\\\/bogensportdiscount.ch\\\/#website\",\"url\":\"https:\\\/\\\/bogensportdiscount.ch\\\/\",\"name\":\"Bogensportdiscount\",\"description\":\"\",\"potentialAction\":[{\"@type\":\"SearchAction\",\"target\":{\"@type\":\"EntryPoint\",\"urlTemplate\":\"https:\\\/\\\/bogensportdiscount.ch\\\/?s={search_term_string}\"},\"query-input\":{\"@type\":\"PropertyValueSpecification\",\"valueRequired\":true,\"valueName\":\"search_term_string\"}}],\"inLanguage\":\"fr-FR\"}]}<\/script>\n<!-- \/ Yoast SEO plugin. -->","yoast_head_json":{"title":"OAKRIDGE WURFARME ILF T\/D JAGDB\u00d6GEN SHADE SCHWARZ auf einem 19\" Mittelteil - Bogensportdiscount \u2013 B\u00f6gen, Pfeile, Targets &amp; Zubeh\u00f6r","description":"OAKRIDGE WURFARME ILF T\/D JAGDB\u00d6GEN SHADE SCHWARZ auf einem 19\" Mittelteil g\u00fcnstig kaufen bei Bogensportdiscount \u2013 Top-Marken, schneller Versand aus der Schweiz.","robots":{"index":"index","follow":"follow","max-snippet":"max-snippet:-1","max-image-preview":"max-image-preview:large","max-video-preview":"max-video-preview:-1"},"canonical":"https:\/\/bogensportdiscount.ch\/fr\/produit\/oakridge-recurve-wurfarme-ilf-td-hunting-bows-shade-black-long-64\/","og_locale":"fr_FR","og_type":"article","og_title":"OAKRIDGE WURFARME ILF T\/D JAGDB\u00d6GEN SHADE SCHWARZ auf einem 19\" Mittelteil - Bogensportdiscount \u2013 B\u00f6gen, Pfeile, Targets &amp; Zubeh\u00f6r","og_description":"OAKRIDGE WURFARME ILF T\/D JAGDB\u00d6GEN SHADE SCHWARZ auf einem 19\" Mittelteil g\u00fcnstig kaufen bei Bogensportdiscount \u2013 Top-Marken, schneller Versand aus der Schweiz.","og_url":"https:\/\/bogensportdiscount.ch\/fr\/produit\/oakridge-recurve-wurfarme-ilf-td-hunting-bows-shade-black-long-64\/","og_site_name":"Bogensportdiscount \u2013 B\u00f6gen, Pfeile, Targets &amp; Zubeh\u00f6r","article_modified_time":"2026-05-14T13:26:10+00:00","og_image":[{"width":1688,"height":1115,"url":"https:\/\/bogensportdiscount.ch\/wp-content\/uploads\/bsm-images\/A037898_1.png","type":"image\/png"}],"twitter_card":"summary_large_image","schema":{"@context":"https:\/\/schema.org","@graph":[{"@type":"WebPage","@id":"https:\/\/bogensportdiscount.ch\/produkt\/oakridge-recurve-wurfarme-ilf-td-hunting-bows-shade-black-long-64\/","url":"https:\/\/bogensportdiscount.ch\/produkt\/oakridge-recurve-wurfarme-ilf-td-hunting-bows-shade-black-long-64\/","name":"OAKRIDGE WURFARME ILF T\/D JAGDB\u00d6GEN SHADE SCHWARZ auf einem 19\" Mittelteil - Bogensportdiscount \u2013 B\u00f6gen, Pfeile, Targets &amp; Zubeh\u00f6r","isPartOf":{"@id":"https:\/\/bogensportdiscount.ch\/#website"},"primaryImageOfPage":{"@id":"https:\/\/bogensportdiscount.ch\/produkt\/oakridge-recurve-wurfarme-ilf-td-hunting-bows-shade-black-long-64\/#primaryimage"},"image":{"@id":"https:\/\/bogensportdiscount.ch\/produkt\/oakridge-recurve-wurfarme-ilf-td-hunting-bows-shade-black-long-64\/#primaryimage"},"thumbnailUrl":"https:\/\/bogensportdiscount.ch\/wp-content\/uploads\/bsm-images\/A037898_1.png","datePublished":"2026-04-05T12:49:50+00:00","dateModified":"2026-05-14T13:26:10+00:00","description":"OAKRIDGE WURFARME ILF T\/D JAGDB\u00d6GEN SHADE SCHWARZ auf einem 19\" Mittelteil g\u00fcnstig kaufen bei Bogensportdiscount \u2013 Top-Marken, schneller Versand aus der Schweiz.","breadcrumb":{"@id":"https:\/\/bogensportdiscount.ch\/produkt\/oakridge-recurve-wurfarme-ilf-td-hunting-bows-shade-black-long-64\/#breadcrumb"},"inLanguage":"fr-FR","potentialAction":[{"@type":"ReadAction","target":["https:\/\/bogensportdiscount.ch\/produkt\/oakridge-recurve-wurfarme-ilf-td-hunting-bows-shade-black-long-64\/"]}]},{"@type":"ImageObject","inLanguage":"fr-FR","@id":"https:\/\/bogensportdiscount.ch\/produkt\/oakridge-recurve-wurfarme-ilf-td-hunting-bows-shade-black-long-64\/#primaryimage","url":"https:\/\/bogensportdiscount.ch\/wp-content\/uploads\/bsm-images\/A037898_1.png","contentUrl":"https:\/\/bogensportdiscount.ch\/wp-content\/uploads\/bsm-images\/A037898_1.png","width":1688,"height":1115},{"@type":"BreadcrumbList","@id":"https:\/\/bogensportdiscount.ch\/produkt\/oakridge-recurve-wurfarme-ilf-td-hunting-bows-shade-black-long-64\/#breadcrumb","itemListElement":[{"@type":"ListItem","position":1,"name":"Home","item":"https:\/\/bogensportdiscount.ch\/"},{"@type":"ListItem","position":2,"name":"Shop","item":"https:\/\/bogensportdiscount.ch\/shop\/"},{"@type":"ListItem","position":3,"name":"OAKRIDGE LIMBS ILF T\/D HUNTING BOWS SHADE BLACK on a 19&#8243; riser"}]},{"@type":"WebSite","@id":"https:\/\/bogensportdiscount.ch\/#website","url":"https:\/\/bogensportdiscount.ch\/","name":"Bogensportdiscount","description":"","potentialAction":[{"@type":"SearchAction","target":{"@type":"EntryPoint","urlTemplate":"https:\/\/bogensportdiscount.ch\/?s={search_term_string}"},"query-input":{"@type":"PropertyValueSpecification","valueRequired":true,"valueName":"search_term_string"}}],"inLanguage":"fr-FR"}]}},"_links":{"self":[{"href":"https:\/\/bogensportdiscount.ch\/fr\/wp-json\/wp\/v2\/product\/403620","targetHints":{"allow":["GET"]}}],"collection":[{"href":"https:\/\/bogensportdiscount.ch\/fr\/wp-json\/wp\/v2\/product"}],"about":[{"href":"https:\/\/bogensportdiscount.ch\/fr\/wp-json\/wp\/v2\/types\/product"}],"replies":[{"embeddable":true,"href":"https:\/\/bogensportdiscount.ch\/fr\/wp-json\/wp\/v2\/comments?post=403620"}],"wp:featuredmedia":[{"embeddable":true,"href":"https:\/\/bogensportdiscount.ch\/fr\/wp-json\/wp\/v2\/media\/450504"}],"wp:attachment":[{"href":"https:\/\/bogensportdiscount.ch\/fr\/wp-json\/wp\/v2\/media?parent=403620"}],"wp:term":[{"taxonomy":"product_brand","embeddable":true,"href":"https:\/\/bogensportdiscount.ch\/fr\/wp-json\/wp\/v2\/product_brand?post=403620"},{"taxonomy":"product_cat","embeddable":true,"href":"https:\/\/bogensportdiscount.ch\/fr\/wp-json\/wp\/v2\/product_cat?post=403620"},{"taxonomy":"product_tag","embeddable":true,"href":"https:\/\/bogensportdiscount.ch\/fr\/wp-json\/wp\/v2\/product_tag?post=403620"}],"curies":[{"name":"wp","href":"https:\/\/api.w.org\/{rel}","templated":true}]}}