{"id":403419,"date":"2026-04-05T14:49:26","date_gmt":"2026-04-05T12:49:26","guid":{"rendered":"https:\/\/bogensportdiscount.ch\/produkt\/recurve-strings-carrera-99r-66-14-strands-white\/"},"modified":"2026-04-17T13:46:23","modified_gmt":"2026-04-17T11:46:23","slug":"avalon-recurve-sehne-carrera-99r-66-14-strands","status":"publish","type":"product","link":"https:\/\/bogensportdiscount.ch\/fr\/produit\/avalon-recurve-sehne-carrera-99r-66-14-strands\/","title":{"rendered":"AVALON RECURVE STRINGS CARRERA 99R 66\u2033 14 BRINS"},"content":{"rendered":"<p>Die AVALON Carrera 99R ist eine Recurve-Bogensehne, gefertigt aus 14 Str\u00e4ngen f\u00fcr zuverl\u00e4ssige Leistung im Training und Wettkampf. Die Sehnenl\u00e4nge von 66&#8243; macht sie kompatibel mit entsprechenden Recurve-B\u00f6gen dieser Bogenl\u00e4nge.<\/p>\n<p>Die Sehne ist in mehreren Farbkombinationen erh\u00e4ltlich, sodass eine individuelle Anpassung an das eigene Equipment m\u00f6glich ist.<\/p>\n<ul>\n<li>L\u00e4nge: 66&#8243;<\/li>\n<li>14 Str\u00e4nge<\/li>\n<li>F\u00fcr Recurve-B\u00f6gen geeignet<\/li>\n<li>Erh\u00e4ltlich in 5 Farbvarianten<\/li>\n<\/ul>","protected":false},"excerpt":{"rendered":"<p><strong>Marque :<\/strong> Avalon<\/p>","protected":false},"featured_media":450441,"comment_status":"open","ping_status":"closed","template":"","meta":[],"product_brand":[449],"product_cat":[4638],"product_tag":[],"class_list":{"0":"post-403419","1":"product","2":"type-product","3":"status-publish","4":"has-post-thumbnail","6":"product_brand-avalon","7":"product_cat-recurve-strings-sehnen-kabel-bogen-zubehoer","9":"first","10":"instock","11":"shipping-taxable","12":"purchasable","13":"product-type-variable"},"_links":{"self":[{"href":"https:\/\/bogensportdiscount.ch\/fr\/wp-json\/wp\/v2\/product\/403419","targetHints":{"allow":["GET"]}}],"collection":[{"href":"https:\/\/bogensportdiscount.ch\/fr\/wp-json\/wp\/v2\/product"}],"about":[{"href":"https:\/\/bogensportdiscount.ch\/fr\/wp-json\/wp\/v2\/types\/product"}],"replies":[{"embeddable":true,"href":"https:\/\/bogensportdiscount.ch\/fr\/wp-json\/wp\/v2\/comments?post=403419"}],"wp:featuredmedia":[{"embeddable":true,"href":"https:\/\/bogensportdiscount.ch\/fr\/wp-json\/wp\/v2\/media\/450441"}],"wp:attachment":[{"href":"https:\/\/bogensportdiscount.ch\/fr\/wp-json\/wp\/v2\/media?parent=403419"}],"wp:term":[{"taxonomy":"product_brand","embeddable":true,"href":"https:\/\/bogensportdiscount.ch\/fr\/wp-json\/wp\/v2\/product_brand?post=403419"},{"taxonomy":"product_cat","embeddable":true,"href":"https:\/\/bogensportdiscount.ch\/fr\/wp-json\/wp\/v2\/product_cat?post=403419"},{"taxonomy":"product_tag","embeddable":true,"href":"https:\/\/bogensportdiscount.ch\/fr\/wp-json\/wp\/v2\/product_tag?post=403419"}],"curies":[{"name":"wp","href":"https:\/\/api.w.org\/{rel}","templated":true}]}}