{"id":403357,"date":"2026-04-05T14:49:19","date_gmt":"2026-04-05T12:49:19","guid":{"rendered":"https:\/\/bogensportdiscount.ch\/produkt\/radik-rotating-mod-10-50lbs-17-28-rh-pink-splash\/"},"modified":"2026-04-17T13:46:22","modified_gmt":"2026-04-17T11:46:22","slug":"mission-compound-bogen-radik-rotating-mod-10-50-lbs-17-28-rh","status":"publish","type":"product","link":"https:\/\/bogensportdiscount.ch\/fr\/produit\/mission-compound-bogen-radik-rotating-mod-10-50-lbs-17-28-rh\/","title":{"rendered":"MISSION RADIK ROTATING MOD 10-50LBS 17\u2033-28\u2033 RH"},"content":{"rendered":"<p>Der MISSION Radik ist ein vielseitiger Compound-Bogen aus der Kategorie der B\u00f6gen unter 35&#8243;, der sich dank seines rotierenden Moduls (Rotating Mod) an eine breite Palette von Sch\u00fctzen anpassen l\u00e4sst. Das Zuggewicht ist stufenlos zwischen 10 und 50 lbs einstellbar, die Zugl\u00e4nge reicht von 17&#8243; bis 28&#8243; \u2013 beides ohne Bogenpresse anpassbar.<\/p>\n<p>Durch den grossen Einstellbereich eignet sich der Radik besonders f\u00fcr Einsteiger, wachsende Nachwuchssch\u00fctzen sowie f\u00fcr den Einsatz in Therapie und Training. Die Rechtsh\u00e4nder-Ausf\u00fchrung (RH) ist in vier Farbvarianten erh\u00e4ltlich: Black, Green, Orange und Pink.<\/p>\n<ul>\n<li>Rotating Mod: Zuggewicht 10\u201350 lbs und Zugl\u00e4nge 17&#8243;\u201328&#8243; flexibel einstellbar<\/li>\n<li>Kompakte Bauform, geeignet f\u00fcr B\u00f6gen unter 35&#8243;<\/li>\n<li>Rechtsh\u00e4nder-Ausf\u00fchrung (RH)<\/li>\n<li>Erh\u00e4ltlich in vier Farben: Black, Green, Orange, Pink<\/li>\n<\/ul>","protected":false},"excerpt":{"rendered":"<p><strong>Marque :<\/strong> Mission<br \/><strong>Axle-to-axle (inch):<\/strong> 28<br \/><strong>Brace height (inch):<\/strong> 6,125<br \/><strong>Module:<\/strong> Rotating mod<br \/><strong>mat\u00e9riel :<\/strong> Aluminum<\/p>","protected":false},"featured_media":452623,"comment_status":"open","ping_status":"closed","template":"","meta":[],"product_brand":[610],"product_cat":[4524],"product_tag":[],"class_list":{"0":"post-403357","1":"product","2":"type-product","3":"status-publish","4":"has-post-thumbnail","6":"product_brand-mission","7":"product_cat-jagdboegen-compound-boegen-boegen","9":"first","10":"instock","11":"shipping-taxable","12":"purchasable","13":"product-type-variable"},"_links":{"self":[{"href":"https:\/\/bogensportdiscount.ch\/fr\/wp-json\/wp\/v2\/product\/403357","targetHints":{"allow":["GET"]}}],"collection":[{"href":"https:\/\/bogensportdiscount.ch\/fr\/wp-json\/wp\/v2\/product"}],"about":[{"href":"https:\/\/bogensportdiscount.ch\/fr\/wp-json\/wp\/v2\/types\/product"}],"replies":[{"embeddable":true,"href":"https:\/\/bogensportdiscount.ch\/fr\/wp-json\/wp\/v2\/comments?post=403357"}],"wp:featuredmedia":[{"embeddable":true,"href":"https:\/\/bogensportdiscount.ch\/fr\/wp-json\/wp\/v2\/media\/452623"}],"wp:attachment":[{"href":"https:\/\/bogensportdiscount.ch\/fr\/wp-json\/wp\/v2\/media?parent=403357"}],"wp:term":[{"taxonomy":"product_brand","embeddable":true,"href":"https:\/\/bogensportdiscount.ch\/fr\/wp-json\/wp\/v2\/product_brand?post=403357"},{"taxonomy":"product_cat","embeddable":true,"href":"https:\/\/bogensportdiscount.ch\/fr\/wp-json\/wp\/v2\/product_cat?post=403357"},{"taxonomy":"product_tag","embeddable":true,"href":"https:\/\/bogensportdiscount.ch\/fr\/wp-json\/wp\/v2\/product_tag?post=403357"}],"curies":[{"name":"wp","href":"https:\/\/api.w.org\/{rel}","templated":true}]}}