{"id":403348,"date":"2026-04-05T14:49:18","date_gmt":"2026-04-05T12:49:18","guid":{"rendered":"https:\/\/bogensportdiscount.ch\/produkt\/static-rotating-mod-25-40lbs-18-32-rh-black\/"},"modified":"2026-04-17T13:46:22","modified_gmt":"2026-04-17T11:46:22","slug":"kinetic-compound-bogen-static-rotating-mod","status":"publish","type":"product","link":"https:\/\/bogensportdiscount.ch\/fr\/produit\/kinetic-compound-bogen-static-rotating-mod\/","title":{"rendered":"MODE DE ROTATION STATIQUE CIN\u00c9TIQUE"},"content":{"rendered":"<p>Der Kinetic Static Rotating Mod ist ein Compoundbogen mit einer Axle-to-Axle-L\u00e4nge von 36 Zoll und geh\u00f6rt damit in die Kategorie der gr\u00f6sseren Compoundb\u00f6gen ab 35 Zoll. Der Bogen verf\u00fcgt \u00fcber ein Rotating-Mod-System, das eine einfache Anpassung der Auszugsl\u00e4nge erm\u00f6glicht, sowie \u00fcber einen Let-Off von 70 Prozent.<\/p>\n<p>Der Rahmen besteht aus Aluminium. Das Zuggewicht ist in drei Bereichen erh\u00e4ltlich: 25\u201340 lbs, 35\u201350 lbs und 45\u201360 lbs, wodurch der Bogen f\u00fcr unterschiedliche Schiessst\u00e4rken geeignet ist. Er ist in f\u00fcnf Farben verf\u00fcgbar: Schwarz, Blau, Gr\u00fcn, Rot und Weiss.<\/p>\n<ul>\n<li>Axle-to-Axle: 36 Zoll<\/li>\n<li>Brace Height: 7,5 Zoll<\/li>\n<li>Rotating Mod f\u00fcr flexible Auszugsl\u00e4ngenanpassung<\/li>\n<li>Aluminium-Rahmen in f\u00fcnf Farbvarianten<\/li>\n<\/ul>","protected":false},"excerpt":{"rendered":"<table>\n<tr>\n<th>Propri\u00e9t\u00e9<\/th>\n<th>Valeur<\/th>\n<\/tr>\n<tr>\n<td>Axle-to-Axle<\/td>\n<td>36 Zoll<\/td>\n<\/tr>\n<tr>\n<td>Brace Height<\/td>\n<td>7,5 Zoll<\/td>\n<\/tr>\n<tr>\n<td>Modul<\/td>\n<td>Rotating Mod<\/td>\n<\/tr>\n<tr>\n<td>Let-Off<\/td>\n<td>70 %<\/td>\n<\/tr>\n<tr>\n<td>Mat\u00e9riau<\/td>\n<td>Aluminium<\/td>\n<\/tr>\n<tr>\n<td>Poids de traction<\/td>\n<td>25\u201340 lbs \/ 35\u201350 lbs \/ 45\u201360 lbs<\/td>\n<\/tr>\n<tr>\n<td>Couleur<\/td>\n<td>Black, Blue, Green, Red, White<\/td>\n<\/tr>\n<\/table>","protected":false},"featured_media":450417,"comment_status":"open","ping_status":"closed","template":"","meta":[],"product_brand":[439],"product_cat":[4523],"product_tag":[],"class_list":{"0":"post-403348","1":"product","2":"type-product","3":"status-publish","4":"has-post-thumbnail","6":"product_brand-kinetic","7":"product_cat-compound-bows--35-compound-boegen","9":"first","10":"instock","11":"shipping-taxable","12":"purchasable","13":"product-type-variable"},"_links":{"self":[{"href":"https:\/\/bogensportdiscount.ch\/fr\/wp-json\/wp\/v2\/product\/403348","targetHints":{"allow":["GET"]}}],"collection":[{"href":"https:\/\/bogensportdiscount.ch\/fr\/wp-json\/wp\/v2\/product"}],"about":[{"href":"https:\/\/bogensportdiscount.ch\/fr\/wp-json\/wp\/v2\/types\/product"}],"replies":[{"embeddable":true,"href":"https:\/\/bogensportdiscount.ch\/fr\/wp-json\/wp\/v2\/comments?post=403348"}],"wp:featuredmedia":[{"embeddable":true,"href":"https:\/\/bogensportdiscount.ch\/fr\/wp-json\/wp\/v2\/media\/450417"}],"wp:attachment":[{"href":"https:\/\/bogensportdiscount.ch\/fr\/wp-json\/wp\/v2\/media?parent=403348"}],"wp:term":[{"taxonomy":"product_brand","embeddable":true,"href":"https:\/\/bogensportdiscount.ch\/fr\/wp-json\/wp\/v2\/product_brand?post=403348"},{"taxonomy":"product_cat","embeddable":true,"href":"https:\/\/bogensportdiscount.ch\/fr\/wp-json\/wp\/v2\/product_cat?post=403348"},{"taxonomy":"product_tag","embeddable":true,"href":"https:\/\/bogensportdiscount.ch\/fr\/wp-json\/wp\/v2\/product_tag?post=403348"}],"curies":[{"name":"wp","href":"https:\/\/api.w.org\/{rel}","templated":true}]}}