{"id":403333,"date":"2026-04-05T14:49:17","date_gmt":"2026-04-05T12:49:17","guid":{"rendered":"https:\/\/bogensportdiscount.ch\/produkt\/vanes-4-american-flag-100-pk\/"},"modified":"2026-04-17T13:46:22","modified_gmt":"2026-04-17T11:46:22","slug":"bohning-vanes-4-zoll-rot-100er-pack","status":"publish","type":"product","link":"https:\/\/bogensportdiscount.ch\/fr\/produit\/bohning-vanes-4-zoll-rot-100er-pack\/","title":{"rendered":"BOHNING VANES 4\u2033 100\/PK"},"content":{"rendered":"<p>Die Bohning Vanes 4&#8243; sind Kunststoffbefiederungen f\u00fcr Pfeile und werden f\u00fcr die Eigenbefiederung von Pfeilsch\u00e4ften verwendet. Mit einer L\u00e4nge von 4 Zoll bieten sie eine solide Steuerungsfl\u00e4che f\u00fcr eine stabile Pfeilf\u00fchrung.<\/p>\n<p>Das Paket enth\u00e4lt 100 Vanes in Rot und ist damit gut f\u00fcr den regelm\u00e4ssigen Bedarf beim Befiederungsprojekt geeignet. Bohning ist ein amerikanischer Hersteller mit langj\u00e4hriger Erfahrung im Bereich Befiederungsmaterial und Pfeilzubeh\u00f6r.<\/p>\n<ul>\n<li>Gr\u00f6sse: 4 Zoll<\/li>\n<li>Packungsinhalt: 100 St\u00fcck<\/li>\n<li>Herstellungsland: USA<\/li>\n<li>Erh\u00e4ltlich in verschiedenen Farben<\/li>\n<\/ul>","protected":false},"excerpt":{"rendered":"<p>Bohning Vanes in der Gr\u00f6sse 4 Zoll, erh\u00e4ltlich in Rot und weiteren Farben. Das Paket enth\u00e4lt 100 St\u00fcck und eignet sich f\u00fcr die Befiederung von Pfeilen im Sport- und Jagdbogensport.<\/p>","protected":false},"featured_media":450410,"comment_status":"open","ping_status":"closed","template":"","meta":[],"product_brand":[444],"product_cat":[4552],"product_tag":[],"class_list":{"0":"post-403333","1":"product","2":"type-product","3":"status-publish","4":"has-post-thumbnail","6":"product_brand-bohning","7":"product_cat-plastik-vanes-vanes-nocks-wraps","9":"first","10":"instock","11":"shipping-taxable","12":"purchasable","13":"product-type-variable"},"_links":{"self":[{"href":"https:\/\/bogensportdiscount.ch\/fr\/wp-json\/wp\/v2\/product\/403333","targetHints":{"allow":["GET"]}}],"collection":[{"href":"https:\/\/bogensportdiscount.ch\/fr\/wp-json\/wp\/v2\/product"}],"about":[{"href":"https:\/\/bogensportdiscount.ch\/fr\/wp-json\/wp\/v2\/types\/product"}],"replies":[{"embeddable":true,"href":"https:\/\/bogensportdiscount.ch\/fr\/wp-json\/wp\/v2\/comments?post=403333"}],"wp:featuredmedia":[{"embeddable":true,"href":"https:\/\/bogensportdiscount.ch\/fr\/wp-json\/wp\/v2\/media\/450410"}],"wp:attachment":[{"href":"https:\/\/bogensportdiscount.ch\/fr\/wp-json\/wp\/v2\/media?parent=403333"}],"wp:term":[{"taxonomy":"product_brand","embeddable":true,"href":"https:\/\/bogensportdiscount.ch\/fr\/wp-json\/wp\/v2\/product_brand?post=403333"},{"taxonomy":"product_cat","embeddable":true,"href":"https:\/\/bogensportdiscount.ch\/fr\/wp-json\/wp\/v2\/product_cat?post=403333"},{"taxonomy":"product_tag","embeddable":true,"href":"https:\/\/bogensportdiscount.ch\/fr\/wp-json\/wp\/v2\/product_tag?post=403333"}],"curies":[{"name":"wp","href":"https:\/\/api.w.org\/{rel}","templated":true}]}}