{"id":403122,"date":"2026-04-05T14:48:57","date_gmt":"2026-04-05T12:48:57","guid":{"rendered":"https:\/\/bogensportdiscount.ch\/produkt\/arrow-recreation-7mm-25lbs-max-28-with-point-25-pk\/"},"modified":"2026-04-17T13:46:20","modified_gmt":"2026-04-17T11:46:20","slug":"core-pfeil-recreation-7mm-max-25-lbs","status":"publish","type":"product","link":"https:\/\/bogensportdiscount.ch\/fr\/produit\/core-pfeil-recreation-7mm-max-25-lbs\/","title":{"rendered":"CORE ARROW RECREATION 7mm - 25lbs MAX 25\/PK"},"content":{"rendered":"<p>Der CORE Arrow Recreation 7mm ist ein unkomplizierter Freizeitpfeil f\u00fcr den Einsatz mit schw\u00e4cheren B\u00f6gen bis 25 lbs Zuggewicht. Dank des 7-mm-Schaftdurchmessers bietet er eine solide Grundlage f\u00fcr den Einsteiger- und Freizeitbetrieb.<\/p>\n<p>Der Pfeil ist in drei L\u00e4ngen erh\u00e4ltlich (28&#8243;, 30&#8243;, 32&#8243;), sodass er an unterschiedliche K\u00f6rpergr\u00f6ssen und Zugweiten angepasst werden kann.<\/p>\n<ul>\n<li>Schaftdurchmesser: 7 mm<\/li>\n<li>Maximales Zuggewicht: 25 lbs<\/li>\n<li>Verf\u00fcgbare L\u00e4ngen: 28&#8243;, 30&#8243;, 32&#8243;<\/li>\n<li>Geeignet f\u00fcr Freizeit und Einsteiger<\/li>\n<\/ul>","protected":false},"excerpt":{"rendered":"<p><strong>Marque :<\/strong> Core<\/p>","protected":false},"featured_media":450375,"comment_status":"open","ping_status":"closed","template":"","meta":[],"product_brand":[423],"product_cat":[4387],"product_tag":[],"class_list":{"0":"post-403122","1":"product","2":"type-product","3":"status-publish","4":"has-post-thumbnail","6":"product_brand-core","7":"product_cat-befiederte-glass-fieber-pfeile","9":"first","10":"instock","11":"shipping-taxable","12":"purchasable","13":"product-type-variable"},"_links":{"self":[{"href":"https:\/\/bogensportdiscount.ch\/fr\/wp-json\/wp\/v2\/product\/403122","targetHints":{"allow":["GET"]}}],"collection":[{"href":"https:\/\/bogensportdiscount.ch\/fr\/wp-json\/wp\/v2\/product"}],"about":[{"href":"https:\/\/bogensportdiscount.ch\/fr\/wp-json\/wp\/v2\/types\/product"}],"replies":[{"embeddable":true,"href":"https:\/\/bogensportdiscount.ch\/fr\/wp-json\/wp\/v2\/comments?post=403122"}],"wp:featuredmedia":[{"embeddable":true,"href":"https:\/\/bogensportdiscount.ch\/fr\/wp-json\/wp\/v2\/media\/450375"}],"wp:attachment":[{"href":"https:\/\/bogensportdiscount.ch\/fr\/wp-json\/wp\/v2\/media?parent=403122"}],"wp:term":[{"taxonomy":"product_brand","embeddable":true,"href":"https:\/\/bogensportdiscount.ch\/fr\/wp-json\/wp\/v2\/product_brand?post=403122"},{"taxonomy":"product_cat","embeddable":true,"href":"https:\/\/bogensportdiscount.ch\/fr\/wp-json\/wp\/v2\/product_cat?post=403122"},{"taxonomy":"product_tag","embeddable":true,"href":"https:\/\/bogensportdiscount.ch\/fr\/wp-json\/wp\/v2\/product_tag?post=403122"}],"curies":[{"name":"wp","href":"https:\/\/api.w.org\/{rel}","templated":true}]}}