{"id":403077,"date":"2026-04-05T14:48:53","date_gmt":"2026-04-05T12:48:53","guid":{"rendered":"https:\/\/bogensportdiscount.ch\/produkt\/tab-parts-saker-ii-cordovan-leather-rh-x-small\/"},"modified":"2026-05-14T15:26:08","modified_gmt":"2026-05-14T13:26:08","slug":"fivics-tab-ersatzleder-saker-ii-cordovan","status":"publish","type":"product","link":"https:\/\/bogensportdiscount.ch\/fr\/produit\/fivics-tab-ersatzleder-saker-ii-cordovan\/","title":{"rendered":"FIVICS TAB PARTS SAKER II CORDOVAN LEATHER"},"content":{"rendered":"<p>Le cuir de remplacement FIVICS Saker II en cuir Cordovan est une pi\u00e8ce de rechange pour la palette FIVICS Saker II. Le cuir Cordovan se distingue par sa densit\u00e9 et sa souplesse, ce qui favorise un d\u00e9cochage r\u00e9gulier et silencieux de la fl\u00e8che.<\/p>\n<p>Le cuir de remplacement est disponible dans les tailles S, M, L et XL ainsi que pour la main gauche et droite, ce qui le rend adapt\u00e9 \u00e0 la plupart des tireurs et tireuses. Il permet le remplacement cibl\u00e9 de la partie en cuir us\u00e9e sans avoir \u00e0 remplacer l'ensemble de la palette.<\/p>\n<ul>\n<li>Cuir Cordovan de haute qualit\u00e9 en provenance de Cor\u00e9e du Sud<\/li>\n<li>Compatible avec la palette FIVICS Saker II<\/li>\n<li>Disponible pour gaucher et droitier<\/li>\n<li>Tailles S, M, L et XL disponibles<\/li>\n<\/ul>","protected":false},"excerpt":{"rendered":"<table>\n<tr>\n<th>Propri\u00e9t\u00e9<\/th>\n<th>Valeur<\/th>\n<\/tr>\n<tr>\n<td>Marque<\/td>\n<td>FIVICS<\/td>\n<\/tr>\n<tr>\n<td>Mod\u00e8le<\/td>\n<td>Saker II<\/td>\n<\/tr>\n<tr>\n<td>Mat\u00e9riau<\/td>\n<td>Cordovan-Leder<\/td>\n<\/tr>\n<tr>\n<td>Origine<\/td>\n<td>Cor\u00e9e du Sud<\/td>\n<\/tr>\n<tr>\n<td>Main<\/td>\n<td>Main gauche (LH), Main droite (RH)<\/td>\n<\/tr>\n<tr>\n<td>TAILLE<\/td>\n<td>S, M, L, XL<\/td>\n<\/tr>\n<\/table>","protected":false},"featured_media":450367,"comment_status":"open","ping_status":"closed","template":"","meta":[],"product_brand":[429],"product_cat":[4252],"product_tag":[],"class_list":{"0":"post-403077","1":"product","2":"type-product","3":"status-publish","4":"has-post-thumbnail","6":"product_brand-fivics","7":"product_cat-einzelteile-fuer-finger-tabs","8":"product_shipping_class-bsd-standard","10":"first","11":"instock","12":"shipping-taxable","13":"purchasable","14":"product-type-variable"},"yoast_head":"<!-- This site is optimized with the Yoast SEO plugin v27.6 - https:\/\/yoast.com\/product\/yoast-seo-wordpress\/ -->\n<title>FIVICS TAB PARTS SAKER II CORDOVAN LEATHER - Bogensportdiscount \u2013 B\u00f6gen, Pfeile, Targets &amp; Zubeh\u00f6r<\/title>\n<meta name=\"description\" content=\"FIVICS TAB PARTS SAKER II CORDOVAN LEATHER g\u00fcnstig kaufen bei Bogensportdiscount \u2013 Top-Marken, schneller Versand aus der Schweiz.\" \/>\n<meta name=\"robots\" content=\"index, follow, max-snippet:-1, max-image-preview:large, max-video-preview:-1\" \/>\n<link rel=\"canonical\" href=\"https:\/\/bogensportdiscount.ch\/fr\/produit\/fivics-tab-ersatzleder-saker-ii-cordovan\/\" \/>\n<meta property=\"og:locale\" content=\"fr_FR\" \/>\n<meta property=\"og:type\" content=\"article\" \/>\n<meta property=\"og:title\" content=\"FIVICS TAB PARTS SAKER II CORDOVAN LEATHER - Bogensportdiscount \u2013 B\u00f6gen, Pfeile, Targets &amp; Zubeh\u00f6r\" \/>\n<meta property=\"og:description\" content=\"FIVICS TAB PARTS SAKER II CORDOVAN LEATHER g\u00fcnstig kaufen bei Bogensportdiscount \u2013 Top-Marken, schneller Versand aus der Schweiz.\" \/>\n<meta property=\"og:url\" content=\"https:\/\/bogensportdiscount.ch\/fr\/produit\/fivics-tab-ersatzleder-saker-ii-cordovan\/\" \/>\n<meta property=\"og:site_name\" content=\"Bogensportdiscount \u2013 B\u00f6gen, Pfeile, Targets &amp; Zubeh\u00f6r\" \/>\n<meta property=\"article:modified_time\" content=\"2026-05-14T13:26:08+00:00\" \/>\n<meta property=\"og:image\" content=\"https:\/\/bogensportdiscount.ch\/wp-content\/uploads\/bsm-images\/A034434_1.png\" \/>\n\t<meta property=\"og:image:width\" content=\"1772\" \/>\n\t<meta property=\"og:image:height\" content=\"1181\" \/>\n\t<meta property=\"og:image:type\" content=\"image\/png\" \/>\n<meta name=\"twitter:card\" content=\"summary_large_image\" \/>\n<meta name=\"twitter:label1\" content=\"Dur\u00e9e de lecture estim\u00e9e\" \/>\n\t<meta name=\"twitter:data1\" content=\"1 minute\" \/>\n<script type=\"application\/ld+json\" class=\"yoast-schema-graph\">{\"@context\":\"https:\\\/\\\/schema.org\",\"@graph\":[{\"@type\":\"WebPage\",\"@id\":\"https:\\\/\\\/bogensportdiscount.ch\\\/produkt\\\/fivics-tab-ersatzleder-saker-ii-cordovan\\\/\",\"url\":\"https:\\\/\\\/bogensportdiscount.ch\\\/produkt\\\/fivics-tab-ersatzleder-saker-ii-cordovan\\\/\",\"name\":\"FIVICS TAB PARTS SAKER II CORDOVAN LEATHER - Bogensportdiscount \u2013 B\u00f6gen, Pfeile, Targets &amp; Zubeh\u00f6r\",\"isPartOf\":{\"@id\":\"https:\\\/\\\/bogensportdiscount.ch\\\/#website\"},\"primaryImageOfPage\":{\"@id\":\"https:\\\/\\\/bogensportdiscount.ch\\\/produkt\\\/fivics-tab-ersatzleder-saker-ii-cordovan\\\/#primaryimage\"},\"image\":{\"@id\":\"https:\\\/\\\/bogensportdiscount.ch\\\/produkt\\\/fivics-tab-ersatzleder-saker-ii-cordovan\\\/#primaryimage\"},\"thumbnailUrl\":\"https:\\\/\\\/bogensportdiscount.ch\\\/wp-content\\\/uploads\\\/bsm-images\\\/A034434_1.png\",\"datePublished\":\"2026-04-05T12:48:53+00:00\",\"dateModified\":\"2026-05-14T13:26:08+00:00\",\"description\":\"FIVICS TAB PARTS SAKER II CORDOVAN LEATHER g\u00fcnstig kaufen bei Bogensportdiscount \u2013 Top-Marken, schneller Versand aus der Schweiz.\",\"breadcrumb\":{\"@id\":\"https:\\\/\\\/bogensportdiscount.ch\\\/produkt\\\/fivics-tab-ersatzleder-saker-ii-cordovan\\\/#breadcrumb\"},\"inLanguage\":\"fr-FR\",\"potentialAction\":[{\"@type\":\"ReadAction\",\"target\":[\"https:\\\/\\\/bogensportdiscount.ch\\\/produkt\\\/fivics-tab-ersatzleder-saker-ii-cordovan\\\/\"]}]},{\"@type\":\"ImageObject\",\"inLanguage\":\"fr-FR\",\"@id\":\"https:\\\/\\\/bogensportdiscount.ch\\\/produkt\\\/fivics-tab-ersatzleder-saker-ii-cordovan\\\/#primaryimage\",\"url\":\"https:\\\/\\\/bogensportdiscount.ch\\\/wp-content\\\/uploads\\\/bsm-images\\\/A034434_1.png\",\"contentUrl\":\"https:\\\/\\\/bogensportdiscount.ch\\\/wp-content\\\/uploads\\\/bsm-images\\\/A034434_1.png\",\"width\":1772,\"height\":1181},{\"@type\":\"BreadcrumbList\",\"@id\":\"https:\\\/\\\/bogensportdiscount.ch\\\/produkt\\\/fivics-tab-ersatzleder-saker-ii-cordovan\\\/#breadcrumb\",\"itemListElement\":[{\"@type\":\"ListItem\",\"position\":1,\"name\":\"Home\",\"item\":\"https:\\\/\\\/bogensportdiscount.ch\\\/\"},{\"@type\":\"ListItem\",\"position\":2,\"name\":\"Shop\",\"item\":\"https:\\\/\\\/bogensportdiscount.ch\\\/shop\\\/\"},{\"@type\":\"ListItem\",\"position\":3,\"name\":\"FIVICS TAB PARTS SAKER II CORDOVAN LEATHER\"}]},{\"@type\":\"WebSite\",\"@id\":\"https:\\\/\\\/bogensportdiscount.ch\\\/#website\",\"url\":\"https:\\\/\\\/bogensportdiscount.ch\\\/\",\"name\":\"Bogensportdiscount\",\"description\":\"\",\"potentialAction\":[{\"@type\":\"SearchAction\",\"target\":{\"@type\":\"EntryPoint\",\"urlTemplate\":\"https:\\\/\\\/bogensportdiscount.ch\\\/?s={search_term_string}\"},\"query-input\":{\"@type\":\"PropertyValueSpecification\",\"valueRequired\":true,\"valueName\":\"search_term_string\"}}],\"inLanguage\":\"fr-FR\"}]}<\/script>\n<!-- \/ Yoast SEO plugin. -->","yoast_head_json":{"title":"FIVICS TAB PARTS SAKER II CORDOVAN LEATHER - Bogensportdiscount \u2013 B\u00f6gen, Pfeile, Targets &amp; Zubeh\u00f6r","description":"FIVICS TAB PARTS SAKER II CORDOVAN LEATHER g\u00fcnstig kaufen bei Bogensportdiscount \u2013 Top-Marken, schneller Versand aus der Schweiz.","robots":{"index":"index","follow":"follow","max-snippet":"max-snippet:-1","max-image-preview":"max-image-preview:large","max-video-preview":"max-video-preview:-1"},"canonical":"https:\/\/bogensportdiscount.ch\/fr\/produit\/fivics-tab-ersatzleder-saker-ii-cordovan\/","og_locale":"fr_FR","og_type":"article","og_title":"FIVICS TAB PARTS SAKER II CORDOVAN LEATHER - Bogensportdiscount \u2013 B\u00f6gen, Pfeile, Targets &amp; Zubeh\u00f6r","og_description":"FIVICS TAB PARTS SAKER II CORDOVAN LEATHER g\u00fcnstig kaufen bei Bogensportdiscount \u2013 Top-Marken, schneller Versand aus der Schweiz.","og_url":"https:\/\/bogensportdiscount.ch\/fr\/produit\/fivics-tab-ersatzleder-saker-ii-cordovan\/","og_site_name":"Bogensportdiscount \u2013 B\u00f6gen, Pfeile, Targets &amp; Zubeh\u00f6r","article_modified_time":"2026-05-14T13:26:08+00:00","og_image":[{"width":1772,"height":1181,"url":"https:\/\/bogensportdiscount.ch\/wp-content\/uploads\/bsm-images\/A034434_1.png","type":"image\/png"}],"twitter_card":"summary_large_image","twitter_misc":{"Dur\u00e9e de lecture estim\u00e9e":"1 minute"},"schema":{"@context":"https:\/\/schema.org","@graph":[{"@type":"WebPage","@id":"https:\/\/bogensportdiscount.ch\/produkt\/fivics-tab-ersatzleder-saker-ii-cordovan\/","url":"https:\/\/bogensportdiscount.ch\/produkt\/fivics-tab-ersatzleder-saker-ii-cordovan\/","name":"FIVICS TAB PARTS SAKER II CORDOVAN LEATHER - Bogensportdiscount \u2013 B\u00f6gen, Pfeile, Targets &amp; Zubeh\u00f6r","isPartOf":{"@id":"https:\/\/bogensportdiscount.ch\/#website"},"primaryImageOfPage":{"@id":"https:\/\/bogensportdiscount.ch\/produkt\/fivics-tab-ersatzleder-saker-ii-cordovan\/#primaryimage"},"image":{"@id":"https:\/\/bogensportdiscount.ch\/produkt\/fivics-tab-ersatzleder-saker-ii-cordovan\/#primaryimage"},"thumbnailUrl":"https:\/\/bogensportdiscount.ch\/wp-content\/uploads\/bsm-images\/A034434_1.png","datePublished":"2026-04-05T12:48:53+00:00","dateModified":"2026-05-14T13:26:08+00:00","description":"FIVICS TAB PARTS SAKER II CORDOVAN LEATHER g\u00fcnstig kaufen bei Bogensportdiscount \u2013 Top-Marken, schneller Versand aus der Schweiz.","breadcrumb":{"@id":"https:\/\/bogensportdiscount.ch\/produkt\/fivics-tab-ersatzleder-saker-ii-cordovan\/#breadcrumb"},"inLanguage":"fr-FR","potentialAction":[{"@type":"ReadAction","target":["https:\/\/bogensportdiscount.ch\/produkt\/fivics-tab-ersatzleder-saker-ii-cordovan\/"]}]},{"@type":"ImageObject","inLanguage":"fr-FR","@id":"https:\/\/bogensportdiscount.ch\/produkt\/fivics-tab-ersatzleder-saker-ii-cordovan\/#primaryimage","url":"https:\/\/bogensportdiscount.ch\/wp-content\/uploads\/bsm-images\/A034434_1.png","contentUrl":"https:\/\/bogensportdiscount.ch\/wp-content\/uploads\/bsm-images\/A034434_1.png","width":1772,"height":1181},{"@type":"BreadcrumbList","@id":"https:\/\/bogensportdiscount.ch\/produkt\/fivics-tab-ersatzleder-saker-ii-cordovan\/#breadcrumb","itemListElement":[{"@type":"ListItem","position":1,"name":"Home","item":"https:\/\/bogensportdiscount.ch\/"},{"@type":"ListItem","position":2,"name":"Shop","item":"https:\/\/bogensportdiscount.ch\/shop\/"},{"@type":"ListItem","position":3,"name":"FIVICS TAB PARTS SAKER II CORDOVAN LEATHER"}]},{"@type":"WebSite","@id":"https:\/\/bogensportdiscount.ch\/#website","url":"https:\/\/bogensportdiscount.ch\/","name":"Bogensportdiscount","description":"","potentialAction":[{"@type":"SearchAction","target":{"@type":"EntryPoint","urlTemplate":"https:\/\/bogensportdiscount.ch\/?s={search_term_string}"},"query-input":{"@type":"PropertyValueSpecification","valueRequired":true,"valueName":"search_term_string"}}],"inLanguage":"fr-FR"}]}},"_links":{"self":[{"href":"https:\/\/bogensportdiscount.ch\/fr\/wp-json\/wp\/v2\/product\/403077","targetHints":{"allow":["GET"]}}],"collection":[{"href":"https:\/\/bogensportdiscount.ch\/fr\/wp-json\/wp\/v2\/product"}],"about":[{"href":"https:\/\/bogensportdiscount.ch\/fr\/wp-json\/wp\/v2\/types\/product"}],"replies":[{"embeddable":true,"href":"https:\/\/bogensportdiscount.ch\/fr\/wp-json\/wp\/v2\/comments?post=403077"}],"wp:featuredmedia":[{"embeddable":true,"href":"https:\/\/bogensportdiscount.ch\/fr\/wp-json\/wp\/v2\/media\/450367"}],"wp:attachment":[{"href":"https:\/\/bogensportdiscount.ch\/fr\/wp-json\/wp\/v2\/media?parent=403077"}],"wp:term":[{"taxonomy":"product_brand","embeddable":true,"href":"https:\/\/bogensportdiscount.ch\/fr\/wp-json\/wp\/v2\/product_brand?post=403077"},{"taxonomy":"product_cat","embeddable":true,"href":"https:\/\/bogensportdiscount.ch\/fr\/wp-json\/wp\/v2\/product_cat?post=403077"},{"taxonomy":"product_tag","embeddable":true,"href":"https:\/\/bogensportdiscount.ch\/fr\/wp-json\/wp\/v2\/product_tag?post=403077"}],"curies":[{"name":"wp","href":"https:\/\/api.w.org\/{rel}","templated":true}]}}